{"id":1022,"date":"2021-01-18T15:09:34","date_gmt":"2021-01-18T14:09:34","guid":{"rendered":"http:\/\/antidotejeux.fr\/?page_id=1022"},"modified":"2021-01-18T15:21:27","modified_gmt":"2021-01-18T14:21:27","slug":"esquisse","status":"publish","type":"page","link":"https:\/\/antidotejeux.fr\/index.php\/esquisse\/","title":{"rendered":"Esquiss\u00e9"},"content":{"rendered":"\n<p class=\"has-text-color\" id=\"esquisse\" style=\"color:#1e3d59\">Esquiss\u00e9 c&rsquo;est le jeu du t\u00e9l\u00e9phone arabe mais transform\u00e9 en dessin. Vous piochez un mot, que vous devez dessiner et vous passez votre carnet \u00e0 votre voisin. Celui-ci regarde uniquement votre dessin (et pas le mot) et doit deviner ce que vous avez dessin\u00e9; il \u00e9crit le mot ou l&rsquo;expression qu&rsquo;il pense que vous avez dessin\u00e9 puis le passe \u00e0 son voisin. Ce voisin va devoir regarder le mot et \u00e0 son tour dessiner,  etc<\/p>\n\n\n\n<p class=\"has-text-color\" style=\"color:#1e3d59\">A la fin, est-ce que vous retrouverez le mot d&rsquo;origine ou celui-ci aura \u00e9t\u00e9 transform\u00e9 au cours des dessins et interpr\u00e9tations des autres joueurs?<\/p>\n\n\n\n<p class=\"has-text-color\" style=\"color:#1e3d59\">Tr\u00e8s facile \u00e0 mettre en place et surtout tr\u00e8s dr\u00f4le! Surtout quand il y a des mauvais dessinateurs autour de la table<\/p>\n\n\n\n<p class=\"has-text-color\" style=\"color:#1e3d59\">Un apercu ici de ce jeu: <a href=\"https:\/\/www.youtube.com\/watch?v=tk5NTVtTI8g&amp;feature=emb_title\">Video<\/a><\/p>\n\n\n\n<figure class=\"wp-block-table is-style-stripes\"><table class=\"has-subtle-light-gray-background-color has-background\"><tbody><tr><td>Age<\/td><td>A partir de 8 ans<\/td><\/tr><tr><td>Nombre de joueurs<\/td><td>4 \u00e0 8 joueurs<\/td><\/tr><tr><td>Dur\u00e9e d&rsquo;une partie<\/td><td>30 minutes<\/td><\/tr><\/tbody><\/table><\/figure>\n\n\n\n<div class=\"wp-block-buttons is-layout-flex wp-block-buttons-is-layout-flex\">\n<div class=\"wp-block-button is-style-outline is-style-outline--1\"><a class=\"wp-block-button__link has-text-color has-background\" href=\"https:\/\/antidotejeux.fr\/index.php\/demande-de-location\/#loc\" style=\"background-color:#ffc13b;color:#1e3d59\" target=\"_blank\" rel=\"noreferrer noopener\">Louer<\/a><\/div>\n<\/div>\n","protected":false},"excerpt":{"rendered":"<p>Esquiss\u00e9 c&rsquo;est le jeu du t\u00e9l\u00e9phone arabe mais transform\u00e9 en dessin. Vous piochez un mot, que vous devez dessiner et vous passez votre carnet \u00e0 votre voisin. Celui-ci regarde uniquement votre dessin (et pas le mot) et doit deviner ce<\/p>\n","protected":false},"author":1,"featured_media":0,"parent":0,"menu_order":0,"comment_status":"closed","ping_status":"closed","template":"","meta":{"footnotes":""},"class_list":["post-1022","page","type-page","status-publish","hentry"],"_links":{"self":[{"href":"https:\/\/antidotejeux.fr\/index.php\/wp-json\/wp\/v2\/pages\/1022","targetHints":{"allow":["GET"]}}],"collection":[{"href":"https:\/\/antidotejeux.fr\/index.php\/wp-json\/wp\/v2\/pages"}],"about":[{"href":"https:\/\/antidotejeux.fr\/index.php\/wp-json\/wp\/v2\/types\/page"}],"author":[{"embeddable":true,"href":"https:\/\/antidotejeux.fr\/index.php\/wp-json\/wp\/v2\/users\/1"}],"replies":[{"embeddable":true,"href":"https:\/\/antidotejeux.fr\/index.php\/wp-json\/wp\/v2\/comments?post=1022"}],"version-history":[{"count":2,"href":"https:\/\/antidotejeux.fr\/index.php\/wp-json\/wp\/v2\/pages\/1022\/revisions"}],"predecessor-version":[{"id":1026,"href":"https:\/\/antidotejeux.fr\/index.php\/wp-json\/wp\/v2\/pages\/1022\/revisions\/1026"}],"wp:attachment":[{"href":"https:\/\/antidotejeux.fr\/index.php\/wp-json\/wp\/v2\/media?parent=1022"}],"curies":[{"name":"wp","href":"https:\/\/api.w.org\/{rel}","templated":true}]}}