{"id":136,"date":"2014-05-31T18:10:29","date_gmt":"2014-05-31T18:10:29","guid":{"rendered":"http:\/\/demo.themegrill.com\/accelerate\/?page_id=136"},"modified":"2021-01-18T15:22:08","modified_gmt":"2021-01-18T14:22:08","slug":"famille","status":"publish","type":"page","link":"https:\/\/antidotejeux.fr\/index.php\/famille\/","title":{"rendered":"Jeux pour jouer en famille ou entre amis"},"content":{"rendered":"\n<p class=\"has-text-color\" style=\"color:#1e3d59\">Des jeux qui plaisent \u00e0 tous et auxquels on peut jouer avec plusieurs g\u00e9n\u00e9rations.<\/p>\n\n\n\n<p class=\"has-text-color\" style=\"color:#1e3d59\">Cliquez sur chacun des jeux pour en savoir plus. Pour le louer, cliquez sur le bouton location; vous pourrez alors remplir un formulaire indiquant le nom du jeu, la date \u00e0 laquelle vous souhaitez le louer et la dur\u00e9e. Vous recevrez une r\u00e9ponse rapide.<\/p>\n\n\n\n<p><\/p>\n\n\n\n<div class=\"wp-block-media-text alignwide is-stacked-on-mobile\"><figure class=\"wp-block-media-text__media\"><a href=\"https:\/\/antidotejeux.fr\/index.php\/famille\/le-saboteur-et-son-extension\/#saboteur\"><img loading=\"lazy\" decoding=\"async\" width=\"768\" height=\"512\" src=\"https:\/\/antidotejeux.fr\/wp-content\/uploads\/2020\/11\/saboteur.jpg\" alt=\"\" class=\"wp-image-482\" srcset=\"https:\/\/antidotejeux.fr\/wp-content\/uploads\/2020\/11\/saboteur.jpg 768w, https:\/\/antidotejeux.fr\/wp-content\/uploads\/2020\/11\/saboteur-300x200.jpg 300w\" sizes=\"auto, (max-width: 768px) 100vw, 768px\" \/><\/a><\/figure><div class=\"wp-block-media-text__content\">\n<p class=\"has-large-font-size\"><a href=\"https:\/\/antidotejeux.fr\/index.php\/famille\/le-saboteur-et-son-extension\/#saboteur\">Le saboteur (et son extension)<\/a><\/p>\n<\/div><\/div>\n\n\n\n<div class=\"wp-block-media-text alignwide is-stacked-on-mobile\"><figure class=\"wp-block-media-text__media\"><a href=\"https:\/\/antidotejeux.fr\/index.php\/famille\/deblock\/#deblock\"><img loading=\"lazy\" decoding=\"async\" width=\"756\" height=\"616\" src=\"https:\/\/antidotejeux.fr\/wp-content\/uploads\/2020\/11\/deblok.png\" alt=\"\" class=\"wp-image-619\" srcset=\"https:\/\/antidotejeux.fr\/wp-content\/uploads\/2020\/11\/deblok.png 756w, https:\/\/antidotejeux.fr\/wp-content\/uploads\/2020\/11\/deblok-300x244.png 300w\" sizes=\"auto, (max-width: 756px) 100vw, 756px\" \/><\/a><\/figure><div class=\"wp-block-media-text__content\">\n<p class=\"has-large-font-size\"><a href=\"https:\/\/antidotejeux.fr\/index.php\/famille\/deblock\/#deblock\">Deblock<\/a><\/p>\n<\/div><\/div>\n\n\n\n<div class=\"wp-block-media-text alignwide is-stacked-on-mobile\"><figure class=\"wp-block-media-text__media\"><a href=\"https:\/\/antidotejeux.fr\/index.php\/famille\/dobble\/#dob\"><img loading=\"lazy\" decoding=\"async\" width=\"768\" height=\"512\" src=\"https:\/\/antidotejeux.fr\/wp-content\/uploads\/2020\/11\/dobble.jpg\" alt=\"\" class=\"wp-image-647\" srcset=\"https:\/\/antidotejeux.fr\/wp-content\/uploads\/2020\/11\/dobble.jpg 768w, https:\/\/antidotejeux.fr\/wp-content\/uploads\/2020\/11\/dobble-300x200.jpg 300w\" sizes=\"auto, (max-width: 768px) 100vw, 768px\" \/><\/a><\/figure><div class=\"wp-block-media-text__content\">\n<p class=\"has-large-font-size\"><a href=\"https:\/\/antidotejeux.fr\/index.php\/famille\/dobble\/#dob\">Dobble<\/a><\/p>\n<\/div><\/div>\n\n\n\n<div class=\"wp-block-media-text alignwide is-stacked-on-mobile\"><figure class=\"wp-block-media-text__media\"><img loading=\"lazy\" decoding=\"async\" width=\"768\" height=\"512\" src=\"https:\/\/antidotejeux.fr\/wp-content\/uploads\/2020\/11\/salade-de-cafards.jpg\" alt=\"\" class=\"wp-image-687\" srcset=\"https:\/\/antidotejeux.fr\/wp-content\/uploads\/2020\/11\/salade-de-cafards.jpg 768w, https:\/\/antidotejeux.fr\/wp-content\/uploads\/2020\/11\/salade-de-cafards-300x200.jpg 300w\" sizes=\"auto, (max-width: 768px) 100vw, 768px\" \/><\/figure><div class=\"wp-block-media-text__content\">\n<p class=\"has-large-font-size\"><a href=\"https:\/\/antidotejeux.fr\/index.php\/ambiance\/salade-de-cafards\/#caf\">Salade de cafards<\/a><\/p>\n<\/div><\/div>\n\n\n\n<div class=\"wp-block-media-text alignwide is-stacked-on-mobile\"><figure class=\"wp-block-media-text__media\"><a href=\"https:\/\/antidotejeux.fr\/index.php\/famille\/dixit\/#dix\"><img loading=\"lazy\" decoding=\"async\" width=\"768\" height=\"512\" src=\"https:\/\/antidotejeux.fr\/wp-content\/uploads\/2020\/11\/dixit.jpg\" alt=\"\" class=\"wp-image-645\" srcset=\"https:\/\/antidotejeux.fr\/wp-content\/uploads\/2020\/11\/dixit.jpg 768w, https:\/\/antidotejeux.fr\/wp-content\/uploads\/2020\/11\/dixit-300x200.jpg 300w\" sizes=\"auto, (max-width: 768px) 100vw, 768px\" \/><\/a><\/figure><div class=\"wp-block-media-text__content\">\n<p class=\"has-large-font-size\"><a href=\"https:\/\/antidotejeux.fr\/index.php\/famille\/dixit\/#dix\">Dixit<\/a><\/p>\n<\/div><\/div>\n\n\n\n<div class=\"wp-block-media-text alignwide is-stacked-on-mobile\"><figure class=\"wp-block-media-text__media\"><a href=\"https:\/\/antidotejeux.fr\/index.php\/famille\/sushi-go\/#sush\"><img loading=\"lazy\" decoding=\"async\" width=\"768\" height=\"512\" src=\"https:\/\/antidotejeux.fr\/wp-content\/uploads\/2020\/11\/sushi-go.jpg\" alt=\"\" class=\"wp-image-660\" srcset=\"https:\/\/antidotejeux.fr\/wp-content\/uploads\/2020\/11\/sushi-go.jpg 768w, https:\/\/antidotejeux.fr\/wp-content\/uploads\/2020\/11\/sushi-go-300x200.jpg 300w\" sizes=\"auto, (max-width: 768px) 100vw, 768px\" \/><\/a><\/figure><div class=\"wp-block-media-text__content\">\n<p class=\"has-large-font-size\"><a href=\"https:\/\/antidotejeux.fr\/index.php\/famille\/sushi-go\/#sush\">Sushi go<\/a><\/p>\n<\/div><\/div>\n\n\n\n<div class=\"wp-block-media-text alignwide is-stacked-on-mobile\"><figure class=\"wp-block-media-text__media\"><a href=\"https:\/\/antidotejeux.fr\/index.php\/famille\/panic-lab\/#panic\"><img loading=\"lazy\" decoding=\"async\" width=\"768\" height=\"512\" src=\"https:\/\/antidotejeux.fr\/wp-content\/uploads\/2020\/11\/panic-lab.jpg\" alt=\"\" class=\"wp-image-632\" srcset=\"https:\/\/antidotejeux.fr\/wp-content\/uploads\/2020\/11\/panic-lab.jpg 768w, https:\/\/antidotejeux.fr\/wp-content\/uploads\/2020\/11\/panic-lab-300x200.jpg 300w\" sizes=\"auto, (max-width: 768px) 100vw, 768px\" \/><\/a><\/figure><div class=\"wp-block-media-text__content\">\n<p class=\"has-large-font-size\"><a href=\"https:\/\/antidotejeux.fr\/index.php\/famille\/panic-lab\/#panic\">Panic Lab<\/a><\/p>\n<\/div><\/div>\n\n\n\n<div class=\"wp-block-media-text alignwide is-stacked-on-mobile\"><figure class=\"wp-block-media-text__media\"><a href=\"https:\/\/antidotejeux.fr\/index.php\/famille\/non-merci\/#non\"><img loading=\"lazy\" decoding=\"async\" width=\"764\" height=\"509\" src=\"https:\/\/antidotejeux.fr\/wp-content\/uploads\/2020\/11\/non-merci.jpg\" alt=\"\" class=\"wp-image-612\" srcset=\"https:\/\/antidotejeux.fr\/wp-content\/uploads\/2020\/11\/non-merci.jpg 764w, https:\/\/antidotejeux.fr\/wp-content\/uploads\/2020\/11\/non-merci-300x200.jpg 300w\" sizes=\"auto, (max-width: 764px) 100vw, 764px\" \/><\/a><\/figure><div class=\"wp-block-media-text__content\">\n<p class=\"has-large-font-size\"><a href=\"https:\/\/antidotejeux.fr\/index.php\/famille\/non-merci\/#non\">Non merci<\/a><\/p>\n<\/div><\/div>\n\n\n\n<div class=\"wp-block-media-text alignwide is-stacked-on-mobile\"><figure class=\"wp-block-media-text__media\"><a href=\"https:\/\/antidotejeux.fr\/index.php\/famille\/le-roi-des-nains\/#roi\"><img loading=\"lazy\" decoding=\"async\" width=\"768\" height=\"512\" src=\"https:\/\/antidotejeux.fr\/wp-content\/uploads\/2020\/11\/roi-des-nains.jpg\" alt=\"\" class=\"wp-image-652\" srcset=\"https:\/\/antidotejeux.fr\/wp-content\/uploads\/2020\/11\/roi-des-nains.jpg 768w, https:\/\/antidotejeux.fr\/wp-content\/uploads\/2020\/11\/roi-des-nains-300x200.jpg 300w\" sizes=\"auto, (max-width: 768px) 100vw, 768px\" \/><\/a><\/figure><div class=\"wp-block-media-text__content\">\n<p class=\"has-large-font-size\"><a href=\"https:\/\/antidotejeux.fr\/index.php\/famille\/le-roi-des-nains\/#roi\">Le roi des nains<\/a><\/p>\n<\/div><\/div>\n\n\n\n<div class=\"wp-block-media-text alignwide is-stacked-on-mobile\"><figure class=\"wp-block-media-text__media\"><img loading=\"lazy\" decoding=\"async\" width=\"768\" height=\"512\" src=\"https:\/\/antidotejeux.fr\/wp-content\/uploads\/2020\/12\/perudo.jpg\" alt=\"\" class=\"wp-image-816\" srcset=\"https:\/\/antidotejeux.fr\/wp-content\/uploads\/2020\/12\/perudo.jpg 768w, https:\/\/antidotejeux.fr\/wp-content\/uploads\/2020\/12\/perudo-300x200.jpg 300w\" sizes=\"auto, (max-width: 768px) 100vw, 768px\" \/><\/figure><div class=\"wp-block-media-text__content\">\n<p class=\"has-large-font-size\"><a href=\"https:\/\/antidotejeux.fr\/index.php\/famille\/perudo\/#perudo\">Perudo<\/a><\/p>\n<\/div><\/div>\n\n\n\n<div class=\"wp-block-media-text alignwide is-stacked-on-mobile\"><figure class=\"wp-block-media-text__media\"><a href=\"https:\/\/antidotejeux.fr\/index.php\/famille\/twin-it\/#twin\"><img loading=\"lazy\" decoding=\"async\" width=\"764\" height=\"509\" src=\"https:\/\/antidotejeux.fr\/wp-content\/uploads\/2020\/11\/twin-it.jpg\" alt=\"\" class=\"wp-image-630\" srcset=\"https:\/\/antidotejeux.fr\/wp-content\/uploads\/2020\/11\/twin-it.jpg 764w, https:\/\/antidotejeux.fr\/wp-content\/uploads\/2020\/11\/twin-it-300x200.jpg 300w\" sizes=\"auto, (max-width: 764px) 100vw, 764px\" \/><\/a><\/figure><div class=\"wp-block-media-text__content\">\n<p class=\"has-large-font-size\"><a href=\"https:\/\/antidotejeux.fr\/index.php\/famille\/twin-it\/#twin\" target=\"_blank\" rel=\"noreferrer noopener\">Twin it<\/a><\/p>\n<\/div><\/div>\n\n\n\n<div class=\"wp-block-media-text alignwide is-stacked-on-mobile\"><figure class=\"wp-block-media-text__media\"><\/figure><div class=\"wp-block-media-text__content\">\n<p class=\"has-large-font-size\"><a href=\"https:\/\/antidotejeux.fr\/index.php\/famille\/when-i-dream\/#when\">When I dream<\/a><\/p>\n<\/div><\/div>\n\n\n\n<div class=\"wp-block-media-text alignwide is-stacked-on-mobile\"><figure class=\"wp-block-media-text__media\"><\/figure><div class=\"wp-block-media-text__content\">\n<p class=\"has-large-font-size\"><a href=\"https:\/\/antidotejeux.fr\/index.php\/coop-escape-game\/magic-maze\/#maze\">Magic Maze<\/a><\/p>\n<\/div><\/div>\n\n\n\n<div class=\"wp-block-media-text alignwide is-stacked-on-mobile\"><figure class=\"wp-block-media-text__media\"><\/figure><div class=\"wp-block-media-text__content\">\n<p class=\"has-large-font-size\"><a href=\"https:\/\/antidotejeux.fr\/index.php\/coop-escape-game\/mysterium\/#mysterium\">Mysterium<\/a><\/p>\n<\/div><\/div>\n\n\n\n<div class=\"wp-block-media-text alignwide is-stacked-on-mobile\"><figure class=\"wp-block-media-text__media\"><img loading=\"lazy\" decoding=\"async\" width=\"768\" height=\"512\" src=\"https:\/\/antidotejeux.fr\/wp-content\/uploads\/2020\/11\/petite-mort.jpg\" alt=\"\" class=\"wp-image-488\" srcset=\"https:\/\/antidotejeux.fr\/wp-content\/uploads\/2020\/11\/petite-mort.jpg 768w, https:\/\/antidotejeux.fr\/wp-content\/uploads\/2020\/11\/petite-mort-300x200.jpg 300w\" sizes=\"auto, (max-width: 768px) 100vw, 768px\" \/><\/figure><div class=\"wp-block-media-text__content\">\n<p class=\"has-large-font-size\"><a href=\"https:\/\/antidotejeux.fr\/index.php\/jeux-deux\/la-petite-mort\/#mort\">La petite mort<\/a><\/p>\n<\/div><\/div>\n\n\n\n<div class=\"wp-block-media-text alignwide is-stacked-on-mobile\"><figure class=\"wp-block-media-text__media\"><\/figure><div class=\"wp-block-media-text__content\">\n<p class=\"has-large-font-size\"><a href=\"https:\/\/antidotejeux.fr\/index.php\/nice-support\/munchkin\/#munchkin\">Munchkin<\/a><\/p>\n<\/div><\/div>\n\n\n\n<div class=\"wp-block-media-text alignwide is-stacked-on-mobile\"><figure class=\"wp-block-media-text__media\"><\/figure><div class=\"wp-block-media-text__content\">\n<p class=\"has-large-font-size\"><a href=\"https:\/\/antidotejeux.fr\/index.php\/nice-support\/garden-party\/#garden\">Garden party<\/a><\/p>\n<\/div><\/div>\n\n\n\n<div class=\"wp-block-media-text alignwide is-stacked-on-mobile\"><figure class=\"wp-block-media-text__media\"><\/figure><div class=\"wp-block-media-text__content\">\n<p class=\"has-large-font-size\"><a href=\"https:\/\/antidotejeux.fr\/index.php\/esquisse\/#esquisse\">Esquiss\u00e9<\/a><\/p>\n<\/div><\/div>\n","protected":false},"excerpt":{"rendered":"<p>Des jeux qui plaisent \u00e0 tous et auxquels on peut jouer avec plusieurs g\u00e9n\u00e9rations. Cliquez sur chacun des jeux pour en savoir plus. Pour le louer, cliquez sur le bouton location; vous pourrez alors remplir un formulaire indiquant le nom<\/p>\n","protected":false},"author":1,"featured_media":0,"parent":0,"menu_order":0,"comment_status":"closed","ping_status":"closed","template":"","meta":{"footnotes":""},"class_list":["post-136","page","type-page","status-publish","hentry"],"_links":{"self":[{"href":"https:\/\/antidotejeux.fr\/index.php\/wp-json\/wp\/v2\/pages\/136","targetHints":{"allow":["GET"]}}],"collection":[{"href":"https:\/\/antidotejeux.fr\/index.php\/wp-json\/wp\/v2\/pages"}],"about":[{"href":"https:\/\/antidotejeux.fr\/index.php\/wp-json\/wp\/v2\/types\/page"}],"author":[{"embeddable":true,"href":"https:\/\/antidotejeux.fr\/index.php\/wp-json\/wp\/v2\/users\/1"}],"replies":[{"embeddable":true,"href":"https:\/\/antidotejeux.fr\/index.php\/wp-json\/wp\/v2\/comments?post=136"}],"version-history":[{"count":32,"href":"https:\/\/antidotejeux.fr\/index.php\/wp-json\/wp\/v2\/pages\/136\/revisions"}],"predecessor-version":[{"id":1027,"href":"https:\/\/antidotejeux.fr\/index.php\/wp-json\/wp\/v2\/pages\/136\/revisions\/1027"}],"wp:attachment":[{"href":"https:\/\/antidotejeux.fr\/index.php\/wp-json\/wp\/v2\/media?parent=136"}],"curies":[{"name":"wp","href":"https:\/\/api.w.org\/{rel}","templated":true}]}}