{"id":265,"date":"2014-04-26T17:07:49","date_gmt":"2014-04-26T17:07:49","guid":{"rendered":"http:\/\/demo.themegrill.com\/accelerate\/?page_id=18"},"modified":"2021-01-18T12:17:23","modified_gmt":"2021-01-18T11:17:23","slug":"jeux-deux","status":"publish","type":"page","link":"https:\/\/antidotejeux.fr\/index.php\/jeux-deux\/","title":{"rendered":"Jeux pour deux personnes"},"content":{"rendered":"\n<p class=\"has-text-color\" id=\"deux\" style=\"color:#1e3d59\">Pas besoin d&rsquo;\u00eatre nombreux pour jouer, m\u00eame pour deux joueurs on trouve de bons jeux (\u00e0 noter, tous les jeux list\u00e9s ici peuvent \u00eatre jou\u00e9s \u00e0 deux joueurs. Certains sont exclusivement pour 2 joueurs mais d&rsquo;autres peuvent \u00eatre jou\u00e9s \u00e9galement avec plus de joueurs).<\/p>\n\n\n\n<p class=\"has-text-color\" style=\"color:#1e3d59\">Cliquez sur chacun des jeux pour en savoir plus. Pour le louer, cliquez sur le bouton location; vous pourrez alors remplir un formulaire indiquant le nom du jeu, la date \u00e0 laquelle vous souhaitez le louer et la dur\u00e9e. Vous recevrez une r\u00e9ponse rapide. <\/p>\n\n\n\n<div class=\"wp-block-media-text alignwide is-stacked-on-mobile\"><figure class=\"wp-block-media-text__media\"><a href=\"https:\/\/antidotejeux.fr\/index.php\/jeux-deux\/schotten-totten\/#schotten\"><img loading=\"lazy\" decoding=\"async\" width=\"768\" height=\"512\" src=\"https:\/\/antidotejeux.fr\/wp-content\/uploads\/2020\/11\/schotten-totten.jpg\" alt=\"\" class=\"wp-image-491\" srcset=\"https:\/\/antidotejeux.fr\/wp-content\/uploads\/2020\/11\/schotten-totten.jpg 768w, https:\/\/antidotejeux.fr\/wp-content\/uploads\/2020\/11\/schotten-totten-300x200.jpg 300w\" sizes=\"auto, (max-width: 768px) 100vw, 768px\" \/><\/a><\/figure><div class=\"wp-block-media-text__content\">\n<p class=\"has-text-color has-large-font-size\" style=\"color:#1e3d59\"><a href=\"https:\/\/antidotejeux.fr\/index.php\/jeux-deux\/schotten-totten\/#schotten\">Schotten Totten (uniquement pour 2 joueurs)<\/a><\/p>\n<\/div><\/div>\n\n\n\n<div class=\"wp-block-media-text alignwide is-stacked-on-mobile\"><figure class=\"wp-block-media-text__media\"><a href=\"https:\/\/antidotejeux.fr\/index.php\/jeux-deux\/little-big-fish\/#fish\"><img loading=\"lazy\" decoding=\"async\" width=\"768\" height=\"512\" src=\"https:\/\/antidotejeux.fr\/wp-content\/uploads\/2020\/11\/little-big-fish.jpg\" alt=\"\" class=\"wp-image-311\" srcset=\"https:\/\/antidotejeux.fr\/wp-content\/uploads\/2020\/11\/little-big-fish.jpg 768w, https:\/\/antidotejeux.fr\/wp-content\/uploads\/2020\/11\/little-big-fish-300x200.jpg 300w\" sizes=\"auto, (max-width: 768px) 100vw, 768px\" \/><\/a><\/figure><div class=\"wp-block-media-text__content\">\n<p class=\"has-text-color has-large-font-size\" style=\"color:#1e3d59\"><a href=\"https:\/\/antidotejeux.fr\/index.php\/jeux-deux\/little-big-fish\/#fish\">Little Big Fish (uniquement pour 2 joueurs)<\/a><\/p>\n<\/div><\/div>\n\n\n\n<div class=\"wp-block-media-text alignwide is-stacked-on-mobile\"><figure class=\"wp-block-media-text__media\"><a href=\"https:\/\/antidotejeux.fr\/index.php\/jeux-deux\/naga-raja\/#naga\"><img loading=\"lazy\" decoding=\"async\" width=\"768\" height=\"512\" src=\"https:\/\/antidotejeux.fr\/wp-content\/uploads\/2020\/11\/naga-raja.jpg\" alt=\"\" class=\"wp-image-684\" srcset=\"https:\/\/antidotejeux.fr\/wp-content\/uploads\/2020\/11\/naga-raja.jpg 768w, https:\/\/antidotejeux.fr\/wp-content\/uploads\/2020\/11\/naga-raja-300x200.jpg 300w\" sizes=\"auto, (max-width: 768px) 100vw, 768px\" \/><\/a><\/figure><div class=\"wp-block-media-text__content\">\n<p class=\"has-text-color has-large-font-size\" style=\"color:#1e3d59\"><a href=\"https:\/\/antidotejeux.fr\/index.php\/jeux-deux\/naga-raja\/#naga\" target=\"_blank\" rel=\"noreferrer noopener\">Naga Raja (uniquement pour 2 joueurs)<\/a><\/p>\n<\/div><\/div>\n\n\n\n<div class=\"wp-block-media-text alignwide is-stacked-on-mobile\"><figure class=\"wp-block-media-text__media\"><a href=\"https:\/\/antidotejeux.fr\/index.php\/nice-support\/the-island\/#island\"><img loading=\"lazy\" decoding=\"async\" width=\"768\" height=\"512\" src=\"https:\/\/antidotejeux.fr\/wp-content\/uploads\/2020\/11\/island.jpg\" alt=\"\" class=\"wp-image-686\" srcset=\"https:\/\/antidotejeux.fr\/wp-content\/uploads\/2020\/11\/island.jpg 768w, https:\/\/antidotejeux.fr\/wp-content\/uploads\/2020\/11\/island-300x200.jpg 300w\" sizes=\"auto, (max-width: 768px) 100vw, 768px\" \/><\/a><\/figure><div class=\"wp-block-media-text__content\">\n<p class=\"has-text-color has-large-font-size\" style=\"color:#1e3d59\"><a rel=\"noreferrer noopener\" href=\"https:\/\/antidotejeux.fr\/index.php\/nice-support\/the-island\/#island\" target=\"_blank\">The island <\/a><\/p>\n<\/div><\/div>\n\n\n\n<div class=\"wp-block-media-text alignwide is-stacked-on-mobile\"><figure class=\"wp-block-media-text__media\"><img loading=\"lazy\" decoding=\"async\" width=\"768\" height=\"512\" src=\"https:\/\/antidotejeux.fr\/wp-content\/uploads\/2020\/12\/minivilles.jpg\" alt=\"\" class=\"wp-image-825\" srcset=\"https:\/\/antidotejeux.fr\/wp-content\/uploads\/2020\/12\/minivilles.jpg 768w, https:\/\/antidotejeux.fr\/wp-content\/uploads\/2020\/12\/minivilles-300x200.jpg 300w\" sizes=\"auto, (max-width: 768px) 100vw, 768px\" \/><\/figure><div class=\"wp-block-media-text__content\">\n<p class=\"has-text-color has-large-font-size\" style=\"color:#1e3d59\">Minivilles<\/p>\n<\/div><\/div>\n\n\n\n<div class=\"wp-block-media-text alignwide is-stacked-on-mobile\"><figure class=\"wp-block-media-text__media\"><a href=\"https:\/\/antidotejeux.fr\/index.php\/coop-escape-game\/the-game-2\/#game\"><img loading=\"lazy\" decoding=\"async\" width=\"768\" height=\"512\" src=\"https:\/\/antidotejeux.fr\/wp-content\/uploads\/2020\/11\/the-game.jpg\" alt=\"\" class=\"wp-image-513\" srcset=\"https:\/\/antidotejeux.fr\/wp-content\/uploads\/2020\/11\/the-game.jpg 768w, https:\/\/antidotejeux.fr\/wp-content\/uploads\/2020\/11\/the-game-300x200.jpg 300w\" sizes=\"auto, (max-width: 768px) 100vw, 768px\" \/><\/a><\/figure><div class=\"wp-block-media-text__content\">\n<p class=\"has-text-color has-large-font-size\" style=\"color:#1e3d59\"><a href=\"https:\/\/antidotejeux.fr\/index.php\/coop-escape-game\/the-game-2\/#game\">The game<\/a><\/p>\n<\/div><\/div>\n\n\n\n<div class=\"wp-block-media-text alignwide is-stacked-on-mobile\"><figure class=\"wp-block-media-text__media\"><a href=\"https:\/\/antidotejeux.fr\/index.php\/coop-escape-game\/the-mind\/#mind\"><img loading=\"lazy\" decoding=\"async\" width=\"300\" height=\"200\" src=\"https:\/\/antidotejeux.fr\/wp-content\/uploads\/2020\/11\/the-mind-small.jpg\" alt=\"\" class=\"wp-image-510\"\/><\/a><\/figure><div class=\"wp-block-media-text__content\">\n<p class=\"has-text-color has-large-font-size\" style=\"color:#1e3d59\"><a href=\"https:\/\/antidotejeux.fr\/index.php\/coop-escape-game\/the-mind\/#mind\" target=\"_blank\" rel=\"noreferrer noopener\">The mind<\/a><\/p>\n<\/div><\/div>\n\n\n\n<div class=\"wp-block-media-text alignwide is-stacked-on-mobile\"><figure class=\"wp-block-media-text__media\"><a href=\"https:\/\/antidotejeux.fr\/index.php\/coop-escape-game\/hanabi#hanabi\"><img loading=\"lazy\" decoding=\"async\" width=\"768\" height=\"512\" src=\"https:\/\/antidotejeux.fr\/wp-content\/uploads\/2020\/11\/hanabi.jpg\" alt=\"\" class=\"wp-image-467\" srcset=\"https:\/\/antidotejeux.fr\/wp-content\/uploads\/2020\/11\/hanabi.jpg 768w, https:\/\/antidotejeux.fr\/wp-content\/uploads\/2020\/11\/hanabi-300x200.jpg 300w\" sizes=\"auto, (max-width: 768px) 100vw, 768px\" \/><\/a><\/figure><div class=\"wp-block-media-text__content\">\n<p class=\"has-text-color has-large-font-size\" style=\"color:#1e3d59\"><a rel=\"noreferrer noopener\" href=\"https:\/\/antidotejeux.fr\/index.php\/coop-escape-game\/hanabi\/#hanabi\" target=\"_blank\">Hanabi<\/a><\/p>\n<\/div><\/div>\n\n\n\n<div class=\"wp-block-media-text alignwide is-stacked-on-mobile\"><figure class=\"wp-block-media-text__media\"><a href=\"https:\/\/antidotejeux.fr\/index.php\/famille\/panic-lab\/#panic\"><img loading=\"lazy\" decoding=\"async\" width=\"768\" height=\"512\" src=\"https:\/\/antidotejeux.fr\/wp-content\/uploads\/2020\/11\/panic-lab.jpg\" alt=\"\" class=\"wp-image-632\" srcset=\"https:\/\/antidotejeux.fr\/wp-content\/uploads\/2020\/11\/panic-lab.jpg 768w, https:\/\/antidotejeux.fr\/wp-content\/uploads\/2020\/11\/panic-lab-300x200.jpg 300w\" sizes=\"auto, (max-width: 768px) 100vw, 768px\" \/><\/a><\/figure><div class=\"wp-block-media-text__content\">\n<p class=\"has-text-color has-large-font-size\" style=\"color:#1e3d59\"><a rel=\"noreferrer noopener\" href=\"https:\/\/antidotejeux.fr\/index.php\/famille\/panic-lab#panic\" target=\"_blank\">Panic lab <\/a><\/p>\n<\/div><\/div>\n\n\n\n<div class=\"wp-block-media-text alignwide is-stacked-on-mobile\"><figure class=\"wp-block-media-text__media\"><a href=\"https:\/\/antidotejeux.fr\/index.php\/famille\/twin-it\/#twin\"><img loading=\"lazy\" decoding=\"async\" width=\"764\" height=\"509\" src=\"https:\/\/antidotejeux.fr\/wp-content\/uploads\/2020\/11\/twin-it.jpg\" alt=\"\" class=\"wp-image-630\" srcset=\"https:\/\/antidotejeux.fr\/wp-content\/uploads\/2020\/11\/twin-it.jpg 764w, https:\/\/antidotejeux.fr\/wp-content\/uploads\/2020\/11\/twin-it-300x200.jpg 300w\" sizes=\"auto, (max-width: 764px) 100vw, 764px\" \/><\/a><\/figure><div class=\"wp-block-media-text__content\">\n<p class=\"has-text-color has-large-font-size\" style=\"color:#1e3d59\"><a rel=\"noreferrer noopener\" href=\"https:\/\/antidotejeux.fr\/index.php\/famille\/twin-it#twin\" target=\"_blank\">Twin it <\/a><\/p>\n<\/div><\/div>\n\n\n\n<div class=\"wp-block-media-text alignwide is-stacked-on-mobile\"><figure class=\"wp-block-media-text__media\"><a href=\"https:\/\/antidotejeux.fr\/index.php\/nice-support\/takenoko\/#takenoko\"><img loading=\"lazy\" decoding=\"async\" width=\"768\" height=\"512\" src=\"https:\/\/antidotejeux.fr\/wp-content\/uploads\/2020\/11\/takenoko.jpg\" alt=\"\" class=\"wp-image-623\" srcset=\"https:\/\/antidotejeux.fr\/wp-content\/uploads\/2020\/11\/takenoko.jpg 768w, https:\/\/antidotejeux.fr\/wp-content\/uploads\/2020\/11\/takenoko-300x200.jpg 300w\" sizes=\"auto, (max-width: 768px) 100vw, 768px\" \/><\/a><\/figure><div class=\"wp-block-media-text__content\">\n<p class=\"has-text-color has-large-font-size\" style=\"color:#1e3d59\"><a href=\"https:\/\/antidotejeux.fr\/index.php\/nice-support\/takenoko\/#takenoko\">Takenoko<\/a><\/p>\n<\/div><\/div>\n\n\n\n<div class=\"wp-block-media-text alignwide is-stacked-on-mobile\"><figure class=\"wp-block-media-text__media\"><a href=\"https:\/\/antidotejeux.fr\/index.php\/famille\/sushi-go\/#sushi\"><img loading=\"lazy\" decoding=\"async\" width=\"768\" height=\"512\" src=\"https:\/\/antidotejeux.fr\/wp-content\/uploads\/2020\/11\/sushi-go.jpg\" alt=\"\" class=\"wp-image-660\" srcset=\"https:\/\/antidotejeux.fr\/wp-content\/uploads\/2020\/11\/sushi-go.jpg 768w, https:\/\/antidotejeux.fr\/wp-content\/uploads\/2020\/11\/sushi-go-300x200.jpg 300w\" sizes=\"auto, (max-width: 768px) 100vw, 768px\" \/><\/a><\/figure><div class=\"wp-block-media-text__content\">\n<p class=\"has-text-color has-large-font-size\" style=\"color:#1e3d59\"><a href=\"https:\/\/antidotejeux.fr\/index.php\/famille\/sushi-go#sushi\" target=\"_blank\" rel=\"noreferrer noopener\">Sushi go<\/a><\/p>\n<\/div><\/div>\n\n\n\n<div class=\"wp-block-media-text alignwide is-stacked-on-mobile\"><figure class=\"wp-block-media-text__media\"><a href=\"https:\/\/antidotejeux.fr\/index.php\/jeux-deux\/la-petite-mort\/#mort\"><img loading=\"lazy\" decoding=\"async\" width=\"768\" height=\"512\" src=\"https:\/\/antidotejeux.fr\/wp-content\/uploads\/2020\/11\/petite-mort.jpg\" alt=\"\" class=\"wp-image-488\" srcset=\"https:\/\/antidotejeux.fr\/wp-content\/uploads\/2020\/11\/petite-mort.jpg 768w, https:\/\/antidotejeux.fr\/wp-content\/uploads\/2020\/11\/petite-mort-300x200.jpg 300w\" sizes=\"auto, (max-width: 768px) 100vw, 768px\" \/><\/a><\/figure><div class=\"wp-block-media-text__content\">\n<p class=\"has-text-color has-large-font-size\" style=\"color:#1e3d59\"><a rel=\"noreferrer noopener\" href=\"https:\/\/antidotejeux.fr\/index.php\/jeux-deux\/la-petite-mort#mort\" target=\"_blank\">La petite mort<\/a> <\/p>\n<\/div><\/div>\n\n\n\n<div class=\"wp-block-media-text alignwide is-stacked-on-mobile\"><figure class=\"wp-block-media-text__media\"><img loading=\"lazy\" decoding=\"async\" width=\"768\" height=\"512\" src=\"https:\/\/antidotejeux.fr\/wp-content\/uploads\/2020\/12\/camelot.jpg\" alt=\"\" class=\"wp-image-911\" srcset=\"https:\/\/antidotejeux.fr\/wp-content\/uploads\/2020\/12\/camelot.jpg 768w, https:\/\/antidotejeux.fr\/wp-content\/uploads\/2020\/12\/camelot-300x200.jpg 300w\" sizes=\"auto, (max-width: 768px) 100vw, 768px\" \/><\/figure><div class=\"wp-block-media-text__content\">\n<p class=\"has-text-color has-large-font-size\" style=\"color:#1e3d59\">Camelot<\/p>\n<\/div><\/div>\n\n\n\n<div class=\"wp-block-media-text alignwide is-stacked-on-mobile\"><figure class=\"wp-block-media-text__media\"><img loading=\"lazy\" decoding=\"async\" width=\"768\" height=\"512\" src=\"https:\/\/antidotejeux.fr\/wp-content\/uploads\/2020\/12\/perudo.jpg\" alt=\"\" class=\"wp-image-816\" srcset=\"https:\/\/antidotejeux.fr\/wp-content\/uploads\/2020\/12\/perudo.jpg 768w, https:\/\/antidotejeux.fr\/wp-content\/uploads\/2020\/12\/perudo-300x200.jpg 300w\" sizes=\"auto, (max-width: 768px) 100vw, 768px\" \/><\/figure><div class=\"wp-block-media-text__content\">\n<p class=\"has-text-color has-large-font-size\" style=\"color:#1e3d59\"><a href=\"https:\/\/antidotejeux.fr\/index.php\/famille\/perudo\/#perudo\" target=\"_blank\" rel=\"noreferrer noopener\">Perudo<\/a><\/p>\n<\/div><\/div>\n\n\n\n<div class=\"wp-block-media-text alignwide is-stacked-on-mobile\"><figure class=\"wp-block-media-text__media\"><a href=\"https:\/\/antidotejeux.fr\/index.php\/ambiance\/salade-de-cafards\/#caf\"><img loading=\"lazy\" decoding=\"async\" width=\"768\" height=\"512\" src=\"https:\/\/antidotejeux.fr\/wp-content\/uploads\/2020\/11\/salade-de-cafards.jpg\" alt=\"\" class=\"wp-image-687\" srcset=\"https:\/\/antidotejeux.fr\/wp-content\/uploads\/2020\/11\/salade-de-cafards.jpg 768w, https:\/\/antidotejeux.fr\/wp-content\/uploads\/2020\/11\/salade-de-cafards-300x200.jpg 300w\" sizes=\"auto, (max-width: 768px) 100vw, 768px\" \/><\/a><\/figure><div class=\"wp-block-media-text__content\">\n<p class=\"has-text-color has-large-font-size\" style=\"color:#1e3d59\"><a rel=\"noreferrer noopener\" href=\"https:\/\/antidotejeux.fr\/index.php\/ambiance\/salade-de-cafards#caf\" target=\"_blank\">La salade des cafards <\/a><\/p>\n<\/div><\/div>\n\n\n\n<div class=\"wp-block-media-text alignwide is-stacked-on-mobile\"><figure class=\"wp-block-media-text__media\"><a href=\"https:\/\/antidotejeux.fr\/index.php\/famille\/dobble\/#dob\"><img loading=\"lazy\" decoding=\"async\" width=\"768\" height=\"512\" src=\"https:\/\/antidotejeux.fr\/wp-content\/uploads\/2020\/11\/dobble.jpg\" alt=\"\" class=\"wp-image-647\" srcset=\"https:\/\/antidotejeux.fr\/wp-content\/uploads\/2020\/11\/dobble.jpg 768w, https:\/\/antidotejeux.fr\/wp-content\/uploads\/2020\/11\/dobble-300x200.jpg 300w\" sizes=\"auto, (max-width: 768px) 100vw, 768px\" \/><\/a><\/figure><div class=\"wp-block-media-text__content\">\n<p class=\"has-text-color has-large-font-size\" style=\"color:#1e3d59\"><a href=\"https:\/\/antidotejeux.fr\/index.php\/famille\/dobble\/#dob\" target=\"_blank\" rel=\"noreferrer noopener\">Dobble<\/a><\/p>\n<\/div><\/div>\n\n\n\n<div class=\"wp-block-media-text alignwide is-stacked-on-mobile\"><figure class=\"wp-block-media-text__media\"><a href=\"https:\/\/antidotejeux.fr\/index.php\/nice-support\/sagrada\/#sagrada\"><img loading=\"lazy\" decoding=\"async\" width=\"768\" height=\"512\" src=\"https:\/\/antidotejeux.fr\/wp-content\/uploads\/2020\/12\/sagrada.jpg\" alt=\"\" class=\"wp-image-820\" srcset=\"https:\/\/antidotejeux.fr\/wp-content\/uploads\/2020\/12\/sagrada.jpg 768w, https:\/\/antidotejeux.fr\/wp-content\/uploads\/2020\/12\/sagrada-300x200.jpg 300w\" sizes=\"auto, (max-width: 768px) 100vw, 768px\" \/><\/a><\/figure><div class=\"wp-block-media-text__content\">\n<p class=\"has-text-color has-large-font-size\" style=\"color:#1e3d59\"><a href=\"https:\/\/antidotejeux.fr\/index.php\/nice-support\/sagrada\/#sagrada\" target=\"_blank\" rel=\"noreferrer noopener\">Sagrada<\/a><\/p>\n<\/div><\/div>\n","protected":false},"excerpt":{"rendered":"<p>Vous trouverez ici des jeux qui peuvent se jouer \u00e0 deux joueurs<\/p>\n","protected":false},"author":1,"featured_media":0,"parent":0,"menu_order":0,"comment_status":"closed","ping_status":"closed","template":"","meta":{"footnotes":""},"class_list":["post-265","page","type-page","status-publish","hentry"],"_links":{"self":[{"href":"https:\/\/antidotejeux.fr\/index.php\/wp-json\/wp\/v2\/pages\/265","targetHints":{"allow":["GET"]}}],"collection":[{"href":"https:\/\/antidotejeux.fr\/index.php\/wp-json\/wp\/v2\/pages"}],"about":[{"href":"https:\/\/antidotejeux.fr\/index.php\/wp-json\/wp\/v2\/types\/page"}],"author":[{"embeddable":true,"href":"https:\/\/antidotejeux.fr\/index.php\/wp-json\/wp\/v2\/users\/1"}],"replies":[{"embeddable":true,"href":"https:\/\/antidotejeux.fr\/index.php\/wp-json\/wp\/v2\/comments?post=265"}],"version-history":[{"count":49,"href":"https:\/\/antidotejeux.fr\/index.php\/wp-json\/wp\/v2\/pages\/265\/revisions"}],"predecessor-version":[{"id":1021,"href":"https:\/\/antidotejeux.fr\/index.php\/wp-json\/wp\/v2\/pages\/265\/revisions\/1021"}],"wp:attachment":[{"href":"https:\/\/antidotejeux.fr\/index.php\/wp-json\/wp\/v2\/media?parent=265"}],"curies":[{"name":"wp","href":"https:\/\/api.w.org\/{rel}","templated":true}]}}