{"id":267,"date":"2014-04-26T17:09:37","date_gmt":"2014-04-26T17:09:37","guid":{"rendered":"http:\/\/demo.themegrill.com\/accelerate\/?page_id=22"},"modified":"2021-01-18T12:10:13","modified_gmt":"2021-01-18T11:10:13","slug":"nice-support","status":"publish","type":"page","link":"https:\/\/antidotejeux.fr\/index.php\/nice-support\/","title":{"rendered":"Jeux de strat\u00e9gie"},"content":{"rendered":"\n<p class=\"has-text-color\" style=\"color:#1e3d59\">Il faut faire preuve de strat\u00e9gie, user et abuser des coups fourr\u00e9s et \u00eatre pr\u00eat \u00e0 g\u00e9rer toutes sortes de situation. Les jeux pr\u00e9sent\u00e9s ici sont tr\u00e8s diff\u00e9rents les uns des autres donc vous devriez arriver \u00e0 en trouver un qui vous plaise<\/p>\n\n\n\n<p class=\"has-text-color\" style=\"color:#1e3d59\">Cliquez sur chacun des jeux pour en savoir plus. Pour le louer, cliquez sur le bouton location; vous pourrez alors remplir un formulaire indiquant le nom du jeu, la date \u00e0 laquelle vous souhaitez le louer et la dur\u00e9e. Vous recevrez une r\u00e9ponse rapide.<\/p>\n\n\n\n<p class=\"has-text-color has-background\" style=\"background-color:#ffc13b;color:#1e3d59\">De nouveaux jeux seront ajout\u00e9s prochainement \u00e0 cette cat\u00e9gorie: Munchkin, Garden Party\u2026<\/p>\n\n\n\n<div class=\"wp-block-media-text alignwide is-stacked-on-mobile\"><figure class=\"wp-block-media-text__media\"><img loading=\"lazy\" decoding=\"async\" width=\"768\" height=\"512\" src=\"https:\/\/antidotejeux.fr\/wp-content\/uploads\/2020\/11\/oriflamme.jpg\" alt=\"\" class=\"wp-image-475\" srcset=\"https:\/\/antidotejeux.fr\/wp-content\/uploads\/2020\/11\/oriflamme.jpg 768w, https:\/\/antidotejeux.fr\/wp-content\/uploads\/2020\/11\/oriflamme-300x200.jpg 300w\" sizes=\"auto, (max-width: 768px) 100vw, 768px\" \/><\/figure><div class=\"wp-block-media-text__content\">\n<p class=\"has-text-color has-large-font-size\" style=\"color:#1e3d59\"><a href=\"https:\/\/antidotejeux.fr\/index.php\/nice-support\/oriflamme\/#ori\">Oriflamme<\/a><\/p>\n<\/div><\/div>\n\n\n\n<div class=\"wp-block-media-text alignwide is-stacked-on-mobile\"><figure class=\"wp-block-media-text__media\"><img loading=\"lazy\" decoding=\"async\" width=\"768\" height=\"512\" src=\"https:\/\/antidotejeux.fr\/wp-content\/uploads\/2020\/12\/puerto-rico.jpg\" alt=\"\" class=\"wp-image-910\" srcset=\"https:\/\/antidotejeux.fr\/wp-content\/uploads\/2020\/12\/puerto-rico.jpg 768w, https:\/\/antidotejeux.fr\/wp-content\/uploads\/2020\/12\/puerto-rico-300x200.jpg 300w\" sizes=\"auto, (max-width: 768px) 100vw, 768px\" \/><\/figure><div class=\"wp-block-media-text__content\">\n<p class=\"has-text-color has-large-font-size\" style=\"color:#1e3d59\">Puerto rico<\/p>\n<\/div><\/div>\n\n\n\n<div class=\"wp-block-media-text alignwide is-stacked-on-mobile\"><figure class=\"wp-block-media-text__media\"><a href=\"https:\/\/antidotejeux.fr\/index.php\/nice-support\/takenoko\/#takenoko\"><img loading=\"lazy\" decoding=\"async\" width=\"768\" height=\"512\" src=\"https:\/\/antidotejeux.fr\/wp-content\/uploads\/2020\/11\/takenoko.jpg\" alt=\"\" class=\"wp-image-623\" srcset=\"https:\/\/antidotejeux.fr\/wp-content\/uploads\/2020\/11\/takenoko.jpg 768w, https:\/\/antidotejeux.fr\/wp-content\/uploads\/2020\/11\/takenoko-300x200.jpg 300w\" sizes=\"auto, (max-width: 768px) 100vw, 768px\" \/><\/a><\/figure><div class=\"wp-block-media-text__content\">\n<p class=\"has-text-color has-large-font-size\" style=\"color:#1e3d59\"><a href=\"https:\/\/antidotejeux.fr\/index.php\/nice-support\/takenoko\/#takenoko\" target=\"_blank\" rel=\"noreferrer noopener\">Takenoko<\/a><\/p>\n<\/div><\/div>\n\n\n\n<div class=\"wp-block-media-text alignwide is-stacked-on-mobile\"><figure class=\"wp-block-media-text__media\"><a href=\"https:\/\/antidotejeux.fr\/index.php\/nice-support\/the-island\/#island\"><img loading=\"lazy\" decoding=\"async\" width=\"768\" height=\"512\" src=\"https:\/\/antidotejeux.fr\/wp-content\/uploads\/2020\/11\/island.jpg\" alt=\"\" class=\"wp-image-686\" srcset=\"https:\/\/antidotejeux.fr\/wp-content\/uploads\/2020\/11\/island.jpg 768w, https:\/\/antidotejeux.fr\/wp-content\/uploads\/2020\/11\/island-300x200.jpg 300w\" sizes=\"auto, (max-width: 768px) 100vw, 768px\" \/><\/a><\/figure><div class=\"wp-block-media-text__content\">\n<p class=\"has-large-font-size\"><a rel=\"noreferrer noopener\" href=\"https:\/\/antidotejeux.fr\/index.php\/nice-support\/the-island\/#island\" target=\"_blank\">The <\/a><a href=\"https:\/\/antidotejeux.fr\/index.php\/nice-support\/the-island\/#island\" target=\"_blank\" rel=\"noreferrer noopener\">i<\/a><a rel=\"noreferrer noopener\" href=\"https:\/\/antidotejeux.fr\/index.php\/nice-support\/the-island\/#island\" target=\"_blank\">sland<\/a><\/p>\n<\/div><\/div>\n\n\n\n<div class=\"wp-block-media-text alignwide is-stacked-on-mobile\"><figure class=\"wp-block-media-text__media\"><img loading=\"lazy\" decoding=\"async\" width=\"768\" height=\"512\" src=\"https:\/\/antidotejeux.fr\/wp-content\/uploads\/2020\/12\/camelot.jpg\" alt=\"\" class=\"wp-image-911\" srcset=\"https:\/\/antidotejeux.fr\/wp-content\/uploads\/2020\/12\/camelot.jpg 768w, https:\/\/antidotejeux.fr\/wp-content\/uploads\/2020\/12\/camelot-300x200.jpg 300w\" sizes=\"auto, (max-width: 768px) 100vw, 768px\" \/><\/figure><div class=\"wp-block-media-text__content\">\n<p class=\"has-large-font-size\">Camelot<\/p>\n<\/div><\/div>\n\n\n\n<div class=\"wp-block-media-text alignwide is-stacked-on-mobile\"><figure class=\"wp-block-media-text__media\"><a href=\"https:\/\/antidotejeux.fr\/index.php\/nice-support\/minivilles\/#minivilles\"><img loading=\"lazy\" decoding=\"async\" width=\"768\" height=\"512\" src=\"https:\/\/antidotejeux.fr\/wp-content\/uploads\/2020\/12\/minivilles.jpg\" alt=\"\" class=\"wp-image-825\" srcset=\"https:\/\/antidotejeux.fr\/wp-content\/uploads\/2020\/12\/minivilles.jpg 768w, https:\/\/antidotejeux.fr\/wp-content\/uploads\/2020\/12\/minivilles-300x200.jpg 300w\" sizes=\"auto, (max-width: 768px) 100vw, 768px\" \/><\/a><\/figure><div class=\"wp-block-media-text__content\">\n<p class=\"has-large-font-size\"><a href=\"https:\/\/antidotejeux.fr\/index.php\/nice-support\/minivilles\/#minivilles\" target=\"_blank\" rel=\"noreferrer noopener\">Minivilles<\/a><\/p>\n<\/div><\/div>\n\n\n\n<div class=\"wp-block-media-text alignwide is-stacked-on-mobile\"><figure class=\"wp-block-media-text__media\"><a href=\"https:\/\/antidotejeux.fr\/index.php\/nice-support\/sagrada\/#sagrada\"><img loading=\"lazy\" decoding=\"async\" width=\"768\" height=\"512\" src=\"https:\/\/antidotejeux.fr\/wp-content\/uploads\/2020\/12\/sagrada.jpg\" alt=\"\" class=\"wp-image-820\" srcset=\"https:\/\/antidotejeux.fr\/wp-content\/uploads\/2020\/12\/sagrada.jpg 768w, https:\/\/antidotejeux.fr\/wp-content\/uploads\/2020\/12\/sagrada-300x200.jpg 300w\" sizes=\"auto, (max-width: 768px) 100vw, 768px\" \/><\/a><\/figure><div class=\"wp-block-media-text__content\">\n<p class=\"has-large-font-size\"><a href=\"https:\/\/antidotejeux.fr\/index.php\/nice-support\/sagrada\/#sagrada\" target=\"_blank\" rel=\"noreferrer noopener\">Sagrada<\/a><\/p>\n<\/div><\/div>\n\n\n\n<div class=\"wp-block-media-text alignwide is-stacked-on-mobile\"><figure class=\"wp-block-media-text__media\"><\/figure><div class=\"wp-block-media-text__content\">\n<p class=\"has-large-font-size\"><a href=\"https:\/\/antidotejeux.fr\/index.php\/nice-support\/munchkin\/#munchkin\">Munchkin<\/a><\/p>\n<\/div><\/div>\n\n\n\n<div class=\"wp-block-media-text alignwide is-stacked-on-mobile\"><figure class=\"wp-block-media-text__media\"><\/figure><div class=\"wp-block-media-text__content\">\n<p class=\"has-large-font-size\"><a href=\"https:\/\/antidotejeux.fr\/index.php\/nice-support\/garden-party\/#garden\">Garden party<\/a><\/p>\n<\/div><\/div>\n","protected":false},"excerpt":{"rendered":"<p>Il faut faire preuve de strat\u00e9gie, user et abuser des coups fourr\u00e9s et \u00eatre pr\u00eat \u00e0 g\u00e9rer toutes sortes de situation. Les jeux pr\u00e9sent\u00e9s ici sont tr\u00e8s diff\u00e9rents les uns des autres donc vous devriez arriver \u00e0 en trouver un<\/p>\n","protected":false},"author":1,"featured_media":0,"parent":0,"menu_order":0,"comment_status":"closed","ping_status":"closed","template":"","meta":{"footnotes":""},"class_list":["post-267","page","type-page","status-publish","hentry"],"_links":{"self":[{"href":"https:\/\/antidotejeux.fr\/index.php\/wp-json\/wp\/v2\/pages\/267","targetHints":{"allow":["GET"]}}],"collection":[{"href":"https:\/\/antidotejeux.fr\/index.php\/wp-json\/wp\/v2\/pages"}],"about":[{"href":"https:\/\/antidotejeux.fr\/index.php\/wp-json\/wp\/v2\/types\/page"}],"author":[{"embeddable":true,"href":"https:\/\/antidotejeux.fr\/index.php\/wp-json\/wp\/v2\/users\/1"}],"replies":[{"embeddable":true,"href":"https:\/\/antidotejeux.fr\/index.php\/wp-json\/wp\/v2\/comments?post=267"}],"version-history":[{"count":16,"href":"https:\/\/antidotejeux.fr\/index.php\/wp-json\/wp\/v2\/pages\/267\/revisions"}],"predecessor-version":[{"id":1015,"href":"https:\/\/antidotejeux.fr\/index.php\/wp-json\/wp\/v2\/pages\/267\/revisions\/1015"}],"wp:attachment":[{"href":"https:\/\/antidotejeux.fr\/index.php\/wp-json\/wp\/v2\/media?parent=267"}],"curies":[{"name":"wp","href":"https:\/\/api.w.org\/{rel}","templated":true}]}}