{"id":301,"date":"2020-11-26T12:06:29","date_gmt":"2020-11-26T11:06:29","guid":{"rendered":"http:\/\/antidotejeux.fr\/?page_id=301"},"modified":"2020-11-30T15:53:42","modified_gmt":"2020-11-30T14:53:42","slug":"schotten-totten","status":"publish","type":"page","link":"https:\/\/antidotejeux.fr\/index.php\/jeux-deux\/schotten-totten\/","title":{"rendered":"Schotten Totten"},"content":{"rendered":"\n<p id=\"schotten\">Pour gagner il faut \u00eatre le premier \u00e0 gagner 5 bornes (ou 3 bornes si elles sont c\u00f4te \u00e0 c\u00f4te). Pour cela il faut faire des combinaisons: suite de couleur, brelan&#8230;<\/p>\n\n\n\n<p>Un jeu tr\u00e8s simple mais addictif !<\/p>\n\n\n\n<figure class=\"wp-block-table\"><table class=\"has-subtle-light-gray-background-color has-background\"><tbody><tr><td>Age<\/td><td>A partir de 8 ans<\/td><\/tr><tr><td>Nombre de joueurs<\/td><td>2 joueurs<\/td><\/tr><tr><td>Dur\u00e9e d&rsquo;une partie<\/td><td>20 minutes<\/td><\/tr><\/tbody><\/table><\/figure>\n\n\n\n<div class=\"wp-block-buttons is-layout-flex wp-block-buttons-is-layout-flex\">\n<div class=\"wp-block-button is-style-outline is-style-outline--1\"><a class=\"wp-block-button__link has-text-color has-background\" href=\"https:\/\/antidotejeux.fr\/index.php\/demande-de-location\/#loc\" style=\"background-color:#ffc13b;color:#1e3d59\" target=\"_blank\" rel=\"noreferrer noopener\">Louer<\/a><\/div>\n<\/div>\n\n\n\n<div class=\"wp-block-image\"><figure class=\"aligncenter size-large\"><img loading=\"lazy\" decoding=\"async\" width=\"768\" height=\"512\" src=\"https:\/\/antidotejeux.fr\/wp-content\/uploads\/2020\/11\/schotten-totten.jpg\" alt=\"\" class=\"wp-image-491\" srcset=\"https:\/\/antidotejeux.fr\/wp-content\/uploads\/2020\/11\/schotten-totten.jpg 768w, https:\/\/antidotejeux.fr\/wp-content\/uploads\/2020\/11\/schotten-totten-300x200.jpg 300w\" sizes=\"auto, (max-width: 768px) 100vw, 768px\" \/><\/figure><\/div>\n\n\n\n<figure class=\"wp-block-pullquote is-style-solid-color\"><blockquote><p>Le jeu auquel je joue le plus souvent! Un jeu simple mais dont on ne se lasse pas<\/p><cite>Ana\u00efs, cr\u00e9atrice d&rsquo;antidote<\/cite><\/blockquote><\/figure>\n","protected":false},"excerpt":{"rendered":"<p>Pour gagner il faut \u00eatre le premier \u00e0 gagner 5 bornes (ou 3 bornes si elles sont c\u00f4te \u00e0 c\u00f4te). Pour cela il faut faire des combinaisons: suite de couleur, brelan&#8230; Un jeu tr\u00e8s simple mais addictif ! Age A<\/p>\n","protected":false},"author":1,"featured_media":0,"parent":265,"menu_order":0,"comment_status":"closed","ping_status":"closed","template":"","meta":{"footnotes":""},"class_list":["post-301","page","type-page","status-publish","hentry"],"_links":{"self":[{"href":"https:\/\/antidotejeux.fr\/index.php\/wp-json\/wp\/v2\/pages\/301","targetHints":{"allow":["GET"]}}],"collection":[{"href":"https:\/\/antidotejeux.fr\/index.php\/wp-json\/wp\/v2\/pages"}],"about":[{"href":"https:\/\/antidotejeux.fr\/index.php\/wp-json\/wp\/v2\/types\/page"}],"author":[{"embeddable":true,"href":"https:\/\/antidotejeux.fr\/index.php\/wp-json\/wp\/v2\/users\/1"}],"replies":[{"embeddable":true,"href":"https:\/\/antidotejeux.fr\/index.php\/wp-json\/wp\/v2\/comments?post=301"}],"version-history":[{"count":18,"href":"https:\/\/antidotejeux.fr\/index.php\/wp-json\/wp\/v2\/pages\/301\/revisions"}],"predecessor-version":[{"id":697,"href":"https:\/\/antidotejeux.fr\/index.php\/wp-json\/wp\/v2\/pages\/301\/revisions\/697"}],"up":[{"embeddable":true,"href":"https:\/\/antidotejeux.fr\/index.php\/wp-json\/wp\/v2\/pages\/265"}],"wp:attachment":[{"href":"https:\/\/antidotejeux.fr\/index.php\/wp-json\/wp\/v2\/media?parent=301"}],"curies":[{"name":"wp","href":"https:\/\/api.w.org\/{rel}","templated":true}]}}