{"id":310,"date":"2020-11-26T12:32:35","date_gmt":"2020-11-26T11:32:35","guid":{"rendered":"http:\/\/antidotejeux.fr\/?page_id=310"},"modified":"2020-11-30T15:54:33","modified_gmt":"2020-11-30T14:54:33","slug":"little-big-fish","status":"publish","type":"page","link":"https:\/\/antidotejeux.fr\/index.php\/jeux-deux\/little-big-fish\/","title":{"rendered":"Little Big Fish"},"content":{"rendered":"\n<p class=\"has-text-color\" id=\"fish\" style=\"color:#1e3d59\">Vous \u00e9voluez au c\u0153ur de l&rsquo;oc\u00e9an et devez manger 5 poissons adverses pour gagner. Les r\u00e8gles sont faciles \u00e0 comprendre et les parties sont courtes pour pouvoir en encha\u00eener plusieurs.<\/p>\n\n\n\n<figure class=\"wp-block-table\"><table class=\"has-subtle-light-gray-background-color has-background\"><tbody><tr><td>Age<\/td><td>A partir de 8 ans<\/td><\/tr><tr><td>Nombre de joueurs<\/td><td>2 joueurs<\/td><\/tr><tr><td>Dur\u00e9e d&rsquo;une partie<\/td><td>10 \u00e0 15min<\/td><\/tr><\/tbody><\/table><\/figure>\n\n\n\n<div class=\"wp-block-buttons is-layout-flex wp-block-buttons-is-layout-flex\">\n<div class=\"wp-block-button is-style-outline is-style-outline--1\"><a class=\"wp-block-button__link has-text-color has-background\" href=\"https:\/\/antidotejeux.fr\/index.php\/demande-de-location\/#loc\" style=\"background-color:#ffc13b;color:#1e3d59\" target=\"_blank\" rel=\"noreferrer noopener\">Louer<\/a><\/div>\n<\/div>\n\n\n\n<div class=\"wp-block-image\"><figure class=\"aligncenter size-large\"><img loading=\"lazy\" decoding=\"async\" width=\"768\" height=\"512\" src=\"https:\/\/antidotejeux.fr\/wp-content\/uploads\/2020\/11\/little-big-fish.jpg\" alt=\"\" class=\"wp-image-311\" srcset=\"https:\/\/antidotejeux.fr\/wp-content\/uploads\/2020\/11\/little-big-fish.jpg 768w, https:\/\/antidotejeux.fr\/wp-content\/uploads\/2020\/11\/little-big-fish-300x200.jpg 300w\" sizes=\"auto, (max-width: 768px) 100vw, 768px\" \/><\/figure><\/div>\n","protected":false},"excerpt":{"rendered":"<p>Vous \u00e9voluez au c\u0153ur de l&rsquo;oc\u00e9an et devez manger 5 poissons adverses pour gagner. Les r\u00e8gles sont faciles \u00e0 comprendre et les parties sont courtes pour pouvoir en encha\u00eener plusieurs. Age A partir de 8 ans Nombre de joueurs 2<\/p>\n","protected":false},"author":1,"featured_media":0,"parent":265,"menu_order":0,"comment_status":"closed","ping_status":"closed","template":"","meta":{"footnotes":""},"class_list":["post-310","page","type-page","status-publish","hentry"],"_links":{"self":[{"href":"https:\/\/antidotejeux.fr\/index.php\/wp-json\/wp\/v2\/pages\/310","targetHints":{"allow":["GET"]}}],"collection":[{"href":"https:\/\/antidotejeux.fr\/index.php\/wp-json\/wp\/v2\/pages"}],"about":[{"href":"https:\/\/antidotejeux.fr\/index.php\/wp-json\/wp\/v2\/types\/page"}],"author":[{"embeddable":true,"href":"https:\/\/antidotejeux.fr\/index.php\/wp-json\/wp\/v2\/users\/1"}],"replies":[{"embeddable":true,"href":"https:\/\/antidotejeux.fr\/index.php\/wp-json\/wp\/v2\/comments?post=310"}],"version-history":[{"count":16,"href":"https:\/\/antidotejeux.fr\/index.php\/wp-json\/wp\/v2\/pages\/310\/revisions"}],"predecessor-version":[{"id":699,"href":"https:\/\/antidotejeux.fr\/index.php\/wp-json\/wp\/v2\/pages\/310\/revisions\/699"}],"up":[{"embeddable":true,"href":"https:\/\/antidotejeux.fr\/index.php\/wp-json\/wp\/v2\/pages\/265"}],"wp:attachment":[{"href":"https:\/\/antidotejeux.fr\/index.php\/wp-json\/wp\/v2\/media?parent=310"}],"curies":[{"name":"wp","href":"https:\/\/api.w.org\/{rel}","templated":true}]}}