{"id":319,"date":"2020-11-26T12:46:22","date_gmt":"2020-11-26T11:46:22","guid":{"rendered":"http:\/\/antidotejeux.fr\/?page_id=319"},"modified":"2020-11-30T16:17:22","modified_gmt":"2020-11-30T15:17:22","slug":"la-petite-mort","status":"publish","type":"page","link":"https:\/\/antidotejeux.fr\/index.php\/jeux-deux\/la-petite-mort\/","title":{"rendered":"La petite mort"},"content":{"rendered":"\n<p class=\"has-text-color\" id=\"mort\" style=\"color:#1e3d59\">Vous poss\u00e9dez des personnages que vous devez faire grandir jusqu&rsquo;\u00e0 leur mort, en parall\u00e8le vous devez essayer de \u00ab\u00a0faucher\u00a0\u00bb les personnes adverses tout en \u00e9vitant que ceux-ci fauchent les v\u00f4tres.<\/p>\n\n\n\n<p class=\"has-text-color\" style=\"color:#1e3d59\">Beaucoup de second degr\u00e9 et d&rsquo;humour pour ce jeu rapide et fun, avec de tr\u00e8s belles illustrations.<\/p>\n\n\n\n<figure class=\"wp-block-table\"><table class=\"has-subtle-light-gray-background-color has-background\"><tbody><tr><td>Age<\/td><td>A partir de 14 ans<\/td><\/tr><tr><td>Nombre de joueurs<\/td><td>De 2 \u00e0 4 joueurs<\/td><\/tr><tr><td>Dur\u00e9e d&rsquo;une partie<\/td><td>20 minutes<\/td><\/tr><\/tbody><\/table><\/figure>\n\n\n\n<div class=\"wp-block-buttons is-layout-flex wp-block-buttons-is-layout-flex\">\n<div class=\"wp-block-button\"><a class=\"wp-block-button__link has-text-color has-background\" href=\"https:\/\/antidotejeux.fr\/index.php\/demande-de-location\/#loc\" style=\"background-color:#ffc13b;color:#1e3d59\" target=\"_blank\" rel=\"noreferrer noopener\">Louer<\/a><\/div>\n<\/div>\n\n\n\n<div class=\"wp-block-image\"><figure class=\"aligncenter size-large\"><img loading=\"lazy\" decoding=\"async\" width=\"768\" height=\"512\" src=\"https:\/\/antidotejeux.fr\/wp-content\/uploads\/2020\/11\/petite-mort.jpg\" alt=\"\" class=\"wp-image-488\" srcset=\"https:\/\/antidotejeux.fr\/wp-content\/uploads\/2020\/11\/petite-mort.jpg 768w, https:\/\/antidotejeux.fr\/wp-content\/uploads\/2020\/11\/petite-mort-300x200.jpg 300w\" sizes=\"auto, (max-width: 768px) 100vw, 768px\" \/><\/figure><\/div>\n","protected":false},"excerpt":{"rendered":"<p>Vous poss\u00e9dez des personnages que vous devez faire grandir jusqu&rsquo;\u00e0 leur mort, en parall\u00e8le vous devez essayer de \u00ab\u00a0faucher\u00a0\u00bb les personnes adverses tout en \u00e9vitant que ceux-ci fauchent les v\u00f4tres. Beaucoup de second degr\u00e9 et d&rsquo;humour pour ce jeu rapide<\/p>\n","protected":false},"author":1,"featured_media":0,"parent":265,"menu_order":0,"comment_status":"closed","ping_status":"closed","template":"","meta":{"footnotes":""},"class_list":["post-319","page","type-page","status-publish","hentry"],"_links":{"self":[{"href":"https:\/\/antidotejeux.fr\/index.php\/wp-json\/wp\/v2\/pages\/319","targetHints":{"allow":["GET"]}}],"collection":[{"href":"https:\/\/antidotejeux.fr\/index.php\/wp-json\/wp\/v2\/pages"}],"about":[{"href":"https:\/\/antidotejeux.fr\/index.php\/wp-json\/wp\/v2\/types\/page"}],"author":[{"embeddable":true,"href":"https:\/\/antidotejeux.fr\/index.php\/wp-json\/wp\/v2\/users\/1"}],"replies":[{"embeddable":true,"href":"https:\/\/antidotejeux.fr\/index.php\/wp-json\/wp\/v2\/comments?post=319"}],"version-history":[{"count":6,"href":"https:\/\/antidotejeux.fr\/index.php\/wp-json\/wp\/v2\/pages\/319\/revisions"}],"predecessor-version":[{"id":729,"href":"https:\/\/antidotejeux.fr\/index.php\/wp-json\/wp\/v2\/pages\/319\/revisions\/729"}],"up":[{"embeddable":true,"href":"https:\/\/antidotejeux.fr\/index.php\/wp-json\/wp\/v2\/pages\/265"}],"wp:attachment":[{"href":"https:\/\/antidotejeux.fr\/index.php\/wp-json\/wp\/v2\/media?parent=319"}],"curies":[{"name":"wp","href":"https:\/\/api.w.org\/{rel}","templated":true}]}}