{"id":339,"date":"2020-11-27T12:06:24","date_gmt":"2020-11-27T11:06:24","guid":{"rendered":"http:\/\/antidotejeux.fr\/?page_id=339"},"modified":"2020-12-14T17:21:22","modified_gmt":"2020-12-14T16:21:22","slug":"oriflamme","status":"publish","type":"page","link":"https:\/\/antidotejeux.fr\/index.php\/nice-support\/oriflamme\/","title":{"rendered":"Oriflamme"},"content":{"rendered":"\n<p class=\"has-text-color\" id=\"ori\" style=\"color:#1e3d59\">Vous \u00eates \u00e0 la t\u00eate d&rsquo;une famille et devez lutter pour le pouvoir (un petit air de Games of Throne&#8230;). Il faudra \u00eatre fin strat\u00e8ge pour placer au mieux votre h\u00e9ritier, votre archer, votre espion&#8230; C&rsquo;est un excellent jeu qui a gagn\u00e9 un As d&rsquo;Or \u00e0 Cannes (l&rsquo;\u00e9quivalent d&rsquo;une palme d&rsquo;or pour les films). <\/p>\n\n\n\n<figure class=\"wp-block-table\"><table class=\"has-subtle-light-gray-background-color has-background\"><tbody><tr><td>Age<\/td><td>A partir de 10 ans<\/td><\/tr><tr><td>Nombre de joueurs<\/td><td>De 3 \u00e0 5 joueurs<\/td><\/tr><tr><td>Dur\u00e9e d&rsquo;une partie<\/td><td>20\/25 minutes<\/td><\/tr><\/tbody><\/table><\/figure>\n\n\n\n<p class=\"has-text-color has-background\" style=\"background-color:#ffc13b;color:#1e3d59\">Actuellement lou\u00e9 &#8211; il sera de retour mi-janvier<\/p>\n\n\n\n<div class=\"wp-block-buttons is-layout-flex wp-block-buttons-is-layout-flex\">\n<div class=\"wp-block-button is-style-outline is-style-outline--1\"><a class=\"wp-block-button__link has-text-color has-background\" href=\"https:\/\/antidotejeux.fr\/index.php\/demande-de-location\/#loc\" style=\"background-color:#ffc13b;color:#1e3d59\" target=\"_blank\" rel=\"noreferrer noopener\">Louer<\/a><\/div>\n<\/div>\n\n\n\n<div class=\"wp-block-image\"><figure class=\"aligncenter size-large\"><img loading=\"lazy\" decoding=\"async\" width=\"768\" height=\"512\" src=\"https:\/\/antidotejeux.fr\/wp-content\/uploads\/2020\/11\/oriflamme.jpg\" alt=\"\" class=\"wp-image-475\" srcset=\"https:\/\/antidotejeux.fr\/wp-content\/uploads\/2020\/11\/oriflamme.jpg 768w, https:\/\/antidotejeux.fr\/wp-content\/uploads\/2020\/11\/oriflamme-300x200.jpg 300w\" sizes=\"auto, (max-width: 768px) 100vw, 768px\" \/><\/figure><\/div>\n","protected":false},"excerpt":{"rendered":"<p>Vous \u00eates \u00e0 la t\u00eate d&rsquo;une famille et devez lutter pour le pouvoir (un petit air de Games of Throne&#8230;). Il faudra \u00eatre fin strat\u00e8ge pour placer au mieux votre h\u00e9ritier, votre archer, votre espion&#8230; C&rsquo;est un excellent jeu qui<\/p>\n","protected":false},"author":1,"featured_media":0,"parent":267,"menu_order":0,"comment_status":"closed","ping_status":"closed","template":"","meta":{"footnotes":""},"class_list":["post-339","page","type-page","status-publish","hentry"],"_links":{"self":[{"href":"https:\/\/antidotejeux.fr\/index.php\/wp-json\/wp\/v2\/pages\/339","targetHints":{"allow":["GET"]}}],"collection":[{"href":"https:\/\/antidotejeux.fr\/index.php\/wp-json\/wp\/v2\/pages"}],"about":[{"href":"https:\/\/antidotejeux.fr\/index.php\/wp-json\/wp\/v2\/types\/page"}],"author":[{"embeddable":true,"href":"https:\/\/antidotejeux.fr\/index.php\/wp-json\/wp\/v2\/users\/1"}],"replies":[{"embeddable":true,"href":"https:\/\/antidotejeux.fr\/index.php\/wp-json\/wp\/v2\/comments?post=339"}],"version-history":[{"count":9,"href":"https:\/\/antidotejeux.fr\/index.php\/wp-json\/wp\/v2\/pages\/339\/revisions"}],"predecessor-version":[{"id":989,"href":"https:\/\/antidotejeux.fr\/index.php\/wp-json\/wp\/v2\/pages\/339\/revisions\/989"}],"up":[{"embeddable":true,"href":"https:\/\/antidotejeux.fr\/index.php\/wp-json\/wp\/v2\/pages\/267"}],"wp:attachment":[{"href":"https:\/\/antidotejeux.fr\/index.php\/wp-json\/wp\/v2\/media?parent=339"}],"curies":[{"name":"wp","href":"https:\/\/api.w.org\/{rel}","templated":true}]}}