{"id":394,"date":"2020-11-27T13:56:08","date_gmt":"2020-11-27T12:56:08","guid":{"rendered":"http:\/\/antidotejeux.fr\/?page_id=394"},"modified":"2020-11-27T14:11:52","modified_gmt":"2020-11-27T13:11:52","slug":"demande-de-location","status":"publish","type":"page","link":"https:\/\/antidotejeux.fr\/index.php\/demande-de-location\/","title":{"rendered":"Demande de location"},"content":{"rendered":"\n<p class=\"has-text-color has-background\" id=\"loc\" style=\"background-color:#ffc13b;color:#1e3d59\">Remplissez le formulaire ci-dessous afin de m&rsquo;envoyer votre demande de location de jeu. Vous recevrez une r\u00e9ponse rapide afin d&rsquo;organiser la r\u00e9cup\u00e9ration du jeu. <\/p>\n\n\n","protected":false},"excerpt":{"rendered":"<p>Remplissez le formulaire ci-dessous afin de m&rsquo;envoyer votre demande de location de jeu. Vous recevrez une r\u00e9ponse rapide afin d&rsquo;organiser la r\u00e9cup\u00e9ration du jeu.<\/p>\n","protected":false},"author":1,"featured_media":0,"parent":0,"menu_order":0,"comment_status":"closed","ping_status":"closed","template":"","meta":{"footnotes":""},"class_list":["post-394","page","type-page","status-publish","hentry"],"_links":{"self":[{"href":"https:\/\/antidotejeux.fr\/index.php\/wp-json\/wp\/v2\/pages\/394","targetHints":{"allow":["GET"]}}],"collection":[{"href":"https:\/\/antidotejeux.fr\/index.php\/wp-json\/wp\/v2\/pages"}],"about":[{"href":"https:\/\/antidotejeux.fr\/index.php\/wp-json\/wp\/v2\/types\/page"}],"author":[{"embeddable":true,"href":"https:\/\/antidotejeux.fr\/index.php\/wp-json\/wp\/v2\/users\/1"}],"replies":[{"embeddable":true,"href":"https:\/\/antidotejeux.fr\/index.php\/wp-json\/wp\/v2\/comments?post=394"}],"version-history":[{"count":7,"href":"https:\/\/antidotejeux.fr\/index.php\/wp-json\/wp\/v2\/pages\/394\/revisions"}],"predecessor-version":[{"id":402,"href":"https:\/\/antidotejeux.fr\/index.php\/wp-json\/wp\/v2\/pages\/394\/revisions\/402"}],"wp:attachment":[{"href":"https:\/\/antidotejeux.fr\/index.php\/wp-json\/wp\/v2\/media?parent=394"}],"curies":[{"name":"wp","href":"https:\/\/api.w.org\/{rel}","templated":true}]}}