{"id":409,"date":"2020-11-27T14:18:52","date_gmt":"2020-11-27T13:18:52","guid":{"rendered":"http:\/\/antidotejeux.fr\/?page_id=409"},"modified":"2020-11-30T16:01:50","modified_gmt":"2020-11-30T15:01:50","slug":"naga-raja","status":"publish","type":"page","link":"https:\/\/antidotejeux.fr\/index.php\/jeux-deux\/naga-raja\/","title":{"rendered":"Naga Raja"},"content":{"rendered":"\n<p class=\"has-text-color\" id=\"naga\" style=\"color:#1e3d59\">Vous devez explorer votre temple pour y d\u00e9couvrir des reliques (en faisant attention de ne pas d\u00e9voiler 3 reliques maudites) mais vous devez affronter votre adversaire pour gagner les pi\u00e8ces vous permettant de compl\u00e9ter votre labyrinthe.<\/p>\n\n\n\n<p class=\"has-text-color\" style=\"color:#1e3d59\">Un jeu original avec des b\u00e2tonnets en guise de d\u00e9s et des belles illustrations pour ce jeu complet et bien pens\u00e9 (assez rare de trouver des jeux \u00e0 deux avec cette qualit\u00e9 de jeu)<\/p>\n\n\n\n<figure class=\"wp-block-table\"><table class=\"has-subtle-light-gray-background-color has-background\"><tbody><tr><td>Age<\/td><td>A partir de 9 ans<\/td><\/tr><tr><td>Nombre de joueurs<\/td><td>2 joueurs<\/td><\/tr><tr><td>Dur\u00e9e d&rsquo;une partie<\/td><td>40 minutes<\/td><\/tr><\/tbody><\/table><\/figure>\n\n\n\n<div class=\"wp-block-buttons is-layout-flex wp-block-buttons-is-layout-flex\">\n<div class=\"wp-block-button is-style-outline is-style-outline--1\"><a class=\"wp-block-button__link has-text-color has-background\" href=\"https:\/\/antidotejeux.fr\/index.php\/demande-de-location\/#loc\" style=\"background-color:#ffc13b;color:#1e3d59\" target=\"_blank\" rel=\"noreferrer noopener\">Louer<\/a><\/div>\n<\/div>\n\n\n\n<div class=\"wp-block-image\"><figure class=\"aligncenter size-large\"><img loading=\"lazy\" decoding=\"async\" width=\"768\" height=\"512\" src=\"https:\/\/antidotejeux.fr\/wp-content\/uploads\/2020\/11\/naga-raja.jpg\" alt=\"\" class=\"wp-image-684\" srcset=\"https:\/\/antidotejeux.fr\/wp-content\/uploads\/2020\/11\/naga-raja.jpg 768w, https:\/\/antidotejeux.fr\/wp-content\/uploads\/2020\/11\/naga-raja-300x200.jpg 300w\" sizes=\"auto, (max-width: 768px) 100vw, 768px\" \/><\/figure><\/div>\n\n\n\n<p><\/p>\n","protected":false},"excerpt":{"rendered":"<p>Vous devez explorer votre temple pour y d\u00e9couvrir des reliques (en faisant attention de ne pas d\u00e9voiler 3 reliques maudites) mais vous devez affronter votre adversaire pour gagner les pi\u00e8ces vous permettant de compl\u00e9ter votre labyrinthe. Un jeu original avec<\/p>\n","protected":false},"author":1,"featured_media":0,"parent":265,"menu_order":0,"comment_status":"closed","ping_status":"closed","template":"","meta":{"footnotes":""},"class_list":["post-409","page","type-page","status-publish","hentry"],"_links":{"self":[{"href":"https:\/\/antidotejeux.fr\/index.php\/wp-json\/wp\/v2\/pages\/409","targetHints":{"allow":["GET"]}}],"collection":[{"href":"https:\/\/antidotejeux.fr\/index.php\/wp-json\/wp\/v2\/pages"}],"about":[{"href":"https:\/\/antidotejeux.fr\/index.php\/wp-json\/wp\/v2\/types\/page"}],"author":[{"embeddable":true,"href":"https:\/\/antidotejeux.fr\/index.php\/wp-json\/wp\/v2\/users\/1"}],"replies":[{"embeddable":true,"href":"https:\/\/antidotejeux.fr\/index.php\/wp-json\/wp\/v2\/comments?post=409"}],"version-history":[{"count":11,"href":"https:\/\/antidotejeux.fr\/index.php\/wp-json\/wp\/v2\/pages\/409\/revisions"}],"predecessor-version":[{"id":707,"href":"https:\/\/antidotejeux.fr\/index.php\/wp-json\/wp\/v2\/pages\/409\/revisions\/707"}],"up":[{"embeddable":true,"href":"https:\/\/antidotejeux.fr\/index.php\/wp-json\/wp\/v2\/pages\/265"}],"wp:attachment":[{"href":"https:\/\/antidotejeux.fr\/index.php\/wp-json\/wp\/v2\/media?parent=409"}],"curies":[{"name":"wp","href":"https:\/\/api.w.org\/{rel}","templated":true}]}}