{"id":415,"date":"2020-11-27T14:23:02","date_gmt":"2020-11-27T13:23:02","guid":{"rendered":"http:\/\/antidotejeux.fr\/?page_id=415"},"modified":"2020-12-04T07:54:09","modified_gmt":"2020-12-04T06:54:09","slug":"hanabi","status":"publish","type":"page","link":"https:\/\/antidotejeux.fr\/index.php\/coop-escape-game\/hanabi\/","title":{"rendered":"Hanabi"},"content":{"rendered":"\n<p class=\"has-text-color\" id=\"hanabi\" style=\"color:#1e3d59\">Vous devez r\u00e9aliser le plus beau des feux d&rsquo;artifices tous ensemble; pour cela vous devez collaborer en communiquant et m\u00e9morisant les informations donn\u00e9es par vos co\u00e9quipiers. Mais attention vous b\u00e9n\u00e9ficiez d&rsquo;un certain nombre de jetons pour vous permettre de donner une information \u00e0 vos co\u00e9quipiers; quand les jetons sont \u00e9puis\u00e9s vous devez vous d\u00e9fausser d&rsquo;une carte pour en r\u00e9cup\u00e9rer un. Si vous faites une erreur vous perdez un point de vie, attention vous n&rsquo;en avez que 3. <\/p>\n\n\n\n<p class=\"has-text-color\" id=\"hanabi\" style=\"color:#1e3d59\"> Il est facile de comprendre les r\u00e8gles, pas forc\u00e9ment facile de gagner! Il vous faudra de la m\u00e9moire, de la logique et peut-\u00eatre un peu de chance<\/p>\n\n\n\n<figure class=\"wp-block-table\"><table class=\"has-subtle-light-gray-background-color has-background\"><tbody><tr><td>Age<\/td><td>A partir de 8 ans<\/td><\/tr><tr><td>Nombre de joueurs<\/td><td>2 \u00e0 5 joueurs<\/td><\/tr><tr><td>Dur\u00e9e d&rsquo;une partie<\/td><td>30 minutes<\/td><\/tr><\/tbody><\/table><\/figure>\n\n\n\n<div class=\"wp-block-buttons is-layout-flex wp-block-buttons-is-layout-flex\">\n<div class=\"wp-block-button is-style-outline is-style-outline--1\"><a class=\"wp-block-button__link has-text-color has-background\" href=\"https:\/\/antidotejeux.fr\/index.php\/demande-de-location\/#loc\" style=\"background-color:#ffc13b;color:#1e3d59\" target=\"_blank\" rel=\"noreferrer noopener\">Louer<\/a><\/div>\n<\/div>\n\n\n\n<div class=\"wp-block-image\"><figure class=\"aligncenter size-large\"><img loading=\"lazy\" decoding=\"async\" width=\"768\" height=\"512\" src=\"https:\/\/antidotejeux.fr\/wp-content\/uploads\/2020\/11\/hanabi.jpg\" alt=\"\" class=\"wp-image-467\" srcset=\"https:\/\/antidotejeux.fr\/wp-content\/uploads\/2020\/11\/hanabi.jpg 768w, https:\/\/antidotejeux.fr\/wp-content\/uploads\/2020\/11\/hanabi-300x200.jpg 300w\" sizes=\"auto, (max-width: 768px) 100vw, 768px\" \/><\/figure><\/div>\n","protected":false},"excerpt":{"rendered":"<p>Vous devez r\u00e9aliser le plus beau des feux d&rsquo;artifices tous ensemble; pour cela vous devez collaborer en communiquant et m\u00e9morisant les informations donn\u00e9es par vos co\u00e9quipiers. Mais attention vous b\u00e9n\u00e9ficiez d&rsquo;un certain nombre de jetons pour vous permettre de donner<\/p>\n","protected":false},"author":1,"featured_media":0,"parent":89,"menu_order":0,"comment_status":"closed","ping_status":"closed","template":"","meta":{"footnotes":""},"class_list":["post-415","page","type-page","status-publish","hentry"],"_links":{"self":[{"href":"https:\/\/antidotejeux.fr\/index.php\/wp-json\/wp\/v2\/pages\/415","targetHints":{"allow":["GET"]}}],"collection":[{"href":"https:\/\/antidotejeux.fr\/index.php\/wp-json\/wp\/v2\/pages"}],"about":[{"href":"https:\/\/antidotejeux.fr\/index.php\/wp-json\/wp\/v2\/types\/page"}],"author":[{"embeddable":true,"href":"https:\/\/antidotejeux.fr\/index.php\/wp-json\/wp\/v2\/users\/1"}],"replies":[{"embeddable":true,"href":"https:\/\/antidotejeux.fr\/index.php\/wp-json\/wp\/v2\/comments?post=415"}],"version-history":[{"count":12,"href":"https:\/\/antidotejeux.fr\/index.php\/wp-json\/wp\/v2\/pages\/415\/revisions"}],"predecessor-version":[{"id":752,"href":"https:\/\/antidotejeux.fr\/index.php\/wp-json\/wp\/v2\/pages\/415\/revisions\/752"}],"up":[{"embeddable":true,"href":"https:\/\/antidotejeux.fr\/index.php\/wp-json\/wp\/v2\/pages\/89"}],"wp:attachment":[{"href":"https:\/\/antidotejeux.fr\/index.php\/wp-json\/wp\/v2\/media?parent=415"}],"curies":[{"name":"wp","href":"https:\/\/api.w.org\/{rel}","templated":true}]}}