{"id":441,"date":"2020-11-27T14:41:46","date_gmt":"2020-11-27T13:41:46","guid":{"rendered":"http:\/\/antidotejeux.fr\/?page_id=441"},"modified":"2024-10-30T10:38:43","modified_gmt":"2024-10-30T09:38:43","slug":"mes-jeux-preferes","status":"publish","type":"page","link":"https:\/\/antidotejeux.fr\/index.php\/mes-jeux-preferes\/","title":{"rendered":"Mes jeux pr\u00e9f\u00e9r\u00e9s"},"content":{"rendered":"\n<p class=\"has-text-color has-background has-medium-font-size\" style=\"color:#1e3d59;background-color:#ffc13b\">Je vous partage ici mes coups de c\u0153ur, les jeux auxquels je joue r\u00e9guli\u00e8rement. J&rsquo;esp\u00e8re d\u00e9couvrir de nouveaux jeux qui vont m&rsquo;enthousiasmer et  que je rajouterais \u00e0 cette liste<\/p>\n\n\n\n<p><\/p>\n\n\n\n<div class=\"wp-block-media-text alignwide is-stacked-on-mobile\"><figure class=\"wp-block-media-text__media\"><img loading=\"lazy\" decoding=\"async\" width=\"768\" height=\"512\" src=\"https:\/\/antidotejeux.fr\/wp-content\/uploads\/2020\/11\/oriflamme.jpg\" alt=\"\" class=\"wp-image-475 size-full\" srcset=\"https:\/\/antidotejeux.fr\/wp-content\/uploads\/2020\/11\/oriflamme.jpg 768w, https:\/\/antidotejeux.fr\/wp-content\/uploads\/2020\/11\/oriflamme-300x200.jpg 300w\" sizes=\"auto, (max-width: 768px) 100vw, 768px\" \/><\/figure><div class=\"wp-block-media-text__content\">\n<p class=\"has-text-color has-background has-medium-font-size\" style=\"color:#1e3d59;background-color:#ffc13b\">J&rsquo;ai ador\u00e9 ce jeu d\u00e8s la premi\u00e8re partie car il a une m\u00e9canique de jeu novatrice. Aucune partie ne se ressemble et je ne m&rsquo;en lasse pas!<\/p>\n<\/div><\/div>\n\n\n\n<div class=\"wp-block-media-text alignwide is-stacked-on-mobile\"><figure class=\"wp-block-media-text__media\"><img loading=\"lazy\" decoding=\"async\" width=\"768\" height=\"512\" src=\"https:\/\/antidotejeux.fr\/wp-content\/uploads\/2020\/11\/naga-raja.jpg\" alt=\"\" class=\"wp-image-684 size-full\" srcset=\"https:\/\/antidotejeux.fr\/wp-content\/uploads\/2020\/11\/naga-raja.jpg 768w, https:\/\/antidotejeux.fr\/wp-content\/uploads\/2020\/11\/naga-raja-300x200.jpg 300w\" sizes=\"auto, (max-width: 768px) 100vw, 768px\" \/><\/figure><div class=\"wp-block-media-text__content\">\n<p class=\"has-text-color has-background has-medium-font-size\" style=\"color:#1e3d59;background-color:#ffc13b\">J&rsquo;aime ce tr\u00e8s beau jeu \u00e0 deux joueurs car il est \u00e9labor\u00e9 ce qui est assez rare pour un jeu fait pour deux joueurs (m\u00eame s&rsquo;il y en a de plus en plus, c&rsquo;est assez compliqu\u00e9 de trouver des bons jeux \u00e0 deux; celui-l\u00e0 en est assur\u00e9ment un!)<\/p>\n<\/div><\/div>\n\n\n\n<div class=\"wp-block-media-text alignwide is-stacked-on-mobile\"><figure class=\"wp-block-media-text__media\"><img loading=\"lazy\" decoding=\"async\" width=\"768\" height=\"512\" src=\"https:\/\/antidotejeux.fr\/wp-content\/uploads\/2020\/11\/hanabi.jpg\" alt=\"\" class=\"wp-image-467 size-full\" srcset=\"https:\/\/antidotejeux.fr\/wp-content\/uploads\/2020\/11\/hanabi.jpg 768w, https:\/\/antidotejeux.fr\/wp-content\/uploads\/2020\/11\/hanabi-300x200.jpg 300w\" sizes=\"auto, (max-width: 768px) 100vw, 768px\" \/><\/figure><div class=\"wp-block-media-text__content\">\n<p class=\"has-text-color has-background has-medium-font-size\" style=\"color:#1e3d59;background-color:#ffc13b\">J&rsquo;aime Hanabi car j&rsquo;ai l&rsquo;impression de faire travailler ma m\u00e9moire \ud83d\ude42<\/p>\n<\/div><\/div>\n\n\n\n<div class=\"wp-block-media-text alignwide is-stacked-on-mobile\"><figure class=\"wp-block-media-text__media\"><img loading=\"lazy\" decoding=\"async\" width=\"768\" height=\"512\" src=\"https:\/\/antidotejeux.fr\/wp-content\/uploads\/2020\/11\/schotten-totten.jpg\" alt=\"\" class=\"wp-image-491 size-full\" srcset=\"https:\/\/antidotejeux.fr\/wp-content\/uploads\/2020\/11\/schotten-totten.jpg 768w, https:\/\/antidotejeux.fr\/wp-content\/uploads\/2020\/11\/schotten-totten-300x200.jpg 300w\" sizes=\"auto, (max-width: 768px) 100vw, 768px\" \/><\/figure><div class=\"wp-block-media-text__content\">\n<p class=\"has-text-color has-background has-medium-font-size\" style=\"color:#1e3d59;background-color:#ffc13b\">Schotten Totten est le jeu auquel je joue le plus souvent ! Je l&#8217;emm\u00e8ne en weekend, en vacances&#8230; Il est simple et les parties sont rapides<\/p>\n<\/div><\/div>\n\n\n\n<div class=\"wp-block-media-text alignwide is-stacked-on-mobile\"><figure class=\"wp-block-media-text__media\"><img loading=\"lazy\" decoding=\"async\" width=\"768\" height=\"512\" src=\"https:\/\/antidotejeux.fr\/wp-content\/uploads\/2020\/12\/sagrada.jpg\" alt=\"\" class=\"wp-image-820 size-full\" srcset=\"https:\/\/antidotejeux.fr\/wp-content\/uploads\/2020\/12\/sagrada.jpg 768w, https:\/\/antidotejeux.fr\/wp-content\/uploads\/2020\/12\/sagrada-300x200.jpg 300w\" sizes=\"auto, (max-width: 768px) 100vw, 768px\" \/><\/figure><div class=\"wp-block-media-text__content\">\n<p class=\"has-text-color has-background has-medium-font-size\" style=\"color:#1e3d59;background-color:#ffc13b\">Contrairement \u00e0 d&rsquo;autres jeux, Sagrada est un jeu plut\u00f4t apaisant o\u00f9 chacun est concentr\u00e9 sur sa strat\u00e9gie. <\/p>\n<\/div><\/div>\n\n\n\n<div class=\"wp-block-media-text alignwide is-stacked-on-mobile\"><figure class=\"wp-block-media-text__media\"><img loading=\"lazy\" decoding=\"async\" width=\"768\" height=\"512\" src=\"https:\/\/antidotejeux.fr\/wp-content\/uploads\/2020\/11\/takenoko.jpg\" alt=\"\" class=\"wp-image-623 size-full\" srcset=\"https:\/\/antidotejeux.fr\/wp-content\/uploads\/2020\/11\/takenoko.jpg 768w, https:\/\/antidotejeux.fr\/wp-content\/uploads\/2020\/11\/takenoko-300x200.jpg 300w\" sizes=\"auto, (max-width: 768px) 100vw, 768px\" \/><\/figure><div class=\"wp-block-media-text__content\">\n<p class=\"has-text-color has-background has-medium-font-size\" style=\"color:#1e3d59;background-color:#ffc13b\">J&rsquo;adore l&rsquo;ambiance et les d\u00e9cors de Takenoko. J&rsquo;aime aussi le fait qu&rsquo;il y a de nombreuses actions \u00e0 choisir et \u00e0 faire pendant son tour<\/p>\n<\/div><\/div>\n\n\n\n<div class=\"wp-block-media-text alignwide is-stacked-on-mobile\"><figure class=\"wp-block-media-text__media\"><img loading=\"lazy\" decoding=\"async\" width=\"768\" height=\"512\" src=\"https:\/\/antidotejeux.fr\/wp-content\/uploads\/2020\/11\/roi-des-nains.jpg\" alt=\"\" class=\"wp-image-652 size-full\" srcset=\"https:\/\/antidotejeux.fr\/wp-content\/uploads\/2020\/11\/roi-des-nains.jpg 768w, https:\/\/antidotejeux.fr\/wp-content\/uploads\/2020\/11\/roi-des-nains-300x200.jpg 300w\" sizes=\"auto, (max-width: 768px) 100vw, 768px\" \/><\/figure><div class=\"wp-block-media-text__content\">\n<p class=\"has-text-color has-background has-medium-font-size\" style=\"color:#1e3d59;background-color:#ffc13b\">Ce qui me plait dans ce jeu c&rsquo;est son c\u00f4t\u00e9 un peu d\u00e9jant\u00e9 (il faut parfois perdre des plis ou faire gagner son voisin qui lui aussi ne cherche pas \u00e0 gagner mais \u00e0 faire gagner son voisin)<\/p>\n<\/div><\/div>\n\n\n\n<div class=\"wp-block-media-text alignwide has-text-color\" style=\"color:#1e3d59\"><figure class=\"wp-block-media-text__media\"><img loading=\"lazy\" decoding=\"async\" width=\"768\" height=\"512\" src=\"https:\/\/antidotejeux.fr\/wp-content\/uploads\/2020\/11\/saboteur.jpg\" alt=\"\" class=\"wp-image-482 size-full\" srcset=\"https:\/\/antidotejeux.fr\/wp-content\/uploads\/2020\/11\/saboteur.jpg 768w, https:\/\/antidotejeux.fr\/wp-content\/uploads\/2020\/11\/saboteur-300x200.jpg 300w\" sizes=\"auto, (max-width: 768px) 100vw, 768px\" \/><\/figure><div class=\"wp-block-media-text__content\">\n<p class=\"has-text-color has-background has-medium-font-size\" style=\"color:#1e3d59;background-color:#ffc13b\">J&rsquo;adore le concept de ce jeu: un jeu d&rsquo;\u00e9quipe o\u00f9 ne connait pas au d\u00e9but du jeu ses co\u00e9quipiers! Un jeu qui me rappelle les milles bornes mais en moins r\u00e9p\u00e9titif<\/p>\n<\/div><\/div>\n\n\n\n<div class=\"wp-block-media-text alignwide is-stacked-on-mobile\"><figure class=\"wp-block-media-text__media\"><img loading=\"lazy\" decoding=\"async\" width=\"764\" height=\"509\" src=\"https:\/\/antidotejeux.fr\/wp-content\/uploads\/2020\/11\/non-merci.jpg\" alt=\"\" class=\"wp-image-612 size-full\" srcset=\"https:\/\/antidotejeux.fr\/wp-content\/uploads\/2020\/11\/non-merci.jpg 764w, https:\/\/antidotejeux.fr\/wp-content\/uploads\/2020\/11\/non-merci-300x200.jpg 300w\" sizes=\"auto, (max-width: 764px) 100vw, 764px\" \/><\/figure><div class=\"wp-block-media-text__content\">\n<p class=\"has-text-color has-background has-medium-font-size\" style=\"color:#1e3d59;background-color:#ffc13b\">Lorsque j&rsquo;ai ramen\u00e9 ce jeu pour des f\u00eates de No\u00ebl, nous n&rsquo;avons pas cess\u00e9 d&rsquo;y jouer pendant toutes les f\u00eates! Il a plu \u00e0 tout le monde petits et grands<\/p>\n<\/div><\/div>\n\n\n\n<p><\/p>\n","protected":false},"excerpt":{"rendered":"<p>Je vous partage ici mes coups de c\u0153ur, les jeux auxquels je joue r\u00e9guli\u00e8rement. J&rsquo;esp\u00e8re d\u00e9couvrir de nouveaux jeux qui vont m&rsquo;enthousiasmer et que je rajouterais \u00e0 cette liste J&rsquo;ai ador\u00e9 ce jeu d\u00e8s la premi\u00e8re partie car il a<\/p>\n","protected":false},"author":1,"featured_media":0,"parent":0,"menu_order":0,"comment_status":"closed","ping_status":"closed","template":"","meta":{"footnotes":""},"class_list":["post-441","page","type-page","status-publish","hentry"],"_links":{"self":[{"href":"https:\/\/antidotejeux.fr\/index.php\/wp-json\/wp\/v2\/pages\/441","targetHints":{"allow":["GET"]}}],"collection":[{"href":"https:\/\/antidotejeux.fr\/index.php\/wp-json\/wp\/v2\/pages"}],"about":[{"href":"https:\/\/antidotejeux.fr\/index.php\/wp-json\/wp\/v2\/types\/page"}],"author":[{"embeddable":true,"href":"https:\/\/antidotejeux.fr\/index.php\/wp-json\/wp\/v2\/users\/1"}],"replies":[{"embeddable":true,"href":"https:\/\/antidotejeux.fr\/index.php\/wp-json\/wp\/v2\/comments?post=441"}],"version-history":[{"count":28,"href":"https:\/\/antidotejeux.fr\/index.php\/wp-json\/wp\/v2\/pages\/441\/revisions"}],"predecessor-version":[{"id":1045,"href":"https:\/\/antidotejeux.fr\/index.php\/wp-json\/wp\/v2\/pages\/441\/revisions\/1045"}],"wp:attachment":[{"href":"https:\/\/antidotejeux.fr\/index.php\/wp-json\/wp\/v2\/media?parent=441"}],"curies":[{"name":"wp","href":"https:\/\/api.w.org\/{rel}","templated":true}]}}