{"id":449,"date":"2020-11-27T14:47:13","date_gmt":"2020-11-27T13:47:13","guid":{"rendered":"http:\/\/antidotejeux.fr\/?page_id=449"},"modified":"2020-11-27T17:29:00","modified_gmt":"2020-11-27T16:29:00","slug":"le-saboteur-et-son-extension","status":"publish","type":"page","link":"https:\/\/antidotejeux.fr\/index.php\/famille\/le-saboteur-et-son-extension\/","title":{"rendered":"Le saboteur (et son extension)"},"content":{"rendered":"\n<p class=\"has-text-color has-normal-font-size\" id=\"saboteur\" style=\"color:#1e3d59\">Un jeu o\u00f9 on joue en \u00e9quipe mais on commence la partie sans savoir  qui sont ses co\u00e9quipiers, il va falloir le deviner ! Certains sont \u00e0 la recherche d&rsquo;or et les autres sont des saboteurs bien d\u00e9cid\u00e9s \u00e0 les emp\u00eacher de trouver les p\u00e9pites. <\/p>\n\n\n\n<p class=\"has-text-color has-normal-font-size\" id=\"saboteur\" style=\"color:#1e3d59\"><br>Du bluff, de la complicit\u00e9 et des retournements de situation vont pimenter les parties<\/p>\n\n\n\n<figure class=\"wp-block-table\"><table class=\"has-subtle-light-gray-background-color has-background\"><tbody><tr><td>Age<\/td><td>A partir de 8 ans<\/td><\/tr><tr><td>Nombre de joueurs<\/td><td>De 2 \u00e0 12 joueurs<\/td><\/tr><tr><td>Dur\u00e9e des parties<\/td><td>30 minutes<\/td><\/tr><\/tbody><\/table><\/figure>\n\n\n\n<div class=\"wp-block-buttons is-layout-flex wp-block-buttons-is-layout-flex\">\n<div class=\"wp-block-button is-style-outline is-style-outline--1\"><a class=\"wp-block-button__link has-text-color has-background\" href=\"https:\/\/antidotejeux.fr\/index.php\/demande-de-location\/#loc\" style=\"background-color:#ffc13b;color:#1e3d59\" target=\"_blank\" rel=\"noreferrer noopener\">Louer<\/a><\/div>\n<\/div>\n\n\n\n<div class=\"wp-block-image\"><figure class=\"aligncenter size-large\"><img loading=\"lazy\" decoding=\"async\" width=\"768\" height=\"512\" src=\"https:\/\/antidotejeux.fr\/wp-content\/uploads\/2020\/11\/saboteur.jpg\" alt=\"\" class=\"wp-image-482\" srcset=\"https:\/\/antidotejeux.fr\/wp-content\/uploads\/2020\/11\/saboteur.jpg 768w, https:\/\/antidotejeux.fr\/wp-content\/uploads\/2020\/11\/saboteur-300x200.jpg 300w\" sizes=\"auto, (max-width: 768px) 100vw, 768px\" \/><\/figure><\/div>\n","protected":false},"excerpt":{"rendered":"<p>Un jeu o\u00f9 on joue en \u00e9quipe mais on commence la partie sans savoir qui sont ses co\u00e9quipiers, il va falloir le deviner ! Certains sont \u00e0 la recherche d&rsquo;or et les autres sont des saboteurs bien d\u00e9cid\u00e9s \u00e0 les<\/p>\n","protected":false},"author":1,"featured_media":0,"parent":136,"menu_order":0,"comment_status":"closed","ping_status":"closed","template":"","meta":{"footnotes":""},"class_list":["post-449","page","type-page","status-publish","hentry"],"_links":{"self":[{"href":"https:\/\/antidotejeux.fr\/index.php\/wp-json\/wp\/v2\/pages\/449","targetHints":{"allow":["GET"]}}],"collection":[{"href":"https:\/\/antidotejeux.fr\/index.php\/wp-json\/wp\/v2\/pages"}],"about":[{"href":"https:\/\/antidotejeux.fr\/index.php\/wp-json\/wp\/v2\/types\/page"}],"author":[{"embeddable":true,"href":"https:\/\/antidotejeux.fr\/index.php\/wp-json\/wp\/v2\/users\/1"}],"replies":[{"embeddable":true,"href":"https:\/\/antidotejeux.fr\/index.php\/wp-json\/wp\/v2\/comments?post=449"}],"version-history":[{"count":12,"href":"https:\/\/antidotejeux.fr\/index.php\/wp-json\/wp\/v2\/pages\/449\/revisions"}],"predecessor-version":[{"id":611,"href":"https:\/\/antidotejeux.fr\/index.php\/wp-json\/wp\/v2\/pages\/449\/revisions\/611"}],"up":[{"embeddable":true,"href":"https:\/\/antidotejeux.fr\/index.php\/wp-json\/wp\/v2\/pages\/136"}],"wp:attachment":[{"href":"https:\/\/antidotejeux.fr\/index.php\/wp-json\/wp\/v2\/media?parent=449"}],"curies":[{"name":"wp","href":"https:\/\/api.w.org\/{rel}","templated":true}]}}