{"id":516,"date":"2020-11-27T16:36:04","date_gmt":"2020-11-27T15:36:04","guid":{"rendered":"http:\/\/antidotejeux.fr\/?page_id=516"},"modified":"2020-11-30T15:31:35","modified_gmt":"2020-11-30T14:31:35","slug":"deblock","status":"publish","type":"page","link":"https:\/\/antidotejeux.fr\/index.php\/famille\/deblock\/","title":{"rendered":"Deblock"},"content":{"rendered":"\n<p class=\"has-text-color\" id=\"deblock\" style=\"color:#1e3d59\">Chaque joueur poss\u00e8de 5 blocks (tous les joueurs ont les m\u00eames 5 blocks) et doit \u00eatre le premier \u00e0 reproduire l&rsquo;agencement indiqu\u00e9 par la carte pour gagner. Il faut \u00eatre rapide, logique et observateur !<\/p>\n\n\n\n<figure class=\"wp-block-table\"><table class=\"has-subtle-light-gray-background-color has-background\"><tbody><tr><td>Age<\/td><td>A partir de 6 ans<\/td><\/tr><tr><td>Nombre de joueurs<\/td><td>De 1 \u00e0 4 joueurs<\/td><\/tr><tr><td>Dur\u00e9e d&rsquo;une partie<\/td><td>10 minutes<\/td><\/tr><\/tbody><\/table><\/figure>\n\n\n\n<div class=\"wp-block-buttons is-layout-flex wp-block-buttons-is-layout-flex\">\n<div class=\"wp-block-button is-style-outline is-style-outline--1\"><a class=\"wp-block-button__link has-text-color has-background\" href=\"https:\/\/antidotejeux.fr\/index.php\/demande-de-location\/#loc\" style=\"background-color:#ffc13b;color:#1e3d59\" target=\"_blank\" rel=\"noreferrer noopener\">Louer<\/a><\/div>\n<\/div>\n\n\n\n<div class=\"wp-block-image\"><figure class=\"aligncenter size-large\"><img loading=\"lazy\" decoding=\"async\" width=\"756\" height=\"616\" src=\"https:\/\/antidotejeux.fr\/wp-content\/uploads\/2020\/11\/deblok.png\" alt=\"\" class=\"wp-image-619\" srcset=\"https:\/\/antidotejeux.fr\/wp-content\/uploads\/2020\/11\/deblok.png 756w, https:\/\/antidotejeux.fr\/wp-content\/uploads\/2020\/11\/deblok-300x244.png 300w\" sizes=\"auto, (max-width: 756px) 100vw, 756px\" \/><\/figure><\/div>\n","protected":false},"excerpt":{"rendered":"<p>Chaque joueur poss\u00e8de 5 blocks (tous les joueurs ont les m\u00eames 5 blocks) et doit \u00eatre le premier \u00e0 reproduire l&rsquo;agencement indiqu\u00e9 par la carte pour gagner. Il faut \u00eatre rapide, logique et observateur ! Age A partir de 6<\/p>\n","protected":false},"author":1,"featured_media":0,"parent":136,"menu_order":0,"comment_status":"closed","ping_status":"closed","template":"","meta":{"footnotes":""},"class_list":["post-516","page","type-page","status-publish","hentry"],"_links":{"self":[{"href":"https:\/\/antidotejeux.fr\/index.php\/wp-json\/wp\/v2\/pages\/516","targetHints":{"allow":["GET"]}}],"collection":[{"href":"https:\/\/antidotejeux.fr\/index.php\/wp-json\/wp\/v2\/pages"}],"about":[{"href":"https:\/\/antidotejeux.fr\/index.php\/wp-json\/wp\/v2\/types\/page"}],"author":[{"embeddable":true,"href":"https:\/\/antidotejeux.fr\/index.php\/wp-json\/wp\/v2\/users\/1"}],"replies":[{"embeddable":true,"href":"https:\/\/antidotejeux.fr\/index.php\/wp-json\/wp\/v2\/comments?post=516"}],"version-history":[{"count":4,"href":"https:\/\/antidotejeux.fr\/index.php\/wp-json\/wp\/v2\/pages\/516\/revisions"}],"predecessor-version":[{"id":663,"href":"https:\/\/antidotejeux.fr\/index.php\/wp-json\/wp\/v2\/pages\/516\/revisions\/663"}],"up":[{"embeddable":true,"href":"https:\/\/antidotejeux.fr\/index.php\/wp-json\/wp\/v2\/pages\/136"}],"wp:attachment":[{"href":"https:\/\/antidotejeux.fr\/index.php\/wp-json\/wp\/v2\/media?parent=516"}],"curies":[{"name":"wp","href":"https:\/\/api.w.org\/{rel}","templated":true}]}}