{"id":519,"date":"2020-11-27T16:36:35","date_gmt":"2020-11-27T15:36:35","guid":{"rendered":"http:\/\/antidotejeux.fr\/?page_id=519"},"modified":"2020-11-30T15:32:21","modified_gmt":"2020-11-30T14:32:21","slug":"dobble","status":"publish","type":"page","link":"https:\/\/antidotejeux.fr\/index.php\/famille\/dobble\/","title":{"rendered":"Dobble"},"content":{"rendered":"\n<p class=\"has-text-color\" id=\"dob\" style=\"color:#1e3d59\">Dobble est un jeu de rapidit\u00e9, d&rsquo;observation et de r\u00e9flexe: il faut \u00eatre le premier \u00e0 trouver 2 dessins identiques. Le plus dur sera de garder votre sens froid !<\/p>\n\n\n\n<figure class=\"wp-block-table\"><table class=\"has-subtle-light-gray-background-color has-background\"><tbody><tr><td>Age<\/td><td>A partir de 6 ans<\/td><\/tr><tr><td>Nombre de joueurs<\/td><td>De 2 \u00e0 8 joueurs<\/td><\/tr><tr><td>Dur\u00e9e d&rsquo;une partie<\/td><td>15 minutes<\/td><\/tr><\/tbody><\/table><\/figure>\n\n\n\n<div class=\"wp-block-buttons is-layout-flex wp-block-buttons-is-layout-flex\">\n<div class=\"wp-block-button is-style-outline is-style-outline--1\"><a class=\"wp-block-button__link has-text-color has-background\" href=\"https:\/\/antidotejeux.fr\/index.php\/demande-de-location\/#loc\" style=\"background-color:#ffc13b;color:#1e3d59\" target=\"_blank\" rel=\"noreferrer noopener\">Louer<\/a><\/div>\n<\/div>\n\n\n\n<div class=\"wp-block-image\"><figure class=\"aligncenter size-large\"><img loading=\"lazy\" decoding=\"async\" width=\"768\" height=\"512\" src=\"https:\/\/antidotejeux.fr\/wp-content\/uploads\/2020\/11\/dobble.jpg\" alt=\"\" class=\"wp-image-647\" srcset=\"https:\/\/antidotejeux.fr\/wp-content\/uploads\/2020\/11\/dobble.jpg 768w, https:\/\/antidotejeux.fr\/wp-content\/uploads\/2020\/11\/dobble-300x200.jpg 300w\" sizes=\"auto, (max-width: 768px) 100vw, 768px\" \/><\/figure><\/div>\n","protected":false},"excerpt":{"rendered":"<p>Dobble est un jeu de rapidit\u00e9, d&rsquo;observation et de r\u00e9flexe: il faut \u00eatre le premier \u00e0 trouver 2 dessins identiques. Le plus dur sera de garder votre sens froid ! Age A partir de 6 ans Nombre de joueurs De<\/p>\n","protected":false},"author":1,"featured_media":0,"parent":136,"menu_order":0,"comment_status":"closed","ping_status":"closed","template":"","meta":{"footnotes":""},"class_list":["post-519","page","type-page","status-publish","hentry"],"_links":{"self":[{"href":"https:\/\/antidotejeux.fr\/index.php\/wp-json\/wp\/v2\/pages\/519","targetHints":{"allow":["GET"]}}],"collection":[{"href":"https:\/\/antidotejeux.fr\/index.php\/wp-json\/wp\/v2\/pages"}],"about":[{"href":"https:\/\/antidotejeux.fr\/index.php\/wp-json\/wp\/v2\/types\/page"}],"author":[{"embeddable":true,"href":"https:\/\/antidotejeux.fr\/index.php\/wp-json\/wp\/v2\/users\/1"}],"replies":[{"embeddable":true,"href":"https:\/\/antidotejeux.fr\/index.php\/wp-json\/wp\/v2\/comments?post=519"}],"version-history":[{"count":3,"href":"https:\/\/antidotejeux.fr\/index.php\/wp-json\/wp\/v2\/pages\/519\/revisions"}],"predecessor-version":[{"id":665,"href":"https:\/\/antidotejeux.fr\/index.php\/wp-json\/wp\/v2\/pages\/519\/revisions\/665"}],"up":[{"embeddable":true,"href":"https:\/\/antidotejeux.fr\/index.php\/wp-json\/wp\/v2\/pages\/136"}],"wp:attachment":[{"href":"https:\/\/antidotejeux.fr\/index.php\/wp-json\/wp\/v2\/media?parent=519"}],"curies":[{"name":"wp","href":"https:\/\/api.w.org\/{rel}","templated":true}]}}