{"id":521,"date":"2020-11-27T16:37:00","date_gmt":"2020-11-27T15:37:00","guid":{"rendered":"http:\/\/antidotejeux.fr\/?page_id=521"},"modified":"2020-12-07T16:32:13","modified_gmt":"2020-12-07T15:32:13","slug":"non-merci","status":"publish","type":"page","link":"https:\/\/antidotejeux.fr\/index.php\/famille\/non-merci\/","title":{"rendered":"Non merci"},"content":{"rendered":"\n<p class=\"has-text-color\" id=\"non\" style=\"color:#1e3d59\">Prendre ou ne pas prendre la carte? A chaque tour une carte est d\u00e9voil\u00e9e et chacun a son tour devra r\u00e9pondre \u00e0 cette question : prendre la carte (et les points de p\u00e9nalit\u00e9 qui vont avec) ou d\u00e9poser un jeton pour dire Non merci. <br>Chaque joueur ayant un nombre limit\u00e9 de jetons, il faut g\u00e9rer son stock pour avoir le moins de points de p\u00e9nalit\u00e9 \u00e0 la fin.<\/p>\n\n\n\n<p class=\"has-text-color\" style=\"color:#1e3d59\">Un jeu simple et rapide mais addictif, qui peut se jouer avec toute la famille<\/p>\n\n\n\n<figure class=\"wp-block-table\"><table class=\"has-subtle-light-gray-background-color has-background\"><tbody><tr><td>Age<\/td><td>A partir de 8 ans<\/td><\/tr><tr><td>Nombre de joueurs<\/td><td>De 3 \u00e0 5 joueurs<\/td><\/tr><tr><td>Dur\u00e9e d&rsquo;une partie<\/td><td>20 minutes<\/td><\/tr><\/tbody><\/table><\/figure>\n\n\n\n<div class=\"wp-block-buttons is-layout-flex wp-block-buttons-is-layout-flex\">\n<div class=\"wp-block-button is-style-outline is-style-outline--1\"><a class=\"wp-block-button__link has-text-color has-background\" href=\"https:\/\/antidotejeux.fr\/index.php\/demande-de-location\/#loc\" style=\"background-color:#ffc13b;color:#1e3d59\" target=\"_blank\" rel=\"noreferrer noopener\">Louer<\/a><\/div>\n<\/div>\n\n\n\n<div class=\"wp-block-image\"><figure class=\"aligncenter size-large\"><img loading=\"lazy\" decoding=\"async\" width=\"764\" height=\"509\" src=\"https:\/\/antidotejeux.fr\/wp-content\/uploads\/2020\/11\/non-merci.jpg\" alt=\"\" class=\"wp-image-612\" srcset=\"https:\/\/antidotejeux.fr\/wp-content\/uploads\/2020\/11\/non-merci.jpg 764w, https:\/\/antidotejeux.fr\/wp-content\/uploads\/2020\/11\/non-merci-300x200.jpg 300w\" sizes=\"auto, (max-width: 764px) 100vw, 764px\" \/><\/figure><\/div>\n","protected":false},"excerpt":{"rendered":"<p>Prendre ou ne pas prendre la carte? A chaque tour une carte est d\u00e9voil\u00e9e et chacun a son tour devra r\u00e9pondre \u00e0 cette question : prendre la carte (et les points de p\u00e9nalit\u00e9 qui vont avec) ou d\u00e9poser un jeton<\/p>\n","protected":false},"author":1,"featured_media":0,"parent":136,"menu_order":0,"comment_status":"closed","ping_status":"closed","template":"","meta":{"footnotes":""},"class_list":["post-521","page","type-page","status-publish","hentry"],"_links":{"self":[{"href":"https:\/\/antidotejeux.fr\/index.php\/wp-json\/wp\/v2\/pages\/521","targetHints":{"allow":["GET"]}}],"collection":[{"href":"https:\/\/antidotejeux.fr\/index.php\/wp-json\/wp\/v2\/pages"}],"about":[{"href":"https:\/\/antidotejeux.fr\/index.php\/wp-json\/wp\/v2\/types\/page"}],"author":[{"embeddable":true,"href":"https:\/\/antidotejeux.fr\/index.php\/wp-json\/wp\/v2\/users\/1"}],"replies":[{"embeddable":true,"href":"https:\/\/antidotejeux.fr\/index.php\/wp-json\/wp\/v2\/comments?post=521"}],"version-history":[{"count":6,"href":"https:\/\/antidotejeux.fr\/index.php\/wp-json\/wp\/v2\/pages\/521\/revisions"}],"predecessor-version":[{"id":676,"href":"https:\/\/antidotejeux.fr\/index.php\/wp-json\/wp\/v2\/pages\/521\/revisions\/676"}],"up":[{"embeddable":true,"href":"https:\/\/antidotejeux.fr\/index.php\/wp-json\/wp\/v2\/pages\/136"}],"wp:attachment":[{"href":"https:\/\/antidotejeux.fr\/index.php\/wp-json\/wp\/v2\/media?parent=521"}],"curies":[{"name":"wp","href":"https:\/\/api.w.org\/{rel}","templated":true}]}}