{"id":525,"date":"2020-11-27T16:38:05","date_gmt":"2020-11-27T15:38:05","guid":{"rendered":"http:\/\/antidotejeux.fr\/?page_id=525"},"modified":"2020-11-30T15:34:22","modified_gmt":"2020-11-30T14:34:22","slug":"dixit","status":"publish","type":"page","link":"https:\/\/antidotejeux.fr\/index.php\/famille\/dixit\/","title":{"rendered":"Dixit"},"content":{"rendered":"\n<p class=\"has-text-color\" id=\"dix\" style=\"color:#1e3d59\">Dixit est un jeu po\u00e9tique o\u00f9 il faut deviner et faire deviner des images. Mais attention, il faut faire preuve de subtilit\u00e9 et faire en sorte que seulement quelques joueurs devinent l&rsquo;image et donc trouver comment faire un message \u00e0 la fois clair et crypt\u00e9. Les illustrations sont magnifiques, oniriques et fantastiques.<\/p>\n\n\n\n<figure class=\"wp-block-table\"><table class=\"has-subtle-light-gray-background-color has-background\"><tbody><tr><td>Age<\/td><td>A partir de 8 ans<\/td><\/tr><tr><td>Nombre de joueurs<\/td><td>De 3 \u00e0 6 joueurs<\/td><\/tr><tr><td>Dur\u00e9e d&rsquo;une partie<\/td><td>30 minutes \u00e0 1 heure<\/td><\/tr><\/tbody><\/table><\/figure>\n\n\n\n<div class=\"wp-block-buttons is-layout-flex wp-block-buttons-is-layout-flex\">\n<div class=\"wp-block-button is-style-outline is-style-outline--1\"><a class=\"wp-block-button__link has-text-color has-background\" href=\"https:\/\/antidotejeux.fr\/index.php\/demande-de-location\/#loc\" style=\"background-color:#ffc13b;color:#1e3d59\" target=\"_blank\" rel=\"noreferrer noopener\">Louer<\/a><\/div>\n<\/div>\n\n\n\n<div class=\"wp-block-image\"><figure class=\"aligncenter size-large\"><img loading=\"lazy\" decoding=\"async\" width=\"768\" height=\"512\" src=\"https:\/\/antidotejeux.fr\/wp-content\/uploads\/2020\/11\/dixit.jpg\" alt=\"\" class=\"wp-image-645\" srcset=\"https:\/\/antidotejeux.fr\/wp-content\/uploads\/2020\/11\/dixit.jpg 768w, https:\/\/antidotejeux.fr\/wp-content\/uploads\/2020\/11\/dixit-300x200.jpg 300w\" sizes=\"auto, (max-width: 768px) 100vw, 768px\" \/><\/figure><\/div>\n","protected":false},"excerpt":{"rendered":"<p>Dixit est un jeu po\u00e9tique o\u00f9 il faut deviner et faire deviner des images. Mais attention, il faut faire preuve de subtilit\u00e9 et faire en sorte que seulement quelques joueurs devinent l&rsquo;image et donc trouver comment faire un message \u00e0<\/p>\n","protected":false},"author":1,"featured_media":0,"parent":136,"menu_order":0,"comment_status":"closed","ping_status":"closed","template":"","meta":{"footnotes":""},"class_list":["post-525","page","type-page","status-publish","hentry"],"_links":{"self":[{"href":"https:\/\/antidotejeux.fr\/index.php\/wp-json\/wp\/v2\/pages\/525","targetHints":{"allow":["GET"]}}],"collection":[{"href":"https:\/\/antidotejeux.fr\/index.php\/wp-json\/wp\/v2\/pages"}],"about":[{"href":"https:\/\/antidotejeux.fr\/index.php\/wp-json\/wp\/v2\/types\/page"}],"author":[{"embeddable":true,"href":"https:\/\/antidotejeux.fr\/index.php\/wp-json\/wp\/v2\/users\/1"}],"replies":[{"embeddable":true,"href":"https:\/\/antidotejeux.fr\/index.php\/wp-json\/wp\/v2\/comments?post=525"}],"version-history":[{"count":4,"href":"https:\/\/antidotejeux.fr\/index.php\/wp-json\/wp\/v2\/pages\/525\/revisions"}],"predecessor-version":[{"id":670,"href":"https:\/\/antidotejeux.fr\/index.php\/wp-json\/wp\/v2\/pages\/525\/revisions\/670"}],"up":[{"embeddable":true,"href":"https:\/\/antidotejeux.fr\/index.php\/wp-json\/wp\/v2\/pages\/136"}],"wp:attachment":[{"href":"https:\/\/antidotejeux.fr\/index.php\/wp-json\/wp\/v2\/media?parent=525"}],"curies":[{"name":"wp","href":"https:\/\/api.w.org\/{rel}","templated":true}]}}