{"id":527,"date":"2020-11-27T16:38:23","date_gmt":"2020-11-27T15:38:23","guid":{"rendered":"http:\/\/antidotejeux.fr\/?page_id=527"},"modified":"2020-11-30T16:10:26","modified_gmt":"2020-11-30T15:10:26","slug":"sushi-go","status":"publish","type":"page","link":"https:\/\/antidotejeux.fr\/index.php\/famille\/sushi-go\/","title":{"rendered":"Sushi go"},"content":{"rendered":"\n<p class=\"has-text-color\" id=\"sushi\" style=\"color:#1e3d59\">Les cartes passent de main en main et chaque joueur choisit celles qu&rsquo;il veut garder. Il faut faire la meilleure combinaison possible et tenter de contrer ses adversaires en prenant les cartes qui les arrangent.<\/p>\n\n\n\n<p class=\"has-text-color\" style=\"color:#1e3d59\">De la strat\u00e9gie, un peu de m\u00e9moire et quelques calculs vous m\u00e8neront \u00e0 la victoire<\/p>\n\n\n\n<figure class=\"wp-block-table\"><table class=\"has-subtle-light-gray-background-color has-background\"><tbody><tr><td>Age<\/td><td>A partir de 8 ans<\/td><\/tr><tr><td>Nombre de joueurs<\/td><td>De 2 \u00e0 5 joueurs<\/td><\/tr><tr><td>Dur\u00e9e d&rsquo;une partie<\/td><td>20 minutes<\/td><\/tr><\/tbody><\/table><\/figure>\n\n\n\n<div class=\"wp-block-buttons is-layout-flex wp-block-buttons-is-layout-flex\">\n<div class=\"wp-block-button is-style-outline is-style-outline--1\"><a class=\"wp-block-button__link has-text-color has-background\" href=\"https:\/\/antidotejeux.fr\/index.php\/demande-de-location\/#loc\" style=\"background-color:#ffc13b;color:#1e3d59\" target=\"_blank\" rel=\"noreferrer noopener\">Louer<\/a><\/div>\n<\/div>\n\n\n\n<div class=\"wp-block-image\"><figure class=\"aligncenter size-large\"><img loading=\"lazy\" decoding=\"async\" width=\"768\" height=\"512\" src=\"https:\/\/antidotejeux.fr\/wp-content\/uploads\/2020\/11\/sushi-go.jpg\" alt=\"\" class=\"wp-image-660\" srcset=\"https:\/\/antidotejeux.fr\/wp-content\/uploads\/2020\/11\/sushi-go.jpg 768w, https:\/\/antidotejeux.fr\/wp-content\/uploads\/2020\/11\/sushi-go-300x200.jpg 300w\" sizes=\"auto, (max-width: 768px) 100vw, 768px\" \/><\/figure><\/div>\n","protected":false},"excerpt":{"rendered":"<p>Les cartes passent de main en main et chaque joueur choisit celles qu&rsquo;il veut garder. Il faut faire la meilleure combinaison possible et tenter de contrer ses adversaires en prenant les cartes qui les arrangent. De la strat\u00e9gie, un peu<\/p>\n","protected":false},"author":1,"featured_media":0,"parent":136,"menu_order":0,"comment_status":"closed","ping_status":"closed","template":"","meta":{"footnotes":""},"class_list":["post-527","page","type-page","status-publish","hentry"],"_links":{"self":[{"href":"https:\/\/antidotejeux.fr\/index.php\/wp-json\/wp\/v2\/pages\/527","targetHints":{"allow":["GET"]}}],"collection":[{"href":"https:\/\/antidotejeux.fr\/index.php\/wp-json\/wp\/v2\/pages"}],"about":[{"href":"https:\/\/antidotejeux.fr\/index.php\/wp-json\/wp\/v2\/types\/page"}],"author":[{"embeddable":true,"href":"https:\/\/antidotejeux.fr\/index.php\/wp-json\/wp\/v2\/users\/1"}],"replies":[{"embeddable":true,"href":"https:\/\/antidotejeux.fr\/index.php\/wp-json\/wp\/v2\/comments?post=527"}],"version-history":[{"count":6,"href":"https:\/\/antidotejeux.fr\/index.php\/wp-json\/wp\/v2\/pages\/527\/revisions"}],"predecessor-version":[{"id":721,"href":"https:\/\/antidotejeux.fr\/index.php\/wp-json\/wp\/v2\/pages\/527\/revisions\/721"}],"up":[{"embeddable":true,"href":"https:\/\/antidotejeux.fr\/index.php\/wp-json\/wp\/v2\/pages\/136"}],"wp:attachment":[{"href":"https:\/\/antidotejeux.fr\/index.php\/wp-json\/wp\/v2\/media?parent=527"}],"curies":[{"name":"wp","href":"https:\/\/api.w.org\/{rel}","templated":true}]}}