{"id":529,"date":"2020-11-27T16:38:47","date_gmt":"2020-11-27T15:38:47","guid":{"rendered":"http:\/\/antidotejeux.fr\/?page_id=529"},"modified":"2020-12-04T08:41:43","modified_gmt":"2020-12-04T07:41:43","slug":"contrario-edition-cinema","status":"publish","type":"page","link":"https:\/\/antidotejeux.fr\/index.php\/ambiance\/contrario-edition-cinema\/","title":{"rendered":"Contrario (\u00e9dition cin\u00e9ma)"},"content":{"rendered":"\n<p class=\"has-text-color\" id=\"contrario\" style=\"color:#1e3d59\">Des titres de films ont \u00e9t\u00e9 d\u00e9tourn\u00e9s en prenant leurs contraires (si on vous dit \u00ab\u00a0L&rsquo;astre des gorilles\u00a0\u00bb, vous reconnaissez \u00ab\u00a0La Plan\u00e8te des singes\u00a0\u00bb). <br>Un best seller des jeux d&rsquo;ambiance et d&rsquo;ap\u00e9ro!<\/p>\n\n\n\n<figure class=\"wp-block-table\"><table class=\"has-subtle-light-gray-background-color has-background\"><tbody><tr><td>Age<\/td><td>A partir de 12 ans<\/td><\/tr><tr><td>Nombre de joueurs<\/td><td>De 3 \u00e0 100 joueurs<\/td><\/tr><tr><td>Dur\u00e9e d&rsquo;une partie<\/td><td>10 minutes<\/td><\/tr><\/tbody><\/table><\/figure>\n\n\n\n<div class=\"wp-block-buttons is-layout-flex wp-block-buttons-is-layout-flex\">\n<div class=\"wp-block-button is-style-outline is-style-outline--1\"><a class=\"wp-block-button__link has-text-color has-background\" href=\"https:\/\/antidotejeux.fr\/index.php\/demande-de-location\/#loc\" style=\"background-color:#ffc13b;color:#1e3d59\" target=\"_blank\" rel=\"noreferrer noopener\">Louer<\/a><\/div>\n<\/div>\n\n\n\n<div class=\"wp-block-image\"><figure class=\"aligncenter size-large\"><img loading=\"lazy\" decoding=\"async\" width=\"768\" height=\"512\" src=\"https:\/\/antidotejeux.fr\/wp-content\/uploads\/2020\/11\/contrario.jpg\" alt=\"\" class=\"wp-image-621\" srcset=\"https:\/\/antidotejeux.fr\/wp-content\/uploads\/2020\/11\/contrario.jpg 768w, https:\/\/antidotejeux.fr\/wp-content\/uploads\/2020\/11\/contrario-300x200.jpg 300w\" sizes=\"auto, (max-width: 768px) 100vw, 768px\" \/><\/figure><\/div>\n","protected":false},"excerpt":{"rendered":"<p>Des titres de films ont \u00e9t\u00e9 d\u00e9tourn\u00e9s en prenant leurs contraires (si on vous dit \u00ab\u00a0L&rsquo;astre des gorilles\u00a0\u00bb, vous reconnaissez \u00ab\u00a0La Plan\u00e8te des singes\u00a0\u00bb). Un best seller des jeux d&rsquo;ambiance et d&rsquo;ap\u00e9ro! Age A partir de 12 ans Nombre de<\/p>\n","protected":false},"author":1,"featured_media":0,"parent":83,"menu_order":0,"comment_status":"closed","ping_status":"closed","template":"","meta":{"footnotes":""},"class_list":["post-529","page","type-page","status-publish","hentry"],"_links":{"self":[{"href":"https:\/\/antidotejeux.fr\/index.php\/wp-json\/wp\/v2\/pages\/529","targetHints":{"allow":["GET"]}}],"collection":[{"href":"https:\/\/antidotejeux.fr\/index.php\/wp-json\/wp\/v2\/pages"}],"about":[{"href":"https:\/\/antidotejeux.fr\/index.php\/wp-json\/wp\/v2\/types\/page"}],"author":[{"embeddable":true,"href":"https:\/\/antidotejeux.fr\/index.php\/wp-json\/wp\/v2\/users\/1"}],"replies":[{"embeddable":true,"href":"https:\/\/antidotejeux.fr\/index.php\/wp-json\/wp\/v2\/comments?post=529"}],"version-history":[{"count":4,"href":"https:\/\/antidotejeux.fr\/index.php\/wp-json\/wp\/v2\/pages\/529\/revisions"}],"predecessor-version":[{"id":779,"href":"https:\/\/antidotejeux.fr\/index.php\/wp-json\/wp\/v2\/pages\/529\/revisions\/779"}],"up":[{"embeddable":true,"href":"https:\/\/antidotejeux.fr\/index.php\/wp-json\/wp\/v2\/pages\/83"}],"wp:attachment":[{"href":"https:\/\/antidotejeux.fr\/index.php\/wp-json\/wp\/v2\/media?parent=529"}],"curies":[{"name":"wp","href":"https:\/\/api.w.org\/{rel}","templated":true}]}}