{"id":531,"date":"2020-11-27T16:39:08","date_gmt":"2020-11-27T15:39:08","guid":{"rendered":"http:\/\/antidotejeux.fr\/?page_id=531"},"modified":"2020-12-14T17:19:42","modified_gmt":"2020-12-14T16:19:42","slug":"salade-de-cafards","status":"publish","type":"page","link":"https:\/\/antidotejeux.fr\/index.php\/ambiance\/salade-de-cafards\/","title":{"rendered":"Salade de cafards"},"content":{"rendered":"\n<p class=\"has-text-color\" id=\"caf\" style=\"color:#1e3d59\">Ce jeu d&rsquo;ambiance va vous rendre fou!  Vous d\u00e9voilez une carte et dites son nom, mais tr\u00e8s vite les choses se corsent&#8230; si le l\u00e9gume vient d&rsquo;\u00eatre dit vous devez en dire un autre (vous d\u00e9voilez une carte tomate mais le joueur pr\u00e9c\u00e9dent a dit tomate alors vous devez dire choux-fleur, salade ou poivron) et si la carte pr\u00e9c\u00e9dente est un chou-fleur vous n&rsquo;avez pas non plus le droit de dire chou-fleur! <\/p>\n\n\n\n<p class=\"has-text-color\" style=\"color:#1e3d59\">Des cartes sp\u00e9ciales viennent pimenter tout \u00e7a!<br>Un jeu d&rsquo;ambiance, tr\u00e8s dr\u00f4le, fous rires assur\u00e9s<\/p>\n\n\n\n<p><\/p>\n\n\n\n<figure class=\"wp-block-table\"><table class=\"has-subtle-light-gray-background-color has-background\"><tbody><tr><td>Age<\/td><td>A partir de 6 ans<\/td><\/tr><tr><td>Nombre de joueurs<\/td><td>De 2 \u00e0 6 joueurs<\/td><\/tr><tr><td>Dur\u00e9e d&rsquo;une partie<\/td><td>10 minutes<\/td><\/tr><\/tbody><\/table><\/figure>\n\n\n\n<p class=\"has-text-color has-background\" style=\"background-color:#ffc13b;color:#1e3d59\">Actuellement lou\u00e9 &#8211; il sera de retour mi-janvier<\/p>\n\n\n\n<div class=\"wp-block-buttons is-layout-flex wp-block-buttons-is-layout-flex\">\n<div class=\"wp-block-button is-style-outline is-style-outline--1\"><a class=\"wp-block-button__link has-text-color has-background\" href=\"https:\/\/antidotejeux.fr\/index.php\/demande-de-location\/#loc\" style=\"background-color:#ffc13b;color:#1e3d59\" target=\"_blank\" rel=\"noreferrer noopener\">Louer<\/a><\/div>\n<\/div>\n\n\n\n<div class=\"wp-block-image\"><figure class=\"aligncenter size-large\"><img loading=\"lazy\" decoding=\"async\" width=\"768\" height=\"512\" src=\"https:\/\/antidotejeux.fr\/wp-content\/uploads\/2020\/11\/salade-de-cafards.jpg\" alt=\"\" class=\"wp-image-687\" srcset=\"https:\/\/antidotejeux.fr\/wp-content\/uploads\/2020\/11\/salade-de-cafards.jpg 768w, https:\/\/antidotejeux.fr\/wp-content\/uploads\/2020\/11\/salade-de-cafards-300x200.jpg 300w\" sizes=\"auto, (max-width: 768px) 100vw, 768px\" \/><\/figure><\/div>\n","protected":false},"excerpt":{"rendered":"<p>Ce jeu d&rsquo;ambiance va vous rendre fou! Vous d\u00e9voilez une carte et dites son nom, mais tr\u00e8s vite les choses se corsent&#8230; si le l\u00e9gume vient d&rsquo;\u00eatre dit vous devez en dire un autre (vous d\u00e9voilez une carte tomate mais<\/p>\n","protected":false},"author":1,"featured_media":0,"parent":83,"menu_order":0,"comment_status":"closed","ping_status":"closed","template":"","meta":{"footnotes":""},"class_list":["post-531","page","type-page","status-publish","hentry"],"_links":{"self":[{"href":"https:\/\/antidotejeux.fr\/index.php\/wp-json\/wp\/v2\/pages\/531","targetHints":{"allow":["GET"]}}],"collection":[{"href":"https:\/\/antidotejeux.fr\/index.php\/wp-json\/wp\/v2\/pages"}],"about":[{"href":"https:\/\/antidotejeux.fr\/index.php\/wp-json\/wp\/v2\/types\/page"}],"author":[{"embeddable":true,"href":"https:\/\/antidotejeux.fr\/index.php\/wp-json\/wp\/v2\/users\/1"}],"replies":[{"embeddable":true,"href":"https:\/\/antidotejeux.fr\/index.php\/wp-json\/wp\/v2\/comments?post=531"}],"version-history":[{"count":9,"href":"https:\/\/antidotejeux.fr\/index.php\/wp-json\/wp\/v2\/pages\/531\/revisions"}],"predecessor-version":[{"id":987,"href":"https:\/\/antidotejeux.fr\/index.php\/wp-json\/wp\/v2\/pages\/531\/revisions\/987"}],"up":[{"embeddable":true,"href":"https:\/\/antidotejeux.fr\/index.php\/wp-json\/wp\/v2\/pages\/83"}],"wp:attachment":[{"href":"https:\/\/antidotejeux.fr\/index.php\/wp-json\/wp\/v2\/media?parent=531"}],"curies":[{"name":"wp","href":"https:\/\/api.w.org\/{rel}","templated":true}]}}