{"id":533,"date":"2020-11-27T16:39:45","date_gmt":"2020-11-27T15:39:45","guid":{"rendered":"http:\/\/antidotejeux.fr\/?page_id=533"},"modified":"2020-12-07T13:16:59","modified_gmt":"2020-12-07T12:16:59","slug":"bluff-party","status":"publish","type":"page","link":"https:\/\/antidotejeux.fr\/index.php\/ambiance\/bluff-party\/","title":{"rendered":"Bluff party"},"content":{"rendered":"\n<p class=\"has-text-color\" id=\"bluff\" style=\"color:#1e3d59\">Dans Bluff party chacun pioche trois cartes avec un d\u00e9fi et doit les r\u00e9aliser pendant la soir\u00e9e mais attention il ne faut pas se faire d\u00e9masquer! En effet \u00e0 tout moment les autres joueurs peuvent dire \u00ab\u00a0Bluff\u00a0\u00bb et indiquer le d\u00e9fi qu&rsquo;il pense que vous \u00eates en train de r\u00e9aliser. <br>Si le joueur qui a \u00e9t\u00e9 accus\u00e9 de bluff est d\u00e9masqu\u00e9, l&rsquo;accusateur marque deux points. Le joueur qui n&rsquo;a pas pu aller au bout de son d\u00e9fi ne perd aucun point, mais une accusation erron\u00e9e fait perdre un point au d\u00e9nonciateur fautif.<\/p>\n\n\n\n<p>Un jeu d&rsquo;ambiance, qui vient du Canada o\u00f9 il fait fureur (le jeu l\u00e0-bas s&rsquo;appelle \u00ab\u00a0J&rsquo;te gage que\u00a0\u00bb)<\/p>\n\n\n\n<figure class=\"wp-block-table\"><table class=\"has-subtle-light-gray-background-color has-background\"><tbody><tr><td>Age<\/td><td>A partir de 12 ans<\/td><\/tr><tr><td>Nombre de joueurs<\/td><td>De 4 \u00e0 50 joueurs<\/td><\/tr><tr><td>Dur\u00e9e d&rsquo;une partie<\/td><td>1 heure \u00e0 2 heures<\/td><\/tr><\/tbody><\/table><\/figure>\n\n\n\n<div class=\"wp-block-buttons is-layout-flex wp-block-buttons-is-layout-flex\">\n<div class=\"wp-block-button is-style-outline is-style-outline--1\"><a class=\"wp-block-button__link has-text-color has-background\" href=\"https:\/\/antidotejeux.fr\/index.php\/demande-de-location\/#loc\" style=\"background-color:#ffc13b;color:#1e3d59\" target=\"_blank\" rel=\"noreferrer noopener\">Louer<\/a><\/div>\n<\/div>\n\n\n\n<div class=\"wp-block-image\"><figure class=\"aligncenter size-large\"><img loading=\"lazy\" decoding=\"async\" width=\"768\" height=\"512\" src=\"https:\/\/antidotejeux.fr\/wp-content\/uploads\/2020\/12\/bluff-party.jpg\" alt=\"\" class=\"wp-image-830\" srcset=\"https:\/\/antidotejeux.fr\/wp-content\/uploads\/2020\/12\/bluff-party.jpg 768w, https:\/\/antidotejeux.fr\/wp-content\/uploads\/2020\/12\/bluff-party-300x200.jpg 300w\" sizes=\"auto, (max-width: 768px) 100vw, 768px\" \/><\/figure><\/div>\n","protected":false},"excerpt":{"rendered":"<p>Dans Bluff party chacun pioche trois cartes avec un d\u00e9fi et doit les r\u00e9aliser pendant la soir\u00e9e mais attention il ne faut pas se faire d\u00e9masquer! En effet \u00e0 tout moment les autres joueurs peuvent dire \u00ab\u00a0Bluff\u00a0\u00bb et indiquer le<\/p>\n","protected":false},"author":1,"featured_media":0,"parent":83,"menu_order":0,"comment_status":"closed","ping_status":"closed","template":"","meta":{"footnotes":""},"class_list":["post-533","page","type-page","status-publish","hentry"],"_links":{"self":[{"href":"https:\/\/antidotejeux.fr\/index.php\/wp-json\/wp\/v2\/pages\/533","targetHints":{"allow":["GET"]}}],"collection":[{"href":"https:\/\/antidotejeux.fr\/index.php\/wp-json\/wp\/v2\/pages"}],"about":[{"href":"https:\/\/antidotejeux.fr\/index.php\/wp-json\/wp\/v2\/types\/page"}],"author":[{"embeddable":true,"href":"https:\/\/antidotejeux.fr\/index.php\/wp-json\/wp\/v2\/users\/1"}],"replies":[{"embeddable":true,"href":"https:\/\/antidotejeux.fr\/index.php\/wp-json\/wp\/v2\/comments?post=533"}],"version-history":[{"count":12,"href":"https:\/\/antidotejeux.fr\/index.php\/wp-json\/wp\/v2\/pages\/533\/revisions"}],"predecessor-version":[{"id":843,"href":"https:\/\/antidotejeux.fr\/index.php\/wp-json\/wp\/v2\/pages\/533\/revisions\/843"}],"up":[{"embeddable":true,"href":"https:\/\/antidotejeux.fr\/index.php\/wp-json\/wp\/v2\/pages\/83"}],"wp:attachment":[{"href":"https:\/\/antidotejeux.fr\/index.php\/wp-json\/wp\/v2\/media?parent=533"}],"curies":[{"name":"wp","href":"https:\/\/api.w.org\/{rel}","templated":true}]}}