{"id":535,"date":"2020-11-27T16:40:28","date_gmt":"2020-11-27T15:40:28","guid":{"rendered":"http:\/\/antidotejeux.fr\/?page_id=535"},"modified":"2020-12-07T16:35:53","modified_gmt":"2020-12-07T15:35:53","slug":"give-me-five","status":"publish","type":"page","link":"https:\/\/antidotejeux.fr\/index.php\/ambiance\/give-me-five\/","title":{"rendered":"Give me five"},"content":{"rendered":"\n<p class=\"has-text-color\" id=\"give\" style=\"color:#1e3d59\">Ce jeu se joue en \u00e9quipe, vous devez trouver un mot correspondant \u00e0 la lettre pioch\u00e9e et au th\u00e8me et vous devez le faire deviner \u00e0 votre \u00e9quipe. Vous donnez un indice et votre \u00e9quipe a 5 secondes pour deviner! <br>Il faut \u00eatre rapide et astucieux ! Rires garantis<\/p>\n\n\n\n<figure class=\"wp-block-table\"><table class=\"has-subtle-light-gray-background-color has-background\"><tbody><tr><td>Age<\/td><td>A partir de 12 ans<\/td><\/tr><tr><td>Nombre de joueurs<\/td><td>De 4 \u00e0 9 joueurs<\/td><\/tr><tr><td>Dur\u00e9e d&rsquo;une partie<\/td><td>15 minutes<\/td><\/tr><\/tbody><\/table><\/figure>\n\n\n\n<div class=\"wp-block-buttons is-layout-flex wp-block-buttons-is-layout-flex\">\n<div class=\"wp-block-button is-style-outline is-style-outline--1\"><a class=\"wp-block-button__link has-text-color has-background\" href=\"https:\/\/antidotejeux.fr\/index.php\/demande-de-location\/#loc\" style=\"background-color:#ffc13b;color:#1e3d59\" target=\"_blank\" rel=\"noreferrer noopener\">Louer<\/a><\/div>\n<\/div>\n\n\n\n<div class=\"wp-block-image\"><figure class=\"aligncenter size-large\"><img loading=\"lazy\" decoding=\"async\" width=\"768\" height=\"512\" src=\"https:\/\/antidotejeux.fr\/wp-content\/uploads\/2020\/12\/givemefive.jpg\" alt=\"\" class=\"wp-image-908\" srcset=\"https:\/\/antidotejeux.fr\/wp-content\/uploads\/2020\/12\/givemefive.jpg 768w, https:\/\/antidotejeux.fr\/wp-content\/uploads\/2020\/12\/givemefive-300x200.jpg 300w\" sizes=\"auto, (max-width: 768px) 100vw, 768px\" \/><\/figure><\/div>\n","protected":false},"excerpt":{"rendered":"<p>Ce jeu se joue en \u00e9quipe, vous devez trouver un mot correspondant \u00e0 la lettre pioch\u00e9e et au th\u00e8me et vous devez le faire deviner \u00e0 votre \u00e9quipe. Vous donnez un indice et votre \u00e9quipe a 5 secondes pour deviner!<\/p>\n","protected":false},"author":1,"featured_media":0,"parent":83,"menu_order":0,"comment_status":"closed","ping_status":"closed","template":"","meta":{"footnotes":""},"class_list":["post-535","page","type-page","status-publish","hentry"],"_links":{"self":[{"href":"https:\/\/antidotejeux.fr\/index.php\/wp-json\/wp\/v2\/pages\/535","targetHints":{"allow":["GET"]}}],"collection":[{"href":"https:\/\/antidotejeux.fr\/index.php\/wp-json\/wp\/v2\/pages"}],"about":[{"href":"https:\/\/antidotejeux.fr\/index.php\/wp-json\/wp\/v2\/types\/page"}],"author":[{"embeddable":true,"href":"https:\/\/antidotejeux.fr\/index.php\/wp-json\/wp\/v2\/users\/1"}],"replies":[{"embeddable":true,"href":"https:\/\/antidotejeux.fr\/index.php\/wp-json\/wp\/v2\/comments?post=535"}],"version-history":[{"count":8,"href":"https:\/\/antidotejeux.fr\/index.php\/wp-json\/wp\/v2\/pages\/535\/revisions"}],"predecessor-version":[{"id":917,"href":"https:\/\/antidotejeux.fr\/index.php\/wp-json\/wp\/v2\/pages\/535\/revisions\/917"}],"up":[{"embeddable":true,"href":"https:\/\/antidotejeux.fr\/index.php\/wp-json\/wp\/v2\/pages\/83"}],"wp:attachment":[{"href":"https:\/\/antidotejeux.fr\/index.php\/wp-json\/wp\/v2\/media?parent=535"}],"curies":[{"name":"wp","href":"https:\/\/api.w.org\/{rel}","templated":true}]}}