{"id":537,"date":"2020-11-27T16:40:59","date_gmt":"2020-11-27T15:40:59","guid":{"rendered":"http:\/\/antidotejeux.fr\/?page_id=537"},"modified":"2020-12-07T16:35:33","modified_gmt":"2020-12-07T15:35:33","slug":"cranium","status":"publish","type":"page","link":"https:\/\/antidotejeux.fr\/index.php\/ambiance\/cranium\/","title":{"rendered":"Cranium"},"content":{"rendered":"\n<p id=\"cranium\">Cranium est un jeu par \u00e9quipe qui va r\u00e9v\u00e9ler les talents! En effet vous devez faire deviner des mots en mimant, dessinant ou modelant, \u00e9peler des mots \u00e0 l&rsquo;envers.. Il y en a pour tous les go\u00fbts<br>Le jeu id\u00e9al pour mettre l&rsquo;ambiance, faire jouer toute la famille ou les amis ensemble<\/p>\n\n\n\n<figure class=\"wp-block-table\"><table class=\"has-subtle-light-gray-background-color has-background\"><tbody><tr><td>Age<\/td><td>A partir de 13 ans<\/td><\/tr><tr><td>Nombre de joueurs<\/td><td>A partir de 4 joueurs<\/td><\/tr><tr><td>Dur\u00e9e d&rsquo;une partie<\/td><td>1 heure<\/td><\/tr><\/tbody><\/table><\/figure>\n\n\n\n<div class=\"wp-block-buttons is-layout-flex wp-block-buttons-is-layout-flex\">\n<div class=\"wp-block-button is-style-outline is-style-outline--1\"><a class=\"wp-block-button__link has-text-color has-background\" href=\"https:\/\/antidotejeux.fr\/index.php\/demande-de-location\/#loc\" style=\"background-color:#ffc13b;color:#1e3d59\" target=\"_blank\" rel=\"noreferrer noopener\">Louer<\/a><\/div>\n<\/div>\n\n\n\n<div class=\"wp-block-image\"><figure class=\"aligncenter size-large\"><img loading=\"lazy\" decoding=\"async\" width=\"768\" height=\"512\" src=\"https:\/\/antidotejeux.fr\/wp-content\/uploads\/2020\/12\/cranium.jpg\" alt=\"\" class=\"wp-image-907\" srcset=\"https:\/\/antidotejeux.fr\/wp-content\/uploads\/2020\/12\/cranium.jpg 768w, https:\/\/antidotejeux.fr\/wp-content\/uploads\/2020\/12\/cranium-300x200.jpg 300w\" sizes=\"auto, (max-width: 768px) 100vw, 768px\" \/><\/figure><\/div>\n","protected":false},"excerpt":{"rendered":"<p>Cranium est un jeu par \u00e9quipe qui va r\u00e9v\u00e9ler les talents! En effet vous devez faire deviner des mots en mimant, dessinant ou modelant, \u00e9peler des mots \u00e0 l&rsquo;envers.. Il y en a pour tous les go\u00fbtsLe jeu id\u00e9al pour<\/p>\n","protected":false},"author":1,"featured_media":0,"parent":83,"menu_order":0,"comment_status":"closed","ping_status":"closed","template":"","meta":{"footnotes":""},"class_list":["post-537","page","type-page","status-publish","hentry"],"_links":{"self":[{"href":"https:\/\/antidotejeux.fr\/index.php\/wp-json\/wp\/v2\/pages\/537","targetHints":{"allow":["GET"]}}],"collection":[{"href":"https:\/\/antidotejeux.fr\/index.php\/wp-json\/wp\/v2\/pages"}],"about":[{"href":"https:\/\/antidotejeux.fr\/index.php\/wp-json\/wp\/v2\/types\/page"}],"author":[{"embeddable":true,"href":"https:\/\/antidotejeux.fr\/index.php\/wp-json\/wp\/v2\/users\/1"}],"replies":[{"embeddable":true,"href":"https:\/\/antidotejeux.fr\/index.php\/wp-json\/wp\/v2\/comments?post=537"}],"version-history":[{"count":6,"href":"https:\/\/antidotejeux.fr\/index.php\/wp-json\/wp\/v2\/pages\/537\/revisions"}],"predecessor-version":[{"id":916,"href":"https:\/\/antidotejeux.fr\/index.php\/wp-json\/wp\/v2\/pages\/537\/revisions\/916"}],"up":[{"embeddable":true,"href":"https:\/\/antidotejeux.fr\/index.php\/wp-json\/wp\/v2\/pages\/83"}],"wp:attachment":[{"href":"https:\/\/antidotejeux.fr\/index.php\/wp-json\/wp\/v2\/media?parent=537"}],"curies":[{"name":"wp","href":"https:\/\/api.w.org\/{rel}","templated":true}]}}