{"id":539,"date":"2020-11-27T16:41:34","date_gmt":"2020-11-27T15:41:34","guid":{"rendered":"http:\/\/antidotejeux.fr\/?page_id=539"},"modified":"2020-12-04T08:10:26","modified_gmt":"2020-12-04T07:10:26","slug":"galerapagos-2","status":"publish","type":"page","link":"https:\/\/antidotejeux.fr\/index.php\/coop-escape-game\/galerapagos-2\/","title":{"rendered":"Galerapagos"},"content":{"rendered":"\n<p class=\"has-text-color\" id=\"galerapagos\" style=\"color:#1e3d59\">Un petit air de Koh Lanta pour ce jeu: vous \u00eates des aventuriers \u00e9chou\u00e9s sur une \u00eele o\u00f9 l&rsquo;eau et la nourriture manque. Vous devez alors tous ensemble construire un grand radeau et pr\u00e9parer des rations de survie pour pouvoir repartir et \u00eatre sauv\u00e9s.<\/p>\n\n\n\n<p class=\"has-text-color\" style=\"color:#1e3d59\">A chaque tour les joueurs naufrag\u00e9s devront choisir une de ces actions : p\u00eacher, recueillir de l\u2019eau, aller chercher du bois ou fouiller l\u2019\u00e9pave du bateau. Mais attention parfois la m\u00e9t\u00e9o s&rsquo;en m\u00eale et vient changer vos plans.<\/p>\n\n\n\n<p class=\"has-text-color\" style=\"color:#1e3d59\">Vous jouez dans la m\u00eame \u00e9quipe mais vous pouvez d\u00e9cider de sacrifier vos compagnons d&rsquo;infortune en cas de p\u00e9nurie.<br>Un jeu (presque) coop\u00e9ratif o\u00f9 vous devrez \u00eatre fourbe et diplomate pour avoir une place dans le radeau et esp\u00e9rer survivre.<\/p>\n\n\n\n<figure class=\"wp-block-table\"><table class=\"has-subtle-light-gray-background-color has-background\"><tbody><tr><td>Age<\/td><td>A partir de 10 ans<\/td><\/tr><tr><td>Nombre de joueurs<\/td><td>De 3 \u00e0 12 joueurs<\/td><\/tr><tr><td>Dur\u00e9e d&rsquo;une partie<\/td><td>20 minutes<\/td><\/tr><\/tbody><\/table><\/figure>\n\n\n\n<div class=\"wp-block-buttons is-layout-flex wp-block-buttons-is-layout-flex\">\n<div class=\"wp-block-button is-style-outline is-style-outline--1\"><a class=\"wp-block-button__link has-text-color has-background\" href=\"https:\/\/antidotejeux.fr\/index.php\/demande-de-location\/#loc\" style=\"background-color:#ffc13b;color:#1e3d59\" target=\"_blank\" rel=\"noreferrer noopener\">Louer<\/a><\/div>\n<\/div>\n\n\n\n<div class=\"wp-block-image\"><figure class=\"aligncenter size-large\"><img loading=\"lazy\" decoding=\"async\" width=\"768\" height=\"512\" src=\"https:\/\/antidotejeux.fr\/wp-content\/uploads\/2020\/11\/galerapagos.jpg\" alt=\"\" class=\"wp-image-514\" srcset=\"https:\/\/antidotejeux.fr\/wp-content\/uploads\/2020\/11\/galerapagos.jpg 768w, https:\/\/antidotejeux.fr\/wp-content\/uploads\/2020\/11\/galerapagos-300x200.jpg 300w\" sizes=\"auto, (max-width: 768px) 100vw, 768px\" \/><\/figure><\/div>\n","protected":false},"excerpt":{"rendered":"<p>Un petit air de Koh Lanta pour ce jeu: vous \u00eates des aventuriers \u00e9chou\u00e9s sur une \u00eele o\u00f9 l&rsquo;eau et la nourriture manque. Vous devez alors tous ensemble construire un grand radeau et pr\u00e9parer des rations de survie pour pouvoir<\/p>\n","protected":false},"author":1,"featured_media":0,"parent":89,"menu_order":0,"comment_status":"closed","ping_status":"closed","template":"","meta":{"footnotes":""},"class_list":["post-539","page","type-page","status-publish","hentry"],"_links":{"self":[{"href":"https:\/\/antidotejeux.fr\/index.php\/wp-json\/wp\/v2\/pages\/539","targetHints":{"allow":["GET"]}}],"collection":[{"href":"https:\/\/antidotejeux.fr\/index.php\/wp-json\/wp\/v2\/pages"}],"about":[{"href":"https:\/\/antidotejeux.fr\/index.php\/wp-json\/wp\/v2\/types\/page"}],"author":[{"embeddable":true,"href":"https:\/\/antidotejeux.fr\/index.php\/wp-json\/wp\/v2\/users\/1"}],"replies":[{"embeddable":true,"href":"https:\/\/antidotejeux.fr\/index.php\/wp-json\/wp\/v2\/comments?post=539"}],"version-history":[{"count":7,"href":"https:\/\/antidotejeux.fr\/index.php\/wp-json\/wp\/v2\/pages\/539\/revisions"}],"predecessor-version":[{"id":766,"href":"https:\/\/antidotejeux.fr\/index.php\/wp-json\/wp\/v2\/pages\/539\/revisions\/766"}],"up":[{"embeddable":true,"href":"https:\/\/antidotejeux.fr\/index.php\/wp-json\/wp\/v2\/pages\/89"}],"wp:attachment":[{"href":"https:\/\/antidotejeux.fr\/index.php\/wp-json\/wp\/v2\/media?parent=539"}],"curies":[{"name":"wp","href":"https:\/\/api.w.org\/{rel}","templated":true}]}}