{"id":541,"date":"2020-11-27T16:42:11","date_gmt":"2020-11-27T15:42:11","guid":{"rendered":"http:\/\/antidotejeux.fr\/?page_id=541"},"modified":"2021-01-19T18:50:22","modified_gmt":"2021-01-19T17:50:22","slug":"unlock","status":"publish","type":"page","link":"https:\/\/antidotejeux.fr\/index.php\/ambiance\/unlock\/","title":{"rendered":"Unlock"},"content":{"rendered":"\n<p class=\"has-text-color\" id=\"unlock\" style=\"color:#1e3d59\">Unlock ce sont des escape game mais ici pas de pi\u00e8ces \u00e0 fouiller, vous avez seulement des cartes afin de pouvoir jouer \u00e0 la maison. Vous avez 60 minutes pour vous \u00e9chapper comme dans un escape room.<\/p>\n\n\n\n<p class=\"has-text-color\" style=\"color:#1e3d59\">Vous d\u00e9marrez dans une pi\u00e8ce (une carte) et devez l&rsquo;observer attentivement pour trouver des indices (des num\u00e9ros qui vous permettent de r\u00e9v\u00e9ler d&rsquo;autres cartes).  <\/p>\n\n\n\n<p class=\"has-text-color\" style=\"color:#1e3d59\">Vous devez  \u00e9galement combiner des cartes pour d\u00e9couvrir d&rsquo;autres pi\u00e8ces ou ouvrir des coffres (par exemple si vous avez une carte repr\u00e9sentant une porte qui a le num\u00e9ro 13 et une carte Clef qui a le num\u00e9ro 20. 13+20=33, s&rsquo;il existe une carte 33; bingo vous venez d&rsquo;ouvrir cette porte et pouvez alors r\u00e9v\u00e9ler et utiliser la carte 33. S&rsquo;il n&rsquo;y a pas de carte 33 alors cette clef n&rsquo;est pas la bonne).<\/p>\n\n\n\n<p class=\"has-text-color\" style=\"color:#1e3d59\">Il existe une application (gratuite) qui vous guide et vous donner des indices et que vous devrez utiliser pour entrer les codes d\u00e9couverts.<\/p>\n\n\n\n<p class=\"has-text-color\" style=\"color:#1e3d59\">Une exp\u00e9rience un peu diff\u00e9rente mais similaire \u00e0 un escape game qui fera appel aux m\u00eames qualit\u00e9s pour r\u00e9ussir: observation, logique et sang froid. <\/p>\n\n\n\n<figure class=\"wp-block-table\"><table class=\"has-subtle-light-gray-background-color has-background\"><tbody><tr><td>Age<\/td><td>A partir de 10 ans<\/td><\/tr><tr><td>Nombre de joueurs<\/td><td>De 2 \u00e0 6 joueurs<\/td><\/tr><tr><td>Dur\u00e9e d&rsquo;une partie<\/td><td>60 minutes<\/td><\/tr><\/tbody><\/table><\/figure>\n\n\n\n<div class=\"wp-block-buttons is-layout-flex wp-block-buttons-is-layout-flex\">\n<div class=\"wp-block-button is-style-outline is-style-outline--1\"><a class=\"wp-block-button__link has-text-color has-background\" href=\"https:\/\/antidotejeux.fr\/index.php\/demande-de-location\/#loc\" style=\"background-color:#ffc13b;color:#1e3d59\" target=\"_blank\" rel=\"noreferrer noopener\">Louer<\/a><\/div>\n<\/div>\n\n\n\n<div class=\"wp-block-image\"><figure class=\"aligncenter size-large\"><img loading=\"lazy\" decoding=\"async\" width=\"768\" height=\"512\" src=\"https:\/\/antidotejeux.fr\/wp-content\/uploads\/2020\/11\/escape-game.jpg\" alt=\"\" class=\"wp-image-344\" srcset=\"https:\/\/antidotejeux.fr\/wp-content\/uploads\/2020\/11\/escape-game.jpg 768w, https:\/\/antidotejeux.fr\/wp-content\/uploads\/2020\/11\/escape-game-300x200.jpg 300w\" sizes=\"auto, (max-width: 768px) 100vw, 768px\" \/><\/figure><\/div>\n","protected":false},"excerpt":{"rendered":"<p>Unlock ce sont des escape game mais ici pas de pi\u00e8ces \u00e0 fouiller, vous avez seulement des cartes afin de pouvoir jouer \u00e0 la maison. Vous avez 60 minutes pour vous \u00e9chapper comme dans un escape room. Vous d\u00e9marrez dans<\/p>\n","protected":false},"author":1,"featured_media":0,"parent":83,"menu_order":0,"comment_status":"closed","ping_status":"closed","template":"","meta":{"footnotes":""},"class_list":["post-541","page","type-page","status-publish","hentry"],"_links":{"self":[{"href":"https:\/\/antidotejeux.fr\/index.php\/wp-json\/wp\/v2\/pages\/541","targetHints":{"allow":["GET"]}}],"collection":[{"href":"https:\/\/antidotejeux.fr\/index.php\/wp-json\/wp\/v2\/pages"}],"about":[{"href":"https:\/\/antidotejeux.fr\/index.php\/wp-json\/wp\/v2\/types\/page"}],"author":[{"embeddable":true,"href":"https:\/\/antidotejeux.fr\/index.php\/wp-json\/wp\/v2\/users\/1"}],"replies":[{"embeddable":true,"href":"https:\/\/antidotejeux.fr\/index.php\/wp-json\/wp\/v2\/comments?post=541"}],"version-history":[{"count":9,"href":"https:\/\/antidotejeux.fr\/index.php\/wp-json\/wp\/v2\/pages\/541\/revisions"}],"predecessor-version":[{"id":1029,"href":"https:\/\/antidotejeux.fr\/index.php\/wp-json\/wp\/v2\/pages\/541\/revisions\/1029"}],"up":[{"embeddable":true,"href":"https:\/\/antidotejeux.fr\/index.php\/wp-json\/wp\/v2\/pages\/83"}],"wp:attachment":[{"href":"https:\/\/antidotejeux.fr\/index.php\/wp-json\/wp\/v2\/media?parent=541"}],"curies":[{"name":"wp","href":"https:\/\/api.w.org\/{rel}","templated":true}]}}