{"id":543,"date":"2020-11-27T16:42:34","date_gmt":"2020-11-27T15:42:34","guid":{"rendered":"http:\/\/antidotejeux.fr\/?page_id=543"},"modified":"2020-12-04T07:54:18","modified_gmt":"2020-12-04T06:54:18","slug":"the-game-2","status":"publish","type":"page","link":"https:\/\/antidotejeux.fr\/index.php\/coop-escape-game\/the-game-2\/","title":{"rendered":"The game"},"content":{"rendered":"\n<p class=\"has-text-color\" id=\"game\" style=\"color:#1e3d59\">Dans the game vous jouez tous ensemble et devez mettre toutes les cartes du jeu dans 4 colonnes diff\u00e9rentes en respectant un ordre (2 colonnes par ordre croissant, et 2 colonnes par ordre d\u00e9croissant). Mais la communication est r\u00e9glement\u00e9e! Interdiction de dire aux autres les valeurs de ses cartes. Il s&rsquo;agit \u00ab\u00a0du grand fr\u00e8re\u00a0\u00bb du jeu <a href=\"https:\/\/antidotejeux.fr\/index.php\/coop-escape-game\/the-mind\/#mind\">The mind.<\/a><\/p>\n\n\n\n<figure class=\"wp-block-table\"><table class=\"has-subtle-light-gray-background-color has-background\"><tbody><tr><td>Age<\/td><td>A partir de 8 ans<\/td><\/tr><tr><td>Nombre de joueurs<\/td><td>De 1 \u00e0 5 joueurs<\/td><\/tr><tr><td>Dur\u00e9e d&rsquo;une partie<\/td><td>15 minutes<\/td><\/tr><\/tbody><\/table><\/figure>\n\n\n\n<div class=\"wp-block-buttons is-layout-flex wp-block-buttons-is-layout-flex\">\n<div class=\"wp-block-button is-style-outline is-style-outline--1\"><a class=\"wp-block-button__link has-text-color has-background\" href=\"https:\/\/antidotejeux.fr\/index.php\/demande-de-location\/#loc\" style=\"background-color:#ffc13b;color:#1e3d59\" target=\"_blank\" rel=\"noreferrer noopener\">Louer<\/a><\/div>\n<\/div>\n\n\n\n<div class=\"wp-block-image\"><figure class=\"aligncenter size-large\"><img loading=\"lazy\" decoding=\"async\" width=\"768\" height=\"512\" src=\"https:\/\/antidotejeux.fr\/wp-content\/uploads\/2020\/11\/the-game.jpg\" alt=\"\" class=\"wp-image-513\" srcset=\"https:\/\/antidotejeux.fr\/wp-content\/uploads\/2020\/11\/the-game.jpg 768w, https:\/\/antidotejeux.fr\/wp-content\/uploads\/2020\/11\/the-game-300x200.jpg 300w\" sizes=\"auto, (max-width: 768px) 100vw, 768px\" \/><\/figure><\/div>\n","protected":false},"excerpt":{"rendered":"<p>Dans the game vous jouez tous ensemble et devez mettre toutes les cartes du jeu dans 4 colonnes diff\u00e9rentes en respectant un ordre (2 colonnes par ordre croissant, et 2 colonnes par ordre d\u00e9croissant). Mais la communication est r\u00e9glement\u00e9e! Interdiction<\/p>\n","protected":false},"author":1,"featured_media":0,"parent":89,"menu_order":0,"comment_status":"closed","ping_status":"closed","template":"","meta":{"footnotes":""},"class_list":["post-543","page","type-page","status-publish","hentry"],"_links":{"self":[{"href":"https:\/\/antidotejeux.fr\/index.php\/wp-json\/wp\/v2\/pages\/543","targetHints":{"allow":["GET"]}}],"collection":[{"href":"https:\/\/antidotejeux.fr\/index.php\/wp-json\/wp\/v2\/pages"}],"about":[{"href":"https:\/\/antidotejeux.fr\/index.php\/wp-json\/wp\/v2\/types\/page"}],"author":[{"embeddable":true,"href":"https:\/\/antidotejeux.fr\/index.php\/wp-json\/wp\/v2\/users\/1"}],"replies":[{"embeddable":true,"href":"https:\/\/antidotejeux.fr\/index.php\/wp-json\/wp\/v2\/comments?post=543"}],"version-history":[{"count":4,"href":"https:\/\/antidotejeux.fr\/index.php\/wp-json\/wp\/v2\/pages\/543\/revisions"}],"predecessor-version":[{"id":749,"href":"https:\/\/antidotejeux.fr\/index.php\/wp-json\/wp\/v2\/pages\/543\/revisions\/749"}],"up":[{"embeddable":true,"href":"https:\/\/antidotejeux.fr\/index.php\/wp-json\/wp\/v2\/pages\/89"}],"wp:attachment":[{"href":"https:\/\/antidotejeux.fr\/index.php\/wp-json\/wp\/v2\/media?parent=543"}],"curies":[{"name":"wp","href":"https:\/\/api.w.org\/{rel}","templated":true}]}}