{"id":547,"date":"2020-11-27T16:43:33","date_gmt":"2020-11-27T15:43:33","guid":{"rendered":"http:\/\/antidotejeux.fr\/?page_id=547"},"modified":"2020-12-07T12:54:03","modified_gmt":"2020-12-07T11:54:03","slug":"perudo","status":"publish","type":"page","link":"https:\/\/antidotejeux.fr\/index.php\/famille\/perudo\/","title":{"rendered":"Perudo"},"content":{"rendered":"\n<p class=\"has-text-color\" id=\"perudo\" style=\"color:#1e3d59\">Un petit air d\u2019Am\u00e9rique latine pour ce jeu inspir\u00e9 d&rsquo;un jeu traditionnel chilien (Dudo). Chacun poss\u00e8de 5 d\u00e9s qu&rsquo;il va lancer et regarder leurs r\u00e9sultats sans les montrer \u00e0 ses adversaires et sans conna\u00eetre les r\u00e9sultats des d\u00e9s de ceux-ci. Il faut ensuite deviner combien de d\u00e9s au total ont une valeur choisie (par exemple combien de d\u00e9s au total sont sur le chiffre 4 alors que je ne connais que mes d\u00e9s).<\/p>\n\n\n\n<p class=\"has-text-color\" style=\"color:#1e3d59\">Il est permis et encourag\u00e9 de bluffer (je n&rsquo;ai aucune d\u00e9s 4 mais je peux faire monter les ench\u00e8res pour tromper mes adversaires). On perd des d\u00e9s si on fait des mauvaises estimations et les parties continuent.<\/p>\n\n\n\n<p class=\"has-text-color\" style=\"color:#1e3d59\">Ce jeu cartonne et l&rsquo;\u00e9quipe de France y \u00e9tait accro pendant le coupe du monde 1998 et certains joueurs de l&rsquo;OM \u00e9galement: <\/p>\n\n\n\n<p><a href=\"https:\/\/www.lequipe.fr\/Football\/Actualites\/Ces-jeux-de-societe-qui-survivent-chez-les-joueurs-a-l-epoque-de-la-ps\/801546\" target=\"_blank\" rel=\"noreferrer noopener\">https:\/\/www.bfmtv.com\/societe\/mondial-le-perudo-ce-jeu-qui-cartonne-aupres-des-bleus_VN-201806220076.html<\/a><\/p>\n\n\n\n<p><a href=\"https:\/\/le10sport.com\/football\/equipe-de-france\/equipe-de-france-et-le-meilleur-au-perudo-est151923\" target=\"_blank\" rel=\"noreferrer noopener\">https:\/\/le10sport.com\/football\/equipe-de-france\/equipe-de-france-et-le-meilleur-au-perudo-est151923<\/a><\/p>\n\n\n\n<figure class=\"wp-block-table\"><table class=\"has-subtle-light-gray-background-color has-background\"><tbody><tr><td>Age<\/td><td>A partir de 8 ans<\/td><\/tr><tr><td>Nombre de joueurs<\/td><td>De 2 \u00e0 6 joueurs<\/td><\/tr><tr><td>Dur\u00e9e d&rsquo;une partie<\/td><td>30 minutes<\/td><\/tr><\/tbody><\/table><\/figure>\n\n\n\n<div class=\"wp-block-buttons is-layout-flex wp-block-buttons-is-layout-flex\">\n<div class=\"wp-block-button is-style-outline is-style-outline--1\"><a class=\"wp-block-button__link has-text-color has-background\" href=\"https:\/\/antidotejeux.fr\/index.php\/demande-de-location\/#loc\" style=\"background-color:#ffc13b;color:#1e3d59\" target=\"_blank\" rel=\"noreferrer noopener\">Louer<\/a><\/div>\n<\/div>\n\n\n\n<div class=\"wp-block-image\"><figure class=\"aligncenter size-large\"><img loading=\"lazy\" decoding=\"async\" width=\"768\" height=\"512\" src=\"https:\/\/antidotejeux.fr\/wp-content\/uploads\/2020\/12\/perudo.jpg\" alt=\"\" class=\"wp-image-816\" srcset=\"https:\/\/antidotejeux.fr\/wp-content\/uploads\/2020\/12\/perudo.jpg 768w, https:\/\/antidotejeux.fr\/wp-content\/uploads\/2020\/12\/perudo-300x200.jpg 300w\" sizes=\"auto, (max-width: 768px) 100vw, 768px\" \/><\/figure><\/div>\n\n\n\n<p><\/p>\n","protected":false},"excerpt":{"rendered":"<p>Un petit air d\u2019Am\u00e9rique latine pour ce jeu inspir\u00e9 d&rsquo;un jeu traditionnel chilien (Dudo). Chacun poss\u00e8de 5 d\u00e9s qu&rsquo;il va lancer et regarder leurs r\u00e9sultats sans les montrer \u00e0 ses adversaires et sans conna\u00eetre les r\u00e9sultats des d\u00e9s de ceux-ci.<\/p>\n","protected":false},"author":1,"featured_media":0,"parent":136,"menu_order":0,"comment_status":"closed","ping_status":"closed","template":"","meta":{"footnotes":""},"class_list":["post-547","page","type-page","status-publish","hentry"],"_links":{"self":[{"href":"https:\/\/antidotejeux.fr\/index.php\/wp-json\/wp\/v2\/pages\/547","targetHints":{"allow":["GET"]}}],"collection":[{"href":"https:\/\/antidotejeux.fr\/index.php\/wp-json\/wp\/v2\/pages"}],"about":[{"href":"https:\/\/antidotejeux.fr\/index.php\/wp-json\/wp\/v2\/types\/page"}],"author":[{"embeddable":true,"href":"https:\/\/antidotejeux.fr\/index.php\/wp-json\/wp\/v2\/users\/1"}],"replies":[{"embeddable":true,"href":"https:\/\/antidotejeux.fr\/index.php\/wp-json\/wp\/v2\/comments?post=547"}],"version-history":[{"count":9,"href":"https:\/\/antidotejeux.fr\/index.php\/wp-json\/wp\/v2\/pages\/547\/revisions"}],"predecessor-version":[{"id":818,"href":"https:\/\/antidotejeux.fr\/index.php\/wp-json\/wp\/v2\/pages\/547\/revisions\/818"}],"up":[{"embeddable":true,"href":"https:\/\/antidotejeux.fr\/index.php\/wp-json\/wp\/v2\/pages\/136"}],"wp:attachment":[{"href":"https:\/\/antidotejeux.fr\/index.php\/wp-json\/wp\/v2\/media?parent=547"}],"curies":[{"name":"wp","href":"https:\/\/api.w.org\/{rel}","templated":true}]}}