{"id":549,"date":"2020-11-27T16:44:05","date_gmt":"2020-11-27T15:44:05","guid":{"rendered":"http:\/\/antidotejeux.fr\/?page_id=549"},"modified":"2020-12-07T11:28:14","modified_gmt":"2020-12-07T10:28:14","slug":"takenoko","status":"publish","type":"page","link":"https:\/\/antidotejeux.fr\/index.php\/nice-support\/takenoko\/","title":{"rendered":"Takenoko"},"content":{"rendered":"\n<p class=\"has-text-color\" id=\"takenoko\" style=\"color:#1e3d59\">Dans Takenoko vous voil\u00e0 transport\u00e9s dans un jardin japonais. Vous pouvez prendre le contr\u00f4le du jardinier, du panda ou ajouter des tuiles afin de remplir le plus d&rsquo;objectifs possibles (manger du bambou, faire pousser du bambou&#8230;).  Mais attention la m\u00e9t\u00e9o peut vous jouer des tours ou au contraire vous arranger.<br>Un superbe jeu qui s\u00e9duit d\u00e8s la premi\u00e8re partie! <\/p>\n\n\n\n<figure class=\"wp-block-table\"><table class=\"has-subtle-light-gray-background-color has-background\"><tbody><tr><td>Age<\/td><td>A partir de 8 ans<\/td><\/tr><tr><td>Nombre de joueurs<\/td><td>De 2 \u00e0 4 joueurs<\/td><\/tr><tr><td>Dur\u00e9e d&rsquo;une partie<\/td><td>30 minutes<\/td><\/tr><\/tbody><\/table><\/figure>\n\n\n\n<div class=\"wp-block-buttons is-layout-flex wp-block-buttons-is-layout-flex\">\n<div class=\"wp-block-button is-style-outline is-style-outline--1\"><a class=\"wp-block-button__link has-text-color has-background\" href=\"https:\/\/antidotejeux.fr\/index.php\/demande-de-location\/#loc\" style=\"background-color:#ffc13b;color:#1e3d59\" target=\"_blank\" rel=\"noreferrer noopener\">Louer<\/a><\/div>\n<\/div>\n\n\n\n<div class=\"wp-block-image\"><figure class=\"aligncenter size-large\"><img loading=\"lazy\" decoding=\"async\" width=\"768\" height=\"512\" src=\"https:\/\/antidotejeux.fr\/wp-content\/uploads\/2020\/11\/takenoko.jpg\" alt=\"\" class=\"wp-image-623\" srcset=\"https:\/\/antidotejeux.fr\/wp-content\/uploads\/2020\/11\/takenoko.jpg 768w, https:\/\/antidotejeux.fr\/wp-content\/uploads\/2020\/11\/takenoko-300x200.jpg 300w\" sizes=\"auto, (max-width: 768px) 100vw, 768px\" \/><\/figure><\/div>\n","protected":false},"excerpt":{"rendered":"<p>Dans Takenoko vous voil\u00e0 transport\u00e9s dans un jardin japonais. Vous pouvez prendre le contr\u00f4le du jardinier, du panda ou ajouter des tuiles afin de remplir le plus d&rsquo;objectifs possibles (manger du bambou, faire pousser du bambou&#8230;). Mais attention la m\u00e9t\u00e9o<\/p>\n","protected":false},"author":1,"featured_media":0,"parent":267,"menu_order":0,"comment_status":"closed","ping_status":"closed","template":"","meta":{"footnotes":""},"class_list":["post-549","page","type-page","status-publish","hentry"],"_links":{"self":[{"href":"https:\/\/antidotejeux.fr\/index.php\/wp-json\/wp\/v2\/pages\/549","targetHints":{"allow":["GET"]}}],"collection":[{"href":"https:\/\/antidotejeux.fr\/index.php\/wp-json\/wp\/v2\/pages"}],"about":[{"href":"https:\/\/antidotejeux.fr\/index.php\/wp-json\/wp\/v2\/types\/page"}],"author":[{"embeddable":true,"href":"https:\/\/antidotejeux.fr\/index.php\/wp-json\/wp\/v2\/users\/1"}],"replies":[{"embeddable":true,"href":"https:\/\/antidotejeux.fr\/index.php\/wp-json\/wp\/v2\/comments?post=549"}],"version-history":[{"count":9,"href":"https:\/\/antidotejeux.fr\/index.php\/wp-json\/wp\/v2\/pages\/549\/revisions"}],"predecessor-version":[{"id":807,"href":"https:\/\/antidotejeux.fr\/index.php\/wp-json\/wp\/v2\/pages\/549\/revisions\/807"}],"up":[{"embeddable":true,"href":"https:\/\/antidotejeux.fr\/index.php\/wp-json\/wp\/v2\/pages\/267"}],"wp:attachment":[{"href":"https:\/\/antidotejeux.fr\/index.php\/wp-json\/wp\/v2\/media?parent=549"}],"curies":[{"name":"wp","href":"https:\/\/api.w.org\/{rel}","templated":true}]}}