{"id":551,"date":"2020-11-27T16:44:28","date_gmt":"2020-11-27T15:44:28","guid":{"rendered":"http:\/\/antidotejeux.fr\/?page_id=551"},"modified":"2020-12-07T16:35:03","modified_gmt":"2020-12-07T15:35:03","slug":"puerto-rico","status":"publish","type":"page","link":"https:\/\/antidotejeux.fr\/index.php\/nice-support\/puerto-rico\/","title":{"rendered":"Puerto Rico"},"content":{"rendered":"\n<p>Chaque joueur poss\u00e8de un plateau qui repr\u00e9sente son domaine. Il va pouvoir y construire des b\u00e2timents ou y installer des plantations.  Le but du jeu est de remporter le plus de points de victoire (chaque b\u00e2timent construit en rapporte).<br>Il s&rsquo;agit d&rsquo;un jeu de strat\u00e9gie plut\u00f4t destin\u00e9 aux joueurs exp\u00e9riment\u00e9s mais tr\u00e8s riche et vari\u00e9. <\/p>\n\n\n\n<p><\/p>\n\n\n\n<figure class=\"wp-block-table\"><table class=\"has-subtle-light-gray-background-color has-background\"><tbody><tr><td>Age<\/td><td>A partir de 12 ans<\/td><\/tr><tr><td>Nombre de joueurs<\/td><td>De 2 \u00e0 5 joueurs<\/td><\/tr><tr><td>Dur\u00e9e d&rsquo;une partie<\/td><td>De 1h \u00e0 2h<\/td><\/tr><\/tbody><\/table><\/figure>\n\n\n\n<div class=\"wp-block-buttons is-layout-flex wp-block-buttons-is-layout-flex\">\n<div class=\"wp-block-button is-style-outline is-style-outline--1\"><a class=\"wp-block-button__link has-text-color has-background\" href=\"https:\/\/antidotejeux.fr\/index.php\/demande-de-location\/#loc\" style=\"background-color:#ffc13b;color:#1e3d59\" target=\"_blank\" rel=\"noreferrer noopener\">Louer<\/a><\/div>\n<\/div>\n\n\n\n<div class=\"wp-block-image\"><figure class=\"aligncenter size-large\"><img loading=\"lazy\" decoding=\"async\" width=\"768\" height=\"512\" src=\"https:\/\/antidotejeux.fr\/wp-content\/uploads\/2020\/12\/puerto-rico.jpg\" alt=\"\" class=\"wp-image-910\" srcset=\"https:\/\/antidotejeux.fr\/wp-content\/uploads\/2020\/12\/puerto-rico.jpg 768w, https:\/\/antidotejeux.fr\/wp-content\/uploads\/2020\/12\/puerto-rico-300x200.jpg 300w\" sizes=\"auto, (max-width: 768px) 100vw, 768px\" \/><\/figure><\/div>\n","protected":false},"excerpt":{"rendered":"<p>Chaque joueur poss\u00e8de un plateau qui repr\u00e9sente son domaine. Il va pouvoir y construire des b\u00e2timents ou y installer des plantations. Le but du jeu est de remporter le plus de points de victoire (chaque b\u00e2timent construit en rapporte).Il s&rsquo;agit<\/p>\n","protected":false},"author":1,"featured_media":0,"parent":267,"menu_order":0,"comment_status":"closed","ping_status":"closed","template":"","meta":{"footnotes":""},"class_list":["post-551","page","type-page","status-publish","hentry"],"_links":{"self":[{"href":"https:\/\/antidotejeux.fr\/index.php\/wp-json\/wp\/v2\/pages\/551","targetHints":{"allow":["GET"]}}],"collection":[{"href":"https:\/\/antidotejeux.fr\/index.php\/wp-json\/wp\/v2\/pages"}],"about":[{"href":"https:\/\/antidotejeux.fr\/index.php\/wp-json\/wp\/v2\/types\/page"}],"author":[{"embeddable":true,"href":"https:\/\/antidotejeux.fr\/index.php\/wp-json\/wp\/v2\/users\/1"}],"replies":[{"embeddable":true,"href":"https:\/\/antidotejeux.fr\/index.php\/wp-json\/wp\/v2\/comments?post=551"}],"version-history":[{"count":10,"href":"https:\/\/antidotejeux.fr\/index.php\/wp-json\/wp\/v2\/pages\/551\/revisions"}],"predecessor-version":[{"id":915,"href":"https:\/\/antidotejeux.fr\/index.php\/wp-json\/wp\/v2\/pages\/551\/revisions\/915"}],"up":[{"embeddable":true,"href":"https:\/\/antidotejeux.fr\/index.php\/wp-json\/wp\/v2\/pages\/267"}],"wp:attachment":[{"href":"https:\/\/antidotejeux.fr\/index.php\/wp-json\/wp\/v2\/media?parent=551"}],"curies":[{"name":"wp","href":"https:\/\/api.w.org\/{rel}","templated":true}]}}