{"id":553,"date":"2020-11-27T16:50:15","date_gmt":"2020-11-27T15:50:15","guid":{"rendered":"http:\/\/antidotejeux.fr\/?page_id=553"},"modified":"2020-12-14T17:20:42","modified_gmt":"2020-12-14T16:20:42","slug":"sagrada","status":"publish","type":"page","link":"https:\/\/antidotejeux.fr\/index.php\/nice-support\/sagrada\/","title":{"rendered":"Sagrada"},"content":{"rendered":"\n<p class=\"has-text-color\" id=\"sagrada\" style=\"color:#1e3d59\">Vous devez construire le plus beau vitrail de la Sagrada Familia! A chaque tour, les joueurs peuvent choisir parmi les d\u00e9s lanc\u00e9s pour pouvoir compl\u00e9ter son vitrail. Il faut remplir des objectifs communs, et un particulier \u00e0 chaque joueur.<br>A la fin des 10 tours de jeu, on compte les points pour d\u00e9terminer le plus beau vitrail.<\/p>\n\n\n\n<figure class=\"wp-block-table\"><table class=\"has-subtle-light-gray-background-color has-background\"><tbody><tr><td>Age<\/td><td>A partir de 12 ans<\/td><\/tr><tr><td>Nombre de joueurs<\/td><td>De 1 \u00e0 4 joueurs<\/td><\/tr><tr><td>Dur\u00e9e d&rsquo;une partie<\/td><td>30 minutes<\/td><\/tr><\/tbody><\/table><figcaption><div id=\"grammalecte_menu10_shadow\" style=\"display: none; position: absolute; width: 0px; height: 0px; margin-top: 8px;\"><div style=\"display: none; position: absolute; width: 0px; height: 0px; margin-top: 0px;\"><\/figcaption><\/figure>\n\n\n\n<p class=\"has-text-color has-background\" style=\"background-color:#ffc13b;color:#1e3d59\">Actuellement lou\u00e9 &#8211; il sera de retour mi-janvier<\/p>\n\n\n\n<div class=\"wp-block-buttons is-layout-flex wp-block-buttons-is-layout-flex\">\n<div class=\"wp-block-button is-style-outline is-style-outline--1\"><a class=\"wp-block-button__link has-text-color has-background\" href=\"https:\/\/antidotejeux.fr\/index.php\/demande-de-location\/#loc\" style=\"background-color:#ffc13b;color:#1e3d59\" target=\"_blank\" rel=\"noreferrer noopener\">Louer<\/a><\/div>\n<\/div>\n\n\n\n<div class=\"wp-block-image\"><figure class=\"aligncenter size-large\"><img loading=\"lazy\" decoding=\"async\" width=\"768\" height=\"512\" src=\"https:\/\/antidotejeux.fr\/wp-content\/uploads\/2020\/12\/sagrada.jpg\" alt=\"\" class=\"wp-image-820\" srcset=\"https:\/\/antidotejeux.fr\/wp-content\/uploads\/2020\/12\/sagrada.jpg 768w, https:\/\/antidotejeux.fr\/wp-content\/uploads\/2020\/12\/sagrada-300x200.jpg 300w\" sizes=\"auto, (max-width: 768px) 100vw, 768px\" \/><\/figure><\/div>\n","protected":false},"excerpt":{"rendered":"<p>Vous devez construire le plus beau vitrail de la Sagrada Familia! A chaque tour, les joueurs peuvent choisir parmi les d\u00e9s lanc\u00e9s pour pouvoir compl\u00e9ter son vitrail. Il faut remplir des objectifs communs, et un particulier \u00e0 chaque joueur.A la<\/p>\n","protected":false},"author":1,"featured_media":0,"parent":267,"menu_order":0,"comment_status":"closed","ping_status":"closed","template":"","meta":{"footnotes":""},"class_list":["post-553","page","type-page","status-publish","hentry"],"_links":{"self":[{"href":"https:\/\/antidotejeux.fr\/index.php\/wp-json\/wp\/v2\/pages\/553","targetHints":{"allow":["GET"]}}],"collection":[{"href":"https:\/\/antidotejeux.fr\/index.php\/wp-json\/wp\/v2\/pages"}],"about":[{"href":"https:\/\/antidotejeux.fr\/index.php\/wp-json\/wp\/v2\/types\/page"}],"author":[{"embeddable":true,"href":"https:\/\/antidotejeux.fr\/index.php\/wp-json\/wp\/v2\/users\/1"}],"replies":[{"embeddable":true,"href":"https:\/\/antidotejeux.fr\/index.php\/wp-json\/wp\/v2\/comments?post=553"}],"version-history":[{"count":9,"href":"https:\/\/antidotejeux.fr\/index.php\/wp-json\/wp\/v2\/pages\/553\/revisions"}],"predecessor-version":[{"id":988,"href":"https:\/\/antidotejeux.fr\/index.php\/wp-json\/wp\/v2\/pages\/553\/revisions\/988"}],"up":[{"embeddable":true,"href":"https:\/\/antidotejeux.fr\/index.php\/wp-json\/wp\/v2\/pages\/267"}],"wp:attachment":[{"href":"https:\/\/antidotejeux.fr\/index.php\/wp-json\/wp\/v2\/media?parent=553"}],"curies":[{"name":"wp","href":"https:\/\/api.w.org\/{rel}","templated":true}]}}