{"id":555,"date":"2020-11-27T16:50:59","date_gmt":"2020-11-27T15:50:59","guid":{"rendered":"http:\/\/antidotejeux.fr\/?page_id=555"},"modified":"2020-11-30T16:07:11","modified_gmt":"2020-11-30T15:07:11","slug":"twin-it","status":"publish","type":"page","link":"https:\/\/antidotejeux.fr\/index.php\/famille\/twin-it\/","title":{"rendered":"Twin it"},"content":{"rendered":"\n<p class=\"has-text-color\" id=\"twin\" style=\"color:#1e3d59\">Twin it est un jeu simple,: les cartes sont s&rsquo;accumuler sur la table et il faut \u00eatre le premier \u00e0 pointer les cartes en double (ou en triple). Un petit air de Jungle speed pour ce jeu simple et qui plait \u00e0 tous! Il s&rsquo;agit ici d&rsquo;une \u00e9dition sp\u00e9ciale \u00ab\u00a0Festival de Cannes\u00a0\u00bb (pas celui du cin\u00e9ma mais bien le festival international du jeu qui se d\u00e9roule tous les ans \u00e0 Cannes).<\/p>\n\n\n\n<figure class=\"wp-block-table\"><table class=\"has-subtle-light-gray-background-color has-background\"><tbody><tr><td>Age<\/td><td>A partir de 6 ans<\/td><\/tr><tr><td>Nombre de joueurs<\/td><td>de 2 \u00e0 6 joueurs<\/td><\/tr><tr><td>Dur\u00e9e d&rsquo;une partie<\/td><td>10 minutes<\/td><\/tr><\/tbody><\/table><\/figure>\n\n\n\n<div class=\"wp-block-buttons is-layout-flex wp-block-buttons-is-layout-flex\">\n<div class=\"wp-block-button is-style-outline is-style-outline--1\"><a class=\"wp-block-button__link has-text-color has-background\" href=\"https:\/\/antidotejeux.fr\/index.php\/demande-de-location\/#loc\" style=\"background-color:#ffc13b;color:#1e3d59\" target=\"_blank\" rel=\"noreferrer noopener\">Louer<\/a><\/div>\n<\/div>\n\n\n\n<div class=\"wp-block-image\"><figure class=\"aligncenter size-large\"><img loading=\"lazy\" decoding=\"async\" width=\"764\" height=\"509\" src=\"https:\/\/antidotejeux.fr\/wp-content\/uploads\/2020\/11\/twin-it.jpg\" alt=\"\" class=\"wp-image-630\" srcset=\"https:\/\/antidotejeux.fr\/wp-content\/uploads\/2020\/11\/twin-it.jpg 764w, https:\/\/antidotejeux.fr\/wp-content\/uploads\/2020\/11\/twin-it-300x200.jpg 300w\" sizes=\"auto, (max-width: 764px) 100vw, 764px\" \/><\/figure><\/div>\n","protected":false},"excerpt":{"rendered":"<p>Twin it est un jeu simple,: les cartes sont s&rsquo;accumuler sur la table et il faut \u00eatre le premier \u00e0 pointer les cartes en double (ou en triple). Un petit air de Jungle speed pour ce jeu simple et qui<\/p>\n","protected":false},"author":1,"featured_media":0,"parent":136,"menu_order":0,"comment_status":"closed","ping_status":"closed","template":"","meta":{"footnotes":""},"class_list":["post-555","page","type-page","status-publish","hentry"],"_links":{"self":[{"href":"https:\/\/antidotejeux.fr\/index.php\/wp-json\/wp\/v2\/pages\/555","targetHints":{"allow":["GET"]}}],"collection":[{"href":"https:\/\/antidotejeux.fr\/index.php\/wp-json\/wp\/v2\/pages"}],"about":[{"href":"https:\/\/antidotejeux.fr\/index.php\/wp-json\/wp\/v2\/types\/page"}],"author":[{"embeddable":true,"href":"https:\/\/antidotejeux.fr\/index.php\/wp-json\/wp\/v2\/users\/1"}],"replies":[{"embeddable":true,"href":"https:\/\/antidotejeux.fr\/index.php\/wp-json\/wp\/v2\/comments?post=555"}],"version-history":[{"count":3,"href":"https:\/\/antidotejeux.fr\/index.php\/wp-json\/wp\/v2\/pages\/555\/revisions"}],"predecessor-version":[{"id":716,"href":"https:\/\/antidotejeux.fr\/index.php\/wp-json\/wp\/v2\/pages\/555\/revisions\/716"}],"up":[{"embeddable":true,"href":"https:\/\/antidotejeux.fr\/index.php\/wp-json\/wp\/v2\/pages\/136"}],"wp:attachment":[{"href":"https:\/\/antidotejeux.fr\/index.php\/wp-json\/wp\/v2\/media?parent=555"}],"curies":[{"name":"wp","href":"https:\/\/api.w.org\/{rel}","templated":true}]}}