{"id":557,"date":"2020-11-27T16:51:18","date_gmt":"2020-11-27T15:51:18","guid":{"rendered":"http:\/\/antidotejeux.fr\/?page_id=557"},"modified":"2020-11-30T15:36:55","modified_gmt":"2020-11-30T14:36:55","slug":"panic-lab","status":"publish","type":"page","link":"https:\/\/antidotejeux.fr\/index.php\/famille\/panic-lab\/","title":{"rendered":"Panic Lab"},"content":{"rendered":"\n<p class=\"has-text-color\" id=\"panic\" style=\"color:#1e3d59\">Panic lab est un jeu d&rsquo;observation et de logique; il faut lancer les d\u00e9s et trouver le plus vite possible \u00ab\u00a0l&rsquo;amibe\u00a0\u00bb qui correspond aux crit\u00e8res (ray\u00e9es, \u00e0 pois&#8230;). Mais pas si simple car parfois le laboratoire change de sens, les amibes peuvent \u00e9galement muter&#8230; Il faut \u00eatre vif et observateur pour gagner! <\/p>\n\n\n\n<figure class=\"wp-block-table\"><table class=\"has-subtle-light-gray-background-color has-background\"><tbody><tr><td>Age<\/td><td>A partir de 8 ans<\/td><\/tr><tr><td>Nombre de joueurs<\/td><td>de 2 \u00e0 10 joueurs<\/td><\/tr><tr><td>Dur\u00e9e d&rsquo;une partie<\/td><td>15 minutes<\/td><\/tr><\/tbody><\/table><\/figure>\n\n\n\n<div class=\"wp-block-buttons is-layout-flex wp-block-buttons-is-layout-flex\">\n<div class=\"wp-block-button is-style-outline is-style-outline--1\"><a class=\"wp-block-button__link has-text-color has-background\" href=\"https:\/\/antidotejeux.fr\/index.php\/demande-de-location\/#loc\" style=\"background-color:#ffc13b;color:#1e3d59\" target=\"_blank\" rel=\"noreferrer noopener\">Louer<\/a><\/div>\n<\/div>\n\n\n\n<div class=\"wp-block-image\"><figure class=\"aligncenter size-large\"><img loading=\"lazy\" decoding=\"async\" width=\"768\" height=\"512\" src=\"https:\/\/antidotejeux.fr\/wp-content\/uploads\/2020\/11\/panic-lab.jpg\" alt=\"\" class=\"wp-image-632\" srcset=\"https:\/\/antidotejeux.fr\/wp-content\/uploads\/2020\/11\/panic-lab.jpg 768w, https:\/\/antidotejeux.fr\/wp-content\/uploads\/2020\/11\/panic-lab-300x200.jpg 300w\" sizes=\"auto, (max-width: 768px) 100vw, 768px\" \/><\/figure><\/div>\n","protected":false},"excerpt":{"rendered":"<p>Panic lab est un jeu d&rsquo;observation et de logique; il faut lancer les d\u00e9s et trouver le plus vite possible \u00ab\u00a0l&rsquo;amibe\u00a0\u00bb qui correspond aux crit\u00e8res (ray\u00e9es, \u00e0 pois&#8230;). Mais pas si simple car parfois le laboratoire change de sens, les<\/p>\n","protected":false},"author":1,"featured_media":0,"parent":136,"menu_order":0,"comment_status":"closed","ping_status":"closed","template":"","meta":{"footnotes":""},"class_list":["post-557","page","type-page","status-publish","hentry"],"_links":{"self":[{"href":"https:\/\/antidotejeux.fr\/index.php\/wp-json\/wp\/v2\/pages\/557","targetHints":{"allow":["GET"]}}],"collection":[{"href":"https:\/\/antidotejeux.fr\/index.php\/wp-json\/wp\/v2\/pages"}],"about":[{"href":"https:\/\/antidotejeux.fr\/index.php\/wp-json\/wp\/v2\/types\/page"}],"author":[{"embeddable":true,"href":"https:\/\/antidotejeux.fr\/index.php\/wp-json\/wp\/v2\/users\/1"}],"replies":[{"embeddable":true,"href":"https:\/\/antidotejeux.fr\/index.php\/wp-json\/wp\/v2\/comments?post=557"}],"version-history":[{"count":7,"href":"https:\/\/antidotejeux.fr\/index.php\/wp-json\/wp\/v2\/pages\/557\/revisions"}],"predecessor-version":[{"id":674,"href":"https:\/\/antidotejeux.fr\/index.php\/wp-json\/wp\/v2\/pages\/557\/revisions\/674"}],"up":[{"embeddable":true,"href":"https:\/\/antidotejeux.fr\/index.php\/wp-json\/wp\/v2\/pages\/136"}],"wp:attachment":[{"href":"https:\/\/antidotejeux.fr\/index.php\/wp-json\/wp\/v2\/media?parent=557"}],"curies":[{"name":"wp","href":"https:\/\/api.w.org\/{rel}","templated":true}]}}