{"id":563,"date":"2020-11-27T16:54:25","date_gmt":"2020-11-27T15:54:25","guid":{"rendered":"http:\/\/antidotejeux.fr\/?page_id=563"},"modified":"2020-12-07T16:34:42","modified_gmt":"2020-12-07T15:34:42","slug":"camelot","status":"publish","type":"page","link":"https:\/\/antidotejeux.fr\/index.php\/nice-support\/camelot\/","title":{"rendered":"Camelot"},"content":{"rendered":"\n<p class=\"has-text-color\" id=\"camelot\" style=\"color:#1e3d59\">Camelot est un petit jeu de carte o\u00f9 vous allez devoir en d\u00e9coudre contre les autres chevaliers. A chaque tour, un tournoi d\u00e9bute et chaque joueur va tenter de l&#8217;emporter. <br>A son tour un joueur pioche une carte,  et peut jouer une ou plusieurs cartes. Les joueurs suivants vont devoir ench\u00e9rir pour pouvoir rester dans le tournoi. Si un joueur ne peut pas, il doit abandonner le tournoi (mais pas de panique, d\u00e8s que ce tournoi sera fini un autre va d\u00e9buter)\/<\/p>\n\n\n\n<figure class=\"wp-block-table\"><table class=\"has-subtle-light-gray-background-color has-background\"><tbody><tr><td>Age<\/td><td>A partir de 10 ans<\/td><\/tr><tr><td>Nombre de joueurs<\/td><td>De 2 \u00e0 5 joueurs<\/td><\/tr><tr><td>Dur\u00e9e d&rsquo;une partie<\/td><td>30 minutes<\/td><\/tr><\/tbody><\/table><\/figure>\n\n\n\n<div class=\"wp-block-buttons is-layout-flex wp-block-buttons-is-layout-flex\">\n<div class=\"wp-block-button is-style-outline is-style-outline--1\"><a class=\"wp-block-button__link has-text-color has-background\" href=\"https:\/\/antidotejeux.fr\/index.php\/demande-de-location\/#loc\" style=\"background-color:#ffc13b;color:#1e3d59\" target=\"_blank\" rel=\"noreferrer noopener\">Louer<\/a><\/div>\n<\/div>\n\n\n\n<div class=\"wp-block-image\"><figure class=\"aligncenter size-large\"><img loading=\"lazy\" decoding=\"async\" width=\"768\" height=\"512\" src=\"https:\/\/antidotejeux.fr\/wp-content\/uploads\/2020\/12\/camelot.jpg\" alt=\"\" class=\"wp-image-911\" srcset=\"https:\/\/antidotejeux.fr\/wp-content\/uploads\/2020\/12\/camelot.jpg 768w, https:\/\/antidotejeux.fr\/wp-content\/uploads\/2020\/12\/camelot-300x200.jpg 300w\" sizes=\"auto, (max-width: 768px) 100vw, 768px\" \/><\/figure><\/div>\n","protected":false},"excerpt":{"rendered":"<p>Camelot est un petit jeu de carte o\u00f9 vous allez devoir en d\u00e9coudre contre les autres chevaliers. A chaque tour, un tournoi d\u00e9bute et chaque joueur va tenter de l&#8217;emporter. A son tour un joueur pioche une carte, et peut<\/p>\n","protected":false},"author":1,"featured_media":0,"parent":267,"menu_order":0,"comment_status":"closed","ping_status":"closed","template":"","meta":{"footnotes":""},"class_list":["post-563","page","type-page","status-publish","hentry"],"_links":{"self":[{"href":"https:\/\/antidotejeux.fr\/index.php\/wp-json\/wp\/v2\/pages\/563","targetHints":{"allow":["GET"]}}],"collection":[{"href":"https:\/\/antidotejeux.fr\/index.php\/wp-json\/wp\/v2\/pages"}],"about":[{"href":"https:\/\/antidotejeux.fr\/index.php\/wp-json\/wp\/v2\/types\/page"}],"author":[{"embeddable":true,"href":"https:\/\/antidotejeux.fr\/index.php\/wp-json\/wp\/v2\/users\/1"}],"replies":[{"embeddable":true,"href":"https:\/\/antidotejeux.fr\/index.php\/wp-json\/wp\/v2\/comments?post=563"}],"version-history":[{"count":7,"href":"https:\/\/antidotejeux.fr\/index.php\/wp-json\/wp\/v2\/pages\/563\/revisions"}],"predecessor-version":[{"id":914,"href":"https:\/\/antidotejeux.fr\/index.php\/wp-json\/wp\/v2\/pages\/563\/revisions\/914"}],"up":[{"embeddable":true,"href":"https:\/\/antidotejeux.fr\/index.php\/wp-json\/wp\/v2\/pages\/267"}],"wp:attachment":[{"href":"https:\/\/antidotejeux.fr\/index.php\/wp-json\/wp\/v2\/media?parent=563"}],"curies":[{"name":"wp","href":"https:\/\/api.w.org\/{rel}","templated":true}]}}