{"id":7,"date":"2020-11-25T15:24:16","date_gmt":"2020-11-25T14:24:16","guid":{"rendered":"http:\/\/antidotejeux.fr\/?page_id=7"},"modified":"2024-10-30T10:35:51","modified_gmt":"2024-10-30T09:35:51","slug":"a-propos-de","status":"publish","type":"page","link":"https:\/\/antidotejeux.fr\/","title":{"rendered":"\u00c0 propos d&rsquo;Antidote"},"content":{"rendered":"\n<p class=\"has-text-color\" style=\"color:#1e3d59\">Passionn\u00e9e de jeux de soci\u00e9t\u00e9 et habitante de Lambesc, j&rsquo;ai envie de partager ma passion en louant mes jeux. Je propose des conseils pour trouver un jeu adapt\u00e9 \u00e0 vos envies. Il s&rsquo;agit principalement de jeux de soci\u00e9t\u00e9 pour adultes, la plupart peuvent \u00eatre jou\u00e9s d\u00e8s 10 ans. Je poss\u00e8de quelques jeux qui peuvent \u00eatre jou\u00e9s d\u00e8s 6 ans ou 8 ans.<\/p>\n\n\n\n<p class=\"has-text-color\" style=\"color:#1e3d59\">Le but n&rsquo;est pas de concurrencer la ludoth\u00e8que mais d&rsquo;apporter un service suppl\u00e9mentaire avec des jeux pour adultes et enfants \u00e0 partir de 10 ans. Allant tous les ans au festival du jeu de Cannes j&rsquo;aime me tenir au courant des nouveaux jeux et les tester et j&rsquo;esp\u00e8re donc vous proposer des jeux r\u00e9cents en plus de certains \u00ab\u00a0classiques\u00a0\u00bb.<\/p>\n\n\n\n<p class=\"has-text-color has-background\" style=\"color:#1e3d59;background-color:#f5f0e1\">Pourquoi Antidote ? Les jeux de soci\u00e9t\u00e9 sont un type d&rsquo;antidote; un antidote \u00e0 la morosit\u00e9 et \u00e0 l&rsquo;ennui.<\/p>\n","protected":false},"excerpt":{"rendered":"<p>Passionn\u00e9e de jeux de soci\u00e9t\u00e9 et habitante de Lambesc, j&rsquo;ai envie de partager ma passion en louant mes jeux. Je propose des conseils pour trouver un jeu adapt\u00e9 \u00e0 vos envies. Il s&rsquo;agit principalement de jeux de soci\u00e9t\u00e9 pour adultes,<\/p>\n","protected":false},"author":1,"featured_media":0,"parent":0,"menu_order":0,"comment_status":"closed","ping_status":"closed","template":"","meta":{"footnotes":""},"class_list":["post-7","page","type-page","status-publish","hentry"],"_links":{"self":[{"href":"https:\/\/antidotejeux.fr\/index.php\/wp-json\/wp\/v2\/pages\/7","targetHints":{"allow":["GET"]}}],"collection":[{"href":"https:\/\/antidotejeux.fr\/index.php\/wp-json\/wp\/v2\/pages"}],"about":[{"href":"https:\/\/antidotejeux.fr\/index.php\/wp-json\/wp\/v2\/types\/page"}],"author":[{"embeddable":true,"href":"https:\/\/antidotejeux.fr\/index.php\/wp-json\/wp\/v2\/users\/1"}],"replies":[{"embeddable":true,"href":"https:\/\/antidotejeux.fr\/index.php\/wp-json\/wp\/v2\/comments?post=7"}],"version-history":[{"count":10,"href":"https:\/\/antidotejeux.fr\/index.php\/wp-json\/wp\/v2\/pages\/7\/revisions"}],"predecessor-version":[{"id":1043,"href":"https:\/\/antidotejeux.fr\/index.php\/wp-json\/wp\/v2\/pages\/7\/revisions\/1043"}],"wp:attachment":[{"href":"https:\/\/antidotejeux.fr\/index.php\/wp-json\/wp\/v2\/media?parent=7"}],"curies":[{"name":"wp","href":"https:\/\/api.w.org\/{rel}","templated":true}]}}