{"id":83,"date":"2014-05-31T12:47:12","date_gmt":"2014-05-31T12:47:12","guid":{"rendered":"http:\/\/demo.themegrill.com\/accelerate\/?page_id=83"},"modified":"2021-01-18T15:22:54","modified_gmt":"2021-01-18T14:22:54","slug":"ambiance","status":"publish","type":"page","link":"https:\/\/antidotejeux.fr\/index.php\/ambiance\/","title":{"rendered":"Jeux d&rsquo;ambiance"},"content":{"rendered":"\n<p class=\"has-text-color\" style=\"color:#1e3d59\">Les jeux parfaits pour s&rsquo;amuser sans se prendre la t\u00eate! Cliquez sur les jeux pour en savoir plus, vous aurez \u00e9galement la possibilit\u00e9 de cliquer sur le bouton Louer afin de remplir un formulaire pour envoyer votre demande de location.<\/p>\n\n\n<p><\/p>\n\n\n<div class=\"wp-block-media-text alignwide is-stacked-on-mobile\"><figure class=\"wp-block-media-text__media\"><a href=\"https:\/\/antidotejeux.fr\/index.php\/ambiance\/contrario-edition-cinema\/#contrario\"><img loading=\"lazy\" decoding=\"async\" width=\"768\" height=\"512\" src=\"https:\/\/antidotejeux.fr\/wp-content\/uploads\/2020\/11\/contrario.jpg\" alt=\"\" class=\"wp-image-621\" srcset=\"https:\/\/antidotejeux.fr\/wp-content\/uploads\/2020\/11\/contrario.jpg 768w, https:\/\/antidotejeux.fr\/wp-content\/uploads\/2020\/11\/contrario-300x200.jpg 300w\" sizes=\"auto, (max-width: 768px) 100vw, 768px\" \/><\/a><\/figure><div class=\"wp-block-media-text__content\">\n<p class=\"has-text-color has-large-font-size\" style=\"color:#1e3d59\"><a href=\"https:\/\/antidotejeux.fr\/index.php\/ambiance\/contrario-edition-cinema\/#contrario\" target=\"_blank\" rel=\"noreferrer noopener\">Contrario (\u00e9dition cin\u00e9ma)<\/a><\/p>\n<\/div><\/div>\n\n\n\n<div class=\"wp-block-media-text alignwide is-stacked-on-mobile\"><figure class=\"wp-block-media-text__media\"><a href=\"https:\/\/antidotejeux.fr\/index.php\/ambiance\/salade-de-cafards\/#caf\"><img loading=\"lazy\" decoding=\"async\" width=\"768\" height=\"512\" src=\"https:\/\/antidotejeux.fr\/wp-content\/uploads\/2020\/11\/salade-de-cafards.jpg\" alt=\"\" class=\"wp-image-687\" srcset=\"https:\/\/antidotejeux.fr\/wp-content\/uploads\/2020\/11\/salade-de-cafards.jpg 768w, https:\/\/antidotejeux.fr\/wp-content\/uploads\/2020\/11\/salade-de-cafards-300x200.jpg 300w\" sizes=\"auto, (max-width: 768px) 100vw, 768px\" \/><\/a><\/figure><div class=\"wp-block-media-text__content\">\n<p class=\"has-text-color has-large-font-size\" style=\"color:#1e3d59\"><a href=\"https:\/\/antidotejeux.fr\/index.php\/ambiance\/salade-de-cafards\/#caf\" target=\"_blank\" rel=\"noreferrer noopener\">Salade de cafards<\/a><\/p>\n<\/div><\/div>\n\n\n\n<div class=\"wp-block-media-text alignwide is-stacked-on-mobile\"><figure class=\"wp-block-media-text__media\"><a href=\"https:\/\/antidotejeux.fr\/index.php\/ambiance\/bluff-party\/#bluff\"><img loading=\"lazy\" decoding=\"async\" width=\"768\" height=\"512\" src=\"https:\/\/antidotejeux.fr\/wp-content\/uploads\/2020\/12\/bluff-party.jpg\" alt=\"\" class=\"wp-image-830\" srcset=\"https:\/\/antidotejeux.fr\/wp-content\/uploads\/2020\/12\/bluff-party.jpg 768w, https:\/\/antidotejeux.fr\/wp-content\/uploads\/2020\/12\/bluff-party-300x200.jpg 300w\" sizes=\"auto, (max-width: 768px) 100vw, 768px\" \/><\/a><\/figure><div class=\"wp-block-media-text__content\">\n<p class=\"has-text-color has-large-font-size\" style=\"color:#1e3d59\"><a href=\"https:\/\/antidotejeux.fr\/index.php\/ambiance\/bluff-party\/#bluff\" target=\"_blank\" rel=\"noreferrer noopener\">Bluff party<\/a><\/p>\n<\/div><\/div>\n\n\n\n<div class=\"wp-block-media-text alignwide is-stacked-on-mobile\"><figure class=\"wp-block-media-text__media\"><a href=\"https:\/\/antidotejeux.fr\/index.php\/ambiance\/times-up-ou-times-up-academy\/#time\"><img loading=\"lazy\" decoding=\"async\" width=\"768\" height=\"512\" src=\"https:\/\/antidotejeux.fr\/wp-content\/uploads\/2020\/12\/times-up.jpg\" alt=\"\" class=\"wp-image-852\" srcset=\"https:\/\/antidotejeux.fr\/wp-content\/uploads\/2020\/12\/times-up.jpg 768w, https:\/\/antidotejeux.fr\/wp-content\/uploads\/2020\/12\/times-up-300x200.jpg 300w\" sizes=\"auto, (max-width: 768px) 100vw, 768px\" \/><\/a><\/figure><div class=\"wp-block-media-text__content\">\n<p class=\"has-text-color has-large-font-size\" style=\"color:#1e3d59\"><a href=\"https:\/\/antidotejeux.fr\/index.php\/ambiance\/times-up-ou-times-up-academy\/#time\" target=\"_blank\" rel=\"noreferrer noopener\">Time&rsquo;s up <\/a><\/p>\n\n\n\n<p class=\"has-text-color has-large-font-size\" style=\"color:#1e3d59\"><a href=\"https:\/\/antidotejeux.fr\/index.php\/ambiance\/times-up-ou-times-up-academy\/#time\">Time&rsquo;s up academy<\/a><\/p>\n<\/div><\/div>\n\n\n\n<div class=\"wp-block-media-text alignwide is-stacked-on-mobile\"><figure class=\"wp-block-media-text__media\"><img loading=\"lazy\" decoding=\"async\" width=\"768\" height=\"512\" src=\"https:\/\/antidotejeux.fr\/wp-content\/uploads\/2020\/12\/givemefive.jpg\" alt=\"\" class=\"wp-image-908\" srcset=\"https:\/\/antidotejeux.fr\/wp-content\/uploads\/2020\/12\/givemefive.jpg 768w, https:\/\/antidotejeux.fr\/wp-content\/uploads\/2020\/12\/givemefive-300x200.jpg 300w\" sizes=\"auto, (max-width: 768px) 100vw, 768px\" \/><\/figure><div class=\"wp-block-media-text__content\">\n<p class=\"has-text-color has-large-font-size\" style=\"color:#1e3d59\"><a href=\"https:\/\/antidotejeux.fr\/index.php\/ambiance\/give-me-five\/#give\" target=\"_blank\" rel=\"noreferrer noopener\">Give me five<\/a><\/p>\n<\/div><\/div>\n\n\n\n<div class=\"wp-block-media-text alignwide is-stacked-on-mobile\"><figure class=\"wp-block-media-text__media\"><img loading=\"lazy\" decoding=\"async\" width=\"768\" height=\"512\" src=\"https:\/\/antidotejeux.fr\/wp-content\/uploads\/2020\/12\/cranium.jpg\" alt=\"\" class=\"wp-image-907\" srcset=\"https:\/\/antidotejeux.fr\/wp-content\/uploads\/2020\/12\/cranium.jpg 768w, https:\/\/antidotejeux.fr\/wp-content\/uploads\/2020\/12\/cranium-300x200.jpg 300w\" sizes=\"auto, (max-width: 768px) 100vw, 768px\" \/><\/figure><div class=\"wp-block-media-text__content\">\n<p class=\"has-text-color has-large-font-size\" style=\"color:#1e3d59\"><a href=\"https:\/\/antidotejeux.fr\/index.php\/ambiance\/cranium\/#cranium\">Cranium<\/a><\/p>\n<\/div><\/div>\n\n\n\n<div class=\"wp-block-media-text alignwide is-stacked-on-mobile\"><figure class=\"wp-block-media-text__media\"><\/figure><div class=\"wp-block-media-text__content\">\n<p class=\"has-large-font-size\"><a href=\"https:\/\/antidotejeux.fr\/index.php\/ambiance\/les-colocs\/#colocs\" target=\"_blank\" rel=\"noreferrer noopener\">Les colocs<\/a><\/p>\n<\/div><\/div>\n\n\n\n<div class=\"wp-block-media-text alignwide is-stacked-on-mobile\"><figure class=\"wp-block-media-text__media\"><\/figure><div class=\"wp-block-media-text__content\">\n<p class=\"has-large-font-size\"><a href=\"https:\/\/antidotejeux.fr\/index.php\/esquisse\/#esquisse\">Esquiss\u00e9<\/a><\/p>\n<\/div><\/div>\n","protected":false},"excerpt":{"rendered":"<p>Les jeux parfaits pour s&rsquo;amuser sans se prendre la t\u00eate! Cliquez sur les jeux pour en savoir plus, vous aurez \u00e9galement la possibilit\u00e9 de cliquer sur le bouton Louer afin de remplir un formulaire pour envoyer votre demande de location.<\/p>\n","protected":false},"author":1,"featured_media":0,"parent":0,"menu_order":0,"comment_status":"closed","ping_status":"closed","template":"","meta":{"footnotes":""},"class_list":["post-83","page","type-page","status-publish","hentry"],"_links":{"self":[{"href":"https:\/\/antidotejeux.fr\/index.php\/wp-json\/wp\/v2\/pages\/83","targetHints":{"allow":["GET"]}}],"collection":[{"href":"https:\/\/antidotejeux.fr\/index.php\/wp-json\/wp\/v2\/pages"}],"about":[{"href":"https:\/\/antidotejeux.fr\/index.php\/wp-json\/wp\/v2\/types\/page"}],"author":[{"embeddable":true,"href":"https:\/\/antidotejeux.fr\/index.php\/wp-json\/wp\/v2\/users\/1"}],"replies":[{"embeddable":true,"href":"https:\/\/antidotejeux.fr\/index.php\/wp-json\/wp\/v2\/comments?post=83"}],"version-history":[{"count":18,"href":"https:\/\/antidotejeux.fr\/index.php\/wp-json\/wp\/v2\/pages\/83\/revisions"}],"predecessor-version":[{"id":1028,"href":"https:\/\/antidotejeux.fr\/index.php\/wp-json\/wp\/v2\/pages\/83\/revisions\/1028"}],"wp:attachment":[{"href":"https:\/\/antidotejeux.fr\/index.php\/wp-json\/wp\/v2\/media?parent=83"}],"curies":[{"name":"wp","href":"https:\/\/api.w.org\/{rel}","templated":true}]}}