{"id":854,"date":"2020-12-07T13:27:28","date_gmt":"2020-12-07T12:27:28","guid":{"rendered":"http:\/\/antidotejeux.fr\/?page_id=854"},"modified":"2020-12-07T13:33:20","modified_gmt":"2020-12-07T12:33:20","slug":"times-up-ou-times-up-academy","status":"publish","type":"page","link":"https:\/\/antidotejeux.fr\/index.php\/ambiance\/times-up-ou-times-up-academy\/","title":{"rendered":"Time&rsquo;s up ou Time&rsquo;s up academy"},"content":{"rendered":"\n<p class=\"has-text-color\" id=\"time\" style=\"color:#1e3d59\">Dans Time&rsquo;s up vous devez faire deviner des personnages \u00e0 votre \u00e9quipe. Au premier tour, vous avez le droit de parler librement pour faire deviner. Au second tour, vous faites deviner les m\u00eames personnages qu&rsquo;au premier tour mais vous n&rsquo;avez le droit qu&rsquo;\u00e0 un seul mot. Et au dernier tour il va falloir mimer!<br><\/p>\n\n\n\n<p class=\"has-text-color\" id=\"time\" style=\"color:#1e3d59\">Un des jeux stars de jeux d&rsquo;ambiance.!<\/p>\n\n\n\n<p class=\"has-text-color\" id=\"time\" style=\"color:#1e3d59\"><br>Dans Time&rsquo;s up academy il s&rsquo;agit de faire deviner des titres d&rsquo;\u00e9missions de t\u00e9l\u00e9visions et d\u2019\u0153uvres culturelles. <\/p>\n\n\n\n<figure class=\"wp-block-table\"><table class=\"has-subtle-light-gray-background-color has-background\"><tbody><tr><td>Age<\/td><td>A partir de 12 ans<\/td><\/tr><tr><td>Nombre de joueurs<\/td><td>A partir de 4 joueurs<\/td><\/tr><tr><td>Dur\u00e9e d&rsquo;une partie<\/td><td>45 minutes<\/td><\/tr><\/tbody><\/table><\/figure>\n\n\n\n<div class=\"wp-block-buttons is-layout-flex wp-block-buttons-is-layout-flex\">\n<div class=\"wp-block-button is-style-outline is-style-outline--1\"><a class=\"wp-block-button__link has-text-color has-background\" href=\"https:\/\/antidotejeux.fr\/index.php\/demande-de-location\/#loc\" style=\"background-color:#ffc13b;color:#1e3d59\" target=\"_blank\" rel=\"noreferrer noopener\">Louer<\/a><\/div>\n<\/div>\n\n\n\n<div class=\"wp-block-image\"><figure class=\"aligncenter size-large\"><img loading=\"lazy\" decoding=\"async\" width=\"768\" height=\"512\" src=\"https:\/\/antidotejeux.fr\/wp-content\/uploads\/2020\/12\/times-up.jpg\" alt=\"\" class=\"wp-image-852\" srcset=\"https:\/\/antidotejeux.fr\/wp-content\/uploads\/2020\/12\/times-up.jpg 768w, https:\/\/antidotejeux.fr\/wp-content\/uploads\/2020\/12\/times-up-300x200.jpg 300w\" sizes=\"auto, (max-width: 768px) 100vw, 768px\" \/><\/figure><\/div>\n","protected":false},"excerpt":{"rendered":"<p>Dans Time&rsquo;s up vous devez faire deviner des personnages \u00e0 votre \u00e9quipe. Au premier tour, vous avez le droit de parler librement pour faire deviner. Au second tour, vous faites deviner les m\u00eames personnages qu&rsquo;au premier tour mais vous n&rsquo;avez<\/p>\n","protected":false},"author":1,"featured_media":0,"parent":83,"menu_order":0,"comment_status":"closed","ping_status":"closed","template":"","meta":{"footnotes":""},"class_list":["post-854","page","type-page","status-publish","hentry"],"_links":{"self":[{"href":"https:\/\/antidotejeux.fr\/index.php\/wp-json\/wp\/v2\/pages\/854","targetHints":{"allow":["GET"]}}],"collection":[{"href":"https:\/\/antidotejeux.fr\/index.php\/wp-json\/wp\/v2\/pages"}],"about":[{"href":"https:\/\/antidotejeux.fr\/index.php\/wp-json\/wp\/v2\/types\/page"}],"author":[{"embeddable":true,"href":"https:\/\/antidotejeux.fr\/index.php\/wp-json\/wp\/v2\/users\/1"}],"replies":[{"embeddable":true,"href":"https:\/\/antidotejeux.fr\/index.php\/wp-json\/wp\/v2\/comments?post=854"}],"version-history":[{"count":6,"href":"https:\/\/antidotejeux.fr\/index.php\/wp-json\/wp\/v2\/pages\/854\/revisions"}],"predecessor-version":[{"id":860,"href":"https:\/\/antidotejeux.fr\/index.php\/wp-json\/wp\/v2\/pages\/854\/revisions\/860"}],"up":[{"embeddable":true,"href":"https:\/\/antidotejeux.fr\/index.php\/wp-json\/wp\/v2\/pages\/83"}],"wp:attachment":[{"href":"https:\/\/antidotejeux.fr\/index.php\/wp-json\/wp\/v2\/media?parent=854"}],"curies":[{"name":"wp","href":"https:\/\/api.w.org\/{rel}","templated":true}]}}