{"id":927,"date":"2020-12-07T19:15:31","date_gmt":"2020-12-07T18:15:31","guid":{"rendered":"http:\/\/antidotejeux.fr\/?page_id=927"},"modified":"2021-01-18T12:07:32","modified_gmt":"2021-01-18T11:07:32","slug":"mysterium","status":"publish","type":"page","link":"https:\/\/antidotejeux.fr\/index.php\/coop-escape-game\/mysterium\/","title":{"rendered":"Mysterium"},"content":{"rendered":"\n<p id=\"mysterium\">M. MacDowell, astrologue dou\u00e9, a d\u00e9tect\u00e9 la pr\u00e9sence d&rsquo;un \u00eatre surnaturel en entrant dans sa nouvelle maison en \u00c9cosse. C&rsquo;est un jeu de coop\u00e9ration dans lequel chaque joueur a un niveau d&rsquo;information diff\u00e9rent, qu&rsquo;il faudra mettre en commun pour contacter le fant\u00f4me et en savoir plus son son assassinat. <br><br>Un joueur joue le r\u00f4le du fant\u00f4me tandis que les autres sont les mediums.  A l&rsquo;aide de cartes que les mediums font devoir interpr\u00e9ter, il va falloir qu&rsquo;ils s\u00e9lectionnent des suspects, des lieux et des armes et se mettent d&rsquo;accord pour trouver les bons \u00e9l\u00e9ments<\/p>\n\n\n\n<p><\/p>\n\n\n\n<figure class=\"wp-block-table\"><table class=\"has-subtle-light-gray-background-color has-background\"><tbody><tr><td>Age<\/td><td>A partir de 10 ans<\/td><\/tr><tr><td>Nombre de joueurs<\/td><td>De 2 \u00e0 7 joueurs<\/td><\/tr><tr><td>Dur\u00e9e d&rsquo;une partie<\/td><td>30 minutes \u00e0 1heure<\/td><\/tr><\/tbody><\/table><\/figure>\n\n\n\n<div class=\"wp-block-buttons is-layout-flex wp-block-buttons-is-layout-flex\">\n<div class=\"wp-block-button is-style-outline is-style-outline--1\"><a class=\"wp-block-button__link has-text-color has-background\" href=\"\" style=\"background-color:#ffc13b;color:#1e3d59\" target=\"_blank\" rel=\"noreferrer noopener\">Louer<\/a><\/div>\n<\/div>\n","protected":false},"excerpt":{"rendered":"<p>M. MacDowell, astrologue dou\u00e9, a d\u00e9tect\u00e9 la pr\u00e9sence d&rsquo;un \u00eatre surnaturel en entrant dans sa nouvelle maison en \u00c9cosse. C&rsquo;est un jeu de coop\u00e9ration dans lequel chaque joueur a un niveau d&rsquo;information diff\u00e9rent, qu&rsquo;il faudra mettre en commun pour contacter<\/p>\n","protected":false},"author":1,"featured_media":0,"parent":89,"menu_order":0,"comment_status":"closed","ping_status":"closed","template":"","meta":{"footnotes":""},"class_list":["post-927","page","type-page","status-publish","hentry"],"_links":{"self":[{"href":"https:\/\/antidotejeux.fr\/index.php\/wp-json\/wp\/v2\/pages\/927","targetHints":{"allow":["GET"]}}],"collection":[{"href":"https:\/\/antidotejeux.fr\/index.php\/wp-json\/wp\/v2\/pages"}],"about":[{"href":"https:\/\/antidotejeux.fr\/index.php\/wp-json\/wp\/v2\/types\/page"}],"author":[{"embeddable":true,"href":"https:\/\/antidotejeux.fr\/index.php\/wp-json\/wp\/v2\/users\/1"}],"replies":[{"embeddable":true,"href":"https:\/\/antidotejeux.fr\/index.php\/wp-json\/wp\/v2\/comments?post=927"}],"version-history":[{"count":5,"href":"https:\/\/antidotejeux.fr\/index.php\/wp-json\/wp\/v2\/pages\/927\/revisions"}],"predecessor-version":[{"id":1010,"href":"https:\/\/antidotejeux.fr\/index.php\/wp-json\/wp\/v2\/pages\/927\/revisions\/1010"}],"up":[{"embeddable":true,"href":"https:\/\/antidotejeux.fr\/index.php\/wp-json\/wp\/v2\/pages\/89"}],"wp:attachment":[{"href":"https:\/\/antidotejeux.fr\/index.php\/wp-json\/wp\/v2\/media?parent=927"}],"curies":[{"name":"wp","href":"https:\/\/api.w.org\/{rel}","templated":true}]}}