{"id":929,"date":"2020-12-07T19:16:20","date_gmt":"2020-12-07T18:16:20","guid":{"rendered":"http:\/\/antidotejeux.fr\/?page_id=929"},"modified":"2020-12-10T18:39:05","modified_gmt":"2020-12-10T17:39:05","slug":"magic-maze","status":"publish","type":"page","link":"https:\/\/antidotejeux.fr\/index.php\/coop-escape-game\/magic-maze\/","title":{"rendered":"Magic Maze"},"content":{"rendered":"\n<p class=\"has-text-color\" id=\"maze\" style=\"color:#1e3d59\">Dans Magic Maze vous vous retrouv\u00e9s dans un centre commercial et devez voler des objets avant de sortir en \u00e9chappant aux vigiles. Un jeu de collaboration, mais&#8230;interdiction de parler! Vous pouvez regarder fixement un joueur ou placer devant lui le pion rouge pour lui signifier que vous pensez que c&rsquo;est \u00e0 lui d&rsquo;agir.<br>Vous avez 3 minutes pour r\u00e9aliser votre mission, mais si vous \u00eates malins vous pourrez augmenter cette dur\u00e9e gr\u00e2ce \u00e0 des cases sabliers. Si le sablier est \u00e9puis\u00e9 et que vous n&rsquo;avez pas tous r\u00e9ussi \u00e0 sortir, c&rsquo;est perdu! <br><br>Ce jeu familial est tr\u00e8s riche, car il y a plusieurs sc\u00e9narios (17 en tout et 7 niveaux diff\u00e9rents) qui vous garantissent des heures de jeu sans vous lasser<\/p>\n\n\n\n<p class=\"has-text-color\" style=\"color:#1e3d59\"><br><\/p>\n\n\n\n<figure class=\"wp-block-table\"><table class=\"has-subtle-light-gray-background-color has-background\"><tbody><tr><td>Age<\/td><td>A partir de 8 ans<\/td><\/tr><tr><td>Nombre de joueurs<\/td><td>De 1 \u00e0 8 joueurs<\/td><\/tr><tr><td>Dur\u00e9e d&rsquo;une partie<\/td><td>20 minutes<\/td><\/tr><\/tbody><\/table><\/figure>\n\n\n\n<div class=\"wp-block-buttons is-layout-flex wp-block-buttons-is-layout-flex\">\n<div class=\"wp-block-button is-style-outline is-style-outline--1\"><a class=\"wp-block-button__link has-text-color has-background\" href=\"https:\/\/antidotejeux.fr\/index.php\/demande-de-location\/#loc\" style=\"background-color:#ffc13b;color:#1e3d59\" target=\"_blank\" rel=\"noreferrer noopener\">Louer<\/a><\/div>\n<\/div>\n","protected":false},"excerpt":{"rendered":"<p>Dans Magic Maze vous vous retrouv\u00e9s dans un centre commercial et devez voler des objets avant de sortir en \u00e9chappant aux vigiles. Un jeu de collaboration, mais&#8230;interdiction de parler! Vous pouvez regarder fixement un joueur ou placer devant lui le<\/p>\n","protected":false},"author":1,"featured_media":0,"parent":89,"menu_order":0,"comment_status":"closed","ping_status":"closed","template":"","meta":{"footnotes":""},"class_list":["post-929","page","type-page","status-publish","hentry"],"_links":{"self":[{"href":"https:\/\/antidotejeux.fr\/index.php\/wp-json\/wp\/v2\/pages\/929","targetHints":{"allow":["GET"]}}],"collection":[{"href":"https:\/\/antidotejeux.fr\/index.php\/wp-json\/wp\/v2\/pages"}],"about":[{"href":"https:\/\/antidotejeux.fr\/index.php\/wp-json\/wp\/v2\/types\/page"}],"author":[{"embeddable":true,"href":"https:\/\/antidotejeux.fr\/index.php\/wp-json\/wp\/v2\/users\/1"}],"replies":[{"embeddable":true,"href":"https:\/\/antidotejeux.fr\/index.php\/wp-json\/wp\/v2\/comments?post=929"}],"version-history":[{"count":3,"href":"https:\/\/antidotejeux.fr\/index.php\/wp-json\/wp\/v2\/pages\/929\/revisions"}],"predecessor-version":[{"id":971,"href":"https:\/\/antidotejeux.fr\/index.php\/wp-json\/wp\/v2\/pages\/929\/revisions\/971"}],"up":[{"embeddable":true,"href":"https:\/\/antidotejeux.fr\/index.php\/wp-json\/wp\/v2\/pages\/89"}],"wp:attachment":[{"href":"https:\/\/antidotejeux.fr\/index.php\/wp-json\/wp\/v2\/media?parent=929"}],"curies":[{"name":"wp","href":"https:\/\/api.w.org\/{rel}","templated":true}]}}