{"id":933,"date":"2020-12-07T19:17:47","date_gmt":"2020-12-07T18:17:47","guid":{"rendered":"http:\/\/antidotejeux.fr\/?page_id=933"},"modified":"2020-12-13T10:56:19","modified_gmt":"2020-12-13T09:56:19","slug":"sherlock-holmes","status":"publish","type":"page","link":"https:\/\/antidotejeux.fr\/index.php\/coop-escape-game\/sherlock-holmes\/","title":{"rendered":"Sherlock Holmes"},"content":{"rendered":"\n<p class=\"has-text-color\" id=\"sherlock\" style=\"color:#1e3d59\">Sherlock Holmes et un jeu d&rsquo;enqu\u00eate dans lequel vous allez devoir interroger des suspects pour trouver le coupable. Vous avez un livret contenant des informations sur l&rsquo;enqu\u00eate, les t\u00e9moignages des personnages (\u00e0 lire au fur et \u00e0 mesure de votre progression), une carte de Londres et un annuaire.<\/p>\n\n\n\n<p class=\"has-text-color\" style=\"color:#1e3b59\">Vous devez choisir qui interroger et aller lire leur t\u00e9moignage dans le livret (vous aurez besoin de les localiser sur la carte pour les trouver dans le livret). Mais attention le but du jeu est de trouver le coupable en utilisant le moins de pistes possibles! Il ne s&rsquo;agit donc pas d&rsquo;aller interroger tout le monde.<br>En plus de trouver le coupable, d&rsquo;autres questions permettent de calculer vos points et savoir si vous avez vraiment r\u00e9solu toute l&rsquo;enqu\u00eate.<br>La boite contient plusieurs enqu\u00eates \u00e0 r\u00e9soudre.<\/p>\n\n\n\n<figure class=\"wp-block-table\"><table class=\"has-subtle-light-gray-background-color has-background\"><tbody><tr><td>Age<\/td><td>A partir de 12 ans<\/td><\/tr><tr><td>Nombre de joueurs<\/td><td>De 1 \u00e0 8 joueurs <\/td><\/tr><tr><td>Dur\u00e9e d&rsquo;une partie<\/td><td>De 1 \u00e0 2h<\/td><\/tr><\/tbody><\/table><\/figure>\n\n\n\n<div class=\"wp-block-buttons is-layout-flex wp-block-buttons-is-layout-flex\">\n<div class=\"wp-block-button is-style-outline is-style-outline--1\"><a class=\"wp-block-button__link has-background\" href=\"https:\/\/antidotejeux.fr\/index.php\/demande-de-location\/#loc\" style=\"background-color:#ffc13b\" target=\"_blank\" rel=\"noreferrer noopener\"><span style=\"color:#1e3b59\" class=\"has-inline-color\">Louer<\/span><\/a><\/div>\n<\/div>\n\n\n\n<p><\/p>\n","protected":false},"excerpt":{"rendered":"<p>Sherlock Holmes et un jeu d&rsquo;enqu\u00eate dans lequel vous allez devoir interroger des suspects pour trouver le coupable. Vous avez un livret contenant des informations sur l&rsquo;enqu\u00eate, les t\u00e9moignages des personnages (\u00e0 lire au fur et \u00e0 mesure de votre<\/p>\n","protected":false},"author":1,"featured_media":0,"parent":89,"menu_order":0,"comment_status":"closed","ping_status":"closed","template":"","meta":{"footnotes":""},"class_list":["post-933","page","type-page","status-publish","hentry"],"_links":{"self":[{"href":"https:\/\/antidotejeux.fr\/index.php\/wp-json\/wp\/v2\/pages\/933","targetHints":{"allow":["GET"]}}],"collection":[{"href":"https:\/\/antidotejeux.fr\/index.php\/wp-json\/wp\/v2\/pages"}],"about":[{"href":"https:\/\/antidotejeux.fr\/index.php\/wp-json\/wp\/v2\/types\/page"}],"author":[{"embeddable":true,"href":"https:\/\/antidotejeux.fr\/index.php\/wp-json\/wp\/v2\/users\/1"}],"replies":[{"embeddable":true,"href":"https:\/\/antidotejeux.fr\/index.php\/wp-json\/wp\/v2\/comments?post=933"}],"version-history":[{"count":6,"href":"https:\/\/antidotejeux.fr\/index.php\/wp-json\/wp\/v2\/pages\/933\/revisions"}],"predecessor-version":[{"id":983,"href":"https:\/\/antidotejeux.fr\/index.php\/wp-json\/wp\/v2\/pages\/933\/revisions\/983"}],"up":[{"embeddable":true,"href":"https:\/\/antidotejeux.fr\/index.php\/wp-json\/wp\/v2\/pages\/89"}],"wp:attachment":[{"href":"https:\/\/antidotejeux.fr\/index.php\/wp-json\/wp\/v2\/media?parent=933"}],"curies":[{"name":"wp","href":"https:\/\/api.w.org\/{rel}","templated":true}]}}