{"id":935,"date":"2020-12-07T19:18:39","date_gmt":"2020-12-07T18:18:39","guid":{"rendered":"http:\/\/antidotejeux.fr\/?page_id=935"},"modified":"2020-12-16T16:23:36","modified_gmt":"2020-12-16T15:23:36","slug":"meurtre-sur-le-nil-murder-party","status":"publish","type":"page","link":"https:\/\/antidotejeux.fr\/index.php\/ambiance\/meurtre-sur-le-nil-murder-party\/","title":{"rendered":"Meurtre sur le Nil (Murder Party)"},"content":{"rendered":"\n<p class=\"has-text-color\" id=\"meutre\" style=\"color:#1e3d59\">Meurtre sur le Nil est une murder party c&rsquo;est \u00e0 dire une sorte de jeu de r\u00f4le o\u00f9 vous allez jouer un personnage et devoir trouver qui est le coupable parmi vous (ou tenter d&rsquo;\u00e9viter d&rsquo;\u00eatre d\u00e9masqu\u00e9 si vous \u00eates l&rsquo;assasin). <br>Vous n&rsquo;avez jamais fait de Murder Party? C&rsquo;est tr\u00e8s simple, tout est expliqu\u00e9 dans les cartes et il vous suffit de les lire dans l&rsquo;ordre! <br><br><\/p>\n\n\n\n<!--more-->\n\n\n\n<p class=\"has-text-color\" id=\"meutre\" style=\"color:#1e3d59\">Les premi\u00e8res cartes vous expliquent comment organiser la partie (vous devez r\u00e9partir les personnages entre vos invit\u00e9s). Lors de l&rsquo;arriv\u00e9e de chaque invit\u00e9, vous lui distribuez la carte correspondant \u00e0 son personnage (une face de la carte lui sert \u00e0 pr\u00e9senter son personnage aux autres invit\u00e9s, l&rsquo;autre face lui r\u00e9v\u00e8le un secret qu&rsquo;il doit garder pour lui. \u00c9videmment l&rsquo;un des invit\u00e9s va \u00e0 cette occasion d&rsquo;apprendre qu&rsquo;il est le coupable et pourquoi). <br>Ensuite il y a 4 actes \u00e0 jouer (l\u00e0 aussi il suffit de lire les cartes dans l&rsquo;ordre) et chaque personne va avoir l&rsquo;occasion d&rsquo;en interroger une autre lors de ces actes.  Puis tout le monde pourra d\u00e9battre pour donner son opinion sur qui est le meurtrier. <\/p>\n\n\n\n<p class=\"has-text-color\" style=\"color:#1e3d59\">Un jeu qui permet de d\u00e9voiler ses talents d&rsquo;acteur (les costumes et d\u00e9guisements sont les bienvenus pour rajouter du piment \u00e0 la soir\u00e9e) et \/ ou de faire preuve de logique pour recouper les indices et t\u00e9moignages et trouver le coupable<\/p>\n\n\n\n<figure class=\"wp-block-table\"><table class=\"has-subtle-light-gray-background-color has-background\"><tbody><tr><td>Age<\/td><td>A partir de 14 ans<\/td><\/tr><tr><td>Nombre de joueurs<\/td><td>8<\/td><\/tr><tr><td>Dur\u00e9e d&rsquo;une partie<\/td><td>2 heures<\/td><\/tr><\/tbody><\/table><\/figure>\n\n\n\n<div class=\"wp-block-buttons is-layout-flex wp-block-buttons-is-layout-flex\">\n<div class=\"wp-block-button is-style-outline is-style-outline--1\"><a class=\"wp-block-button__link has-text-color has-background\" href=\"https:\/\/antidotejeux.fr\/index.php\/demande-de-location\/#loc\" style=\"background-color:#ffc13b;color:#1e3d59\" target=\"_blank\" rel=\"noreferrer noopener\">Louer<\/a><\/div>\n<\/div>\n","protected":false},"excerpt":{"rendered":"<p>Meurtre sur le Nil est une murder party c&rsquo;est \u00e0 dire une sorte de jeu de r\u00f4le o\u00f9 vous allez jouer un personnage et devoir trouver qui est le coupable parmi vous (ou tenter d&rsquo;\u00e9viter d&rsquo;\u00eatre d\u00e9masqu\u00e9 si vous \u00eates<\/p>\n","protected":false},"author":1,"featured_media":0,"parent":83,"menu_order":0,"comment_status":"closed","ping_status":"closed","template":"","meta":{"footnotes":""},"class_list":["post-935","page","type-page","status-publish","hentry"],"_links":{"self":[{"href":"https:\/\/antidotejeux.fr\/index.php\/wp-json\/wp\/v2\/pages\/935","targetHints":{"allow":["GET"]}}],"collection":[{"href":"https:\/\/antidotejeux.fr\/index.php\/wp-json\/wp\/v2\/pages"}],"about":[{"href":"https:\/\/antidotejeux.fr\/index.php\/wp-json\/wp\/v2\/types\/page"}],"author":[{"embeddable":true,"href":"https:\/\/antidotejeux.fr\/index.php\/wp-json\/wp\/v2\/users\/1"}],"replies":[{"embeddable":true,"href":"https:\/\/antidotejeux.fr\/index.php\/wp-json\/wp\/v2\/comments?post=935"}],"version-history":[{"count":2,"href":"https:\/\/antidotejeux.fr\/index.php\/wp-json\/wp\/v2\/pages\/935\/revisions"}],"predecessor-version":[{"id":999,"href":"https:\/\/antidotejeux.fr\/index.php\/wp-json\/wp\/v2\/pages\/935\/revisions\/999"}],"up":[{"embeddable":true,"href":"https:\/\/antidotejeux.fr\/index.php\/wp-json\/wp\/v2\/pages\/83"}],"wp:attachment":[{"href":"https:\/\/antidotejeux.fr\/index.php\/wp-json\/wp\/v2\/media?parent=935"}],"curies":[{"name":"wp","href":"https:\/\/api.w.org\/{rel}","templated":true}]}}