{"id":958,"date":"2020-12-07T19:38:35","date_gmt":"2020-12-07T18:38:35","guid":{"rendered":"http:\/\/antidotejeux.fr\/?page_id=958"},"modified":"2021-01-18T12:09:14","modified_gmt":"2021-01-18T11:09:14","slug":"garden-party","status":"publish","type":"page","link":"https:\/\/antidotejeux.fr\/index.php\/nice-support\/garden-party\/","title":{"rendered":"Garden Party"},"content":{"rendered":"\n<p id=\"garden\">Ce jeu sera propos\u00e9 tr\u00e8s prochainement \u00e0 la location<\/p>\n","protected":false},"excerpt":{"rendered":"<p>Ce jeu sera propos\u00e9 tr\u00e8s prochainement \u00e0 la location<\/p>\n","protected":false},"author":1,"featured_media":0,"parent":267,"menu_order":0,"comment_status":"closed","ping_status":"closed","template":"","meta":{"footnotes":""},"class_list":["post-958","page","type-page","status-publish","hentry"],"_links":{"self":[{"href":"https:\/\/antidotejeux.fr\/index.php\/wp-json\/wp\/v2\/pages\/958","targetHints":{"allow":["GET"]}}],"collection":[{"href":"https:\/\/antidotejeux.fr\/index.php\/wp-json\/wp\/v2\/pages"}],"about":[{"href":"https:\/\/antidotejeux.fr\/index.php\/wp-json\/wp\/v2\/types\/page"}],"author":[{"embeddable":true,"href":"https:\/\/antidotejeux.fr\/index.php\/wp-json\/wp\/v2\/users\/1"}],"replies":[{"embeddable":true,"href":"https:\/\/antidotejeux.fr\/index.php\/wp-json\/wp\/v2\/comments?post=958"}],"version-history":[{"count":2,"href":"https:\/\/antidotejeux.fr\/index.php\/wp-json\/wp\/v2\/pages\/958\/revisions"}],"predecessor-version":[{"id":1013,"href":"https:\/\/antidotejeux.fr\/index.php\/wp-json\/wp\/v2\/pages\/958\/revisions\/1013"}],"up":[{"embeddable":true,"href":"https:\/\/antidotejeux.fr\/index.php\/wp-json\/wp\/v2\/pages\/267"}],"wp:attachment":[{"href":"https:\/\/antidotejeux.fr\/index.php\/wp-json\/wp\/v2\/media?parent=958"}],"curies":[{"name":"wp","href":"https:\/\/api.w.org\/{rel}","templated":true}]}}