{"id":960,"date":"2020-12-07T19:39:20","date_gmt":"2020-12-07T18:39:20","guid":{"rendered":"http:\/\/antidotejeux.fr\/?page_id=960"},"modified":"2021-01-18T12:09:25","modified_gmt":"2021-01-18T11:09:25","slug":"munchkin","status":"publish","type":"page","link":"https:\/\/antidotejeux.fr\/index.php\/nice-support\/munchkin\/","title":{"rendered":"Munchkin"},"content":{"rendered":"\n<p class=\"has-text-color\" id=\"munchkin\" style=\"color:#1e3d59\">Dans Munchkin vous allez devoir explorer un donjon. Si vous ouvrez une porte et trouvez un monstre, vous allez devoir le combattre (si vous ne voyez pas de monstre, vous pouvez en chercher un car vous avez s\u00fbrement bien envie de vous battre). Vous pouvez si besoin demander de l&rsquo;aide \u00e0 un autre joueur (mais attention il va falloir n\u00e9gocier la part du tr\u00e9sor que vous allez lui laisser en \u00e9change de son aide).  Vous pouvez aussi piller la pi\u00e8ce \u00e0 la recherche d&rsquo;un tr\u00e9sor  ou m\u00eame fuir l\u00e2chement.<br><br>Ce jeu a \u00e9t\u00e9 r\u00e9compens\u00e9 (prix Origin du meilleu jeu en 2001) et est surtout r\u00e9put\u00e9 pour \u00eatre un des jeux les plus dr\u00f4les<\/p>\n\n\n\n<figure class=\"wp-block-table\"><table class=\"has-subtle-light-gray-background-color has-background\"><tbody><tr><td> Age<\/td><td>A partir de 12 ans<\/td><\/tr><tr><td>Nombre de joueurs<\/td><td>De 3 \u00e0 8 joueurs<\/td><\/tr><tr><td>Dur\u00e9e d&rsquo;une partie<\/td><td>1h<\/td><\/tr><\/tbody><\/table><\/figure>\n\n\n\n<div class=\"wp-block-buttons is-layout-flex wp-block-buttons-is-layout-flex\">\n<div class=\"wp-block-button is-style-outline is-style-outline--1\"><a class=\"wp-block-button__link has-text-color has-background\" href=\"antidotejeux.fr\/index.php\/demande-de-location\/#loc\" style=\"background-color:#ffc13b;color:#1e3d59\" target=\"_blank\" rel=\"noreferrer noopener\">Louer<\/a><\/div>\n<\/div>\n","protected":false},"excerpt":{"rendered":"<p>Dans Munchkin vous allez devoir explorer un donjon. Si vous ouvrez une porte et trouvez un monstre, vous allez devoir le combattre (si vous ne voyez pas de monstre, vous pouvez en chercher un car vous avez s\u00fbrement bien envie<\/p>\n","protected":false},"author":1,"featured_media":0,"parent":267,"menu_order":0,"comment_status":"closed","ping_status":"closed","template":"","meta":{"footnotes":""},"class_list":["post-960","page","type-page","status-publish","hentry"],"_links":{"self":[{"href":"https:\/\/antidotejeux.fr\/index.php\/wp-json\/wp\/v2\/pages\/960","targetHints":{"allow":["GET"]}}],"collection":[{"href":"https:\/\/antidotejeux.fr\/index.php\/wp-json\/wp\/v2\/pages"}],"about":[{"href":"https:\/\/antidotejeux.fr\/index.php\/wp-json\/wp\/v2\/types\/page"}],"author":[{"embeddable":true,"href":"https:\/\/antidotejeux.fr\/index.php\/wp-json\/wp\/v2\/users\/1"}],"replies":[{"embeddable":true,"href":"https:\/\/antidotejeux.fr\/index.php\/wp-json\/wp\/v2\/comments?post=960"}],"version-history":[{"count":3,"href":"https:\/\/antidotejeux.fr\/index.php\/wp-json\/wp\/v2\/pages\/960\/revisions"}],"predecessor-version":[{"id":1014,"href":"https:\/\/antidotejeux.fr\/index.php\/wp-json\/wp\/v2\/pages\/960\/revisions\/1014"}],"up":[{"embeddable":true,"href":"https:\/\/antidotejeux.fr\/index.php\/wp-json\/wp\/v2\/pages\/267"}],"wp:attachment":[{"href":"https:\/\/antidotejeux.fr\/index.php\/wp-json\/wp\/v2\/media?parent=960"}],"curies":[{"name":"wp","href":"https:\/\/api.w.org\/{rel}","templated":true}]}}